{"id":33637,"date":"2025-11-05T12:45:20","date_gmt":"2025-11-05T17:45:20","guid":{"rendered":"https:\/\/www.people20.com\/?page_id=33637"},"modified":"2026-04-20T17:14:44","modified_gmt":"2026-04-20T21:14:44","slug":"uk-to-us-expansion-webinar-recording","status":"publish","type":"page","link":"https:\/\/www.people20.com\/nl\/uk-to-us-expansion-webinar-recording\/","title":{"rendered":"Webinaropname van uitbreiding van VK naar VS"},"content":{"rendered":"\t\t<div data-elementor-type=\"wp-page\" data-elementor-id=\"33637\" class=\"elementor elementor-33637 elementor-33633\" data-elementor-post-type=\"page\">\n\t\t\t\t<div class=\"elementor-element elementor-element-2bafb96 e-flex e-con-boxed e-con e-parent\" data-id=\"2bafb96\" data-element_type=\"container\" data-e-type=\"container\" data-settings=\"{&quot;background_background&quot;:&quot;classic&quot;}\">\n\t\t\t\t\t<div class=\"e-con-inner\">\n\t\t\t\t<div class=\"elementor-element elementor-element-0bbbea8 elementor-widget elementor-widget-heading\" data-id=\"0bbbea8\" data-element_type=\"widget\" data-e-type=\"widget\" data-widget_type=\"heading.default\">\n\t\t\t\t<div class=\"elementor-widget-container\">\n\t\t\t\t\t<h1 class=\"elementor-heading-title elementor-size-default\">Uitbreiden naar Amerika: Wat Britse bureaus en bedrijven moeten weten<\/h1>\t\t\t\t<\/div>\n\t\t\t\t<\/div>\n\t\t\t\t<div class=\"elementor-element elementor-element-63ef356 elementor-widget elementor-widget-heading\" data-id=\"63ef356\" data-element_type=\"widget\" data-e-type=\"widget\" data-widget_type=\"heading.default\">\n\t\t\t\t<div class=\"elementor-widget-container\">\n\t\t\t\t\t<h2 class=\"elementor-heading-title elementor-size-default\">Opname webinar<\/h2>\t\t\t\t<\/div>\n\t\t\t\t<\/div>\n\t\t\t\t\t<\/div>\n\t\t\t\t<\/div>\n\t\t\t\t<section class=\"elementor-section elementor-top-section elementor-element elementor-element-3daee08 elementor-section-boxed elementor-section-height-default elementor-section-height-default\" data-id=\"3daee08\" data-element_type=\"section\" data-e-type=\"section\">\n\t\t\t\t\t\t<div class=\"elementor-container elementor-column-gap-default\">\n\t\t\t\t\t<div class=\"elementor-column elementor-col-100 elementor-top-column elementor-element elementor-element-e385900\" data-id=\"e385900\" data-element_type=\"column\" data-e-type=\"column\">\n\t\t\t<div class=\"elementor-widget-wrap elementor-element-populated\">\n\t\t\t\t\t\t<div class=\"elementor-element elementor-element-09ec924 elementor-widget elementor-widget-text-editor\" data-id=\"09ec924\" data-element_type=\"widget\" data-e-type=\"widget\" data-widget_type=\"text-editor.default\">\n\t\t\t\t<div class=\"elementor-widget-container\">\n\t\t\t\t\t\t\t\t\t<h4 class=\"wp-block-heading has-text-color has-link-color wp-elements-497ec52e2591d5e51a27cba2d8af3757\" role=\"heading\" aria-level=\"2\" data-uw-rm-heading=\"level\">Over het webinar<\/h4>\n<p>De VS is &#8217;s werelds grootste uitzendmarkt &#8211; een markt vol mogelijkheden, maar ook een van de meest complexe voor buitenlandse bureaus om te doorkruisen. Met 50 staten die elk hun eigen arbeidswetgeving hebben, federale en staatsbelastingvereisten en strikte regels voor de classificatie van werknemers, vereist uitbreiding naar Amerika zorgvuldige planning en deskundige begeleiding. <\/p>\n<p>Voor Britse wervingsbureaus is de uitdaging duidelijk: hoe kunt u profiteren van de Amerikaanse markt en tegelijkertijd de risico&#8217;s van niet-naleving en kostbare fouten vermijden?<\/p>\n<p>In deze \u00e9\u00e9n uur durende sessie delen People2.0 experts bruikbare inzichten, compliance strategie\u00ebn en echte klantvoorbeelden om je te helpen vol vertrouwen uit te breiden naar de VS.<\/p>\t\t\t\t\t\t\t\t<\/div>\n\t\t\t\t<\/div>\n\t\t\t\t\t<\/div>\n\t\t<\/div>\n\t\t\t\t\t<\/div>\n\t\t<\/section>\n\t\t<div class=\"elementor-element elementor-element-c1553bf e-flex e-con-boxed e-con e-parent\" data-id=\"c1553bf\" data-element_type=\"container\" data-e-type=\"container\">\n\t\t\t\t\t<div class=\"e-con-inner\">\n\t\t<div class=\"elementor-element elementor-element-f7b55a5 e-con-full e-flex e-con e-child\" data-id=\"f7b55a5\" data-element_type=\"container\" data-e-type=\"container\">\n\t\t\t\t<div class=\"elementor-element elementor-element-d744303 elementor-widget elementor-widget-html\" data-id=\"d744303\" data-element_type=\"widget\" data-e-type=\"widget\" data-widget_type=\"html.default\">\n\t\t\t\t<div class=\"elementor-widget-container\">\n\t\t\t\t\t<iframe src=\"https:\/\/players.brightcove.net\/5334057671001\/HJVGFChYe_default\/index.html?videoId=6384557543112\" allowfullscreen=\"\" allow=\"encrypted-media\" style=\"position: absolute; top: 0px; right: 0px; bottom: 0px; left: 0px; width: 100%; height: 325px;\"><\/iframe>\t\t\t\t<\/div>\n\t\t\t\t<\/div>\n\t\t\t\t<\/div>\n\t\t<div class=\"elementor-element elementor-element-f54cda1 e-con-full e-flex e-con e-child\" data-id=\"f54cda1\" data-element_type=\"container\" data-e-type=\"container\">\n\t\t\t\t<div class=\"elementor-element elementor-element-e70de51 elementor-widget elementor-widget-text-editor\" data-id=\"e70de51\" data-element_type=\"widget\" data-e-type=\"widget\" data-widget_type=\"text-editor.default\">\n\t\t\t\t<div class=\"elementor-widget-container\">\n\t\t\t\t\t\t\t\t\t<h4>Download je dia's:<\/h4><p><a href=\"https:\/\/global.people20.com\/hubfs\/UK%20to%20US%20Expansion%20Webinar%20Slides.pdf\">Britse bureaus breiden uit naar de VS Dia&#8217;s  <\/a><\/p>\t\t\t\t\t\t\t\t<\/div>\n\t\t\t\t<\/div>\n\t\t\t\t<\/div>\n\t\t\t\t\t<\/div>\n\t\t\t\t<\/div>\n\t\t<div class=\"elementor-element elementor-element-d3849ab e-flex e-con-boxed e-con e-parent\" data-id=\"d3849ab\" data-element_type=\"container\" data-e-type=\"container\">\n\t\t\t\t\t<div class=\"e-con-inner\">\n\t\t\t\t<div class=\"elementor-element elementor-element-ffb8cdd elementor-widget elementor-widget-heading\" data-id=\"ffb8cdd\" data-element_type=\"widget\" data-e-type=\"widget\" data-widget_type=\"heading.default\">\n\t\t\t\t<div class=\"elementor-widget-container\">\n\t\t\t\t\t<h2 class=\"elementor-heading-title elementor-size-default\">Bedankt voor het kijken!<\/h2>\t\t\t\t<\/div>\n\t\t\t\t<\/div>\n\t\t\t\t\t<\/div>\n\t\t\t\t<\/div>\n\t\t<div class=\"elementor-element elementor-element-15a5c4a e-flex e-con-boxed e-con e-parent\" data-id=\"15a5c4a\" data-element_type=\"container\" data-e-type=\"container\">\n\t\t\t\t\t<div class=\"e-con-inner\">\n\t\t\t\t<div class=\"elementor-element elementor-element-a7d55d7 elementor-widget elementor-widget-spacer\" data-id=\"a7d55d7\" data-element_type=\"widget\" data-e-type=\"widget\" data-widget_type=\"spacer.default\">\n\t\t\t\t<div class=\"elementor-widget-container\">\n\t\t\t\t\t\t\t<div class=\"elementor-spacer\">\n\t\t\t<div class=\"elementor-spacer-inner\"><\/div>\n\t\t<\/div>\n\t\t\t\t\t\t<\/div>\n\t\t\t\t<\/div>\n\t\t\t\t\t<\/div>\n\t\t\t\t<\/div>\n\t\t\t\t<\/div>\n\t\t","protected":false},"excerpt":{"rendered":"<p>Uitbreiden naar Amerika: Wat Britse bureaus en bedrijven moeten weten Opname webinar Over het webinar De VS is &#8217;s werelds grootste uitzendmarkt &#8211; een markt vol mogelijkheden, maar ook een van de meest complexe voor buitenlandse bureaus om te doorkruisen. Met 50 staten die elk hun eigen arbeidswetgeving hebben, federale en staatsbelastingvereisten en strikte regels [&hellip;]<\/p>\n","protected":false},"author":4,"featured_media":22152,"parent":0,"menu_order":0,"comment_status":"closed","ping_status":"closed","template":"","meta":{"_acf_changed":false,"content-type":"","footnotes":""},"class_list":["post-33637","page","type-page","status-publish","has-post-thumbnail","hentry"],"acf":[],"yoast_head":"<!-- This site is optimized with the Yoast SEO plugin v27.4 - https:\/\/yoast.com\/product\/yoast-seo-wordpress\/ -->\n<title>Webinaropname van uitbreiding van VK naar VS &#8211; People2.0 | Global<\/title>\n<meta name=\"robots\" content=\"index, follow, max-snippet:-1, max-image-preview:large, max-video-preview:-1\" \/>\n<link rel=\"canonical\" href=\"https:\/\/www.people20.com\/nl\/uk-to-us-expansion-webinar-recording\/\" \/>\n<meta property=\"og:locale\" content=\"nl_NL\" \/>\n<meta property=\"og:type\" content=\"article\" \/>\n<meta property=\"og:title\" content=\"Webinaropname van uitbreiding van VK naar VS &#8211; People2.0 | Global\" \/>\n<meta property=\"og:description\" content=\"Uitbreiden naar Amerika: Wat Britse bureaus en bedrijven moeten weten Opname webinar Over het webinar De VS is &#8217;s werelds grootste uitzendmarkt &#8211; een markt vol mogelijkheden, maar ook een van de meest complexe voor buitenlandse bureaus om te doorkruisen. Met 50 staten die elk hun eigen arbeidswetgeving hebben, federale en staatsbelastingvereisten en strikte regels [&hellip;]\" \/>\n<meta property=\"og:url\" content=\"https:\/\/www.people20.com\/nl\/uk-to-us-expansion-webinar-recording\/\" \/>\n<meta property=\"og:site_name\" content=\"People2.0 | Global\" \/>\n<meta property=\"article:modified_time\" content=\"2026-04-20T21:14:44+00:00\" \/>\n<meta property=\"og:image\" content=\"https:\/\/www.people20.com\/wp-content\/uploads\/2025\/09\/Rectangle-5934-2.png\" \/>\n\t<meta property=\"og:image:width\" content=\"873\" \/>\n\t<meta property=\"og:image:height\" content=\"473\" \/>\n\t<meta property=\"og:image:type\" content=\"image\/png\" \/>\n<meta name=\"twitter:card\" content=\"summary_large_image\" \/>\n<meta name=\"twitter:label1\" content=\"Geschatte leestijd\" \/>\n\t<meta name=\"twitter:data1\" content=\"1 minuut\" \/>\n<!-- \/ Yoast SEO plugin. -->","yoast_head_json":{"title":"Webinaropname van uitbreiding van VK naar VS &#8211; People2.0 | Global","robots":{"index":"index","follow":"follow","max-snippet":"max-snippet:-1","max-image-preview":"max-image-preview:large","max-video-preview":"max-video-preview:-1"},"canonical":"https:\/\/www.people20.com\/nl\/uk-to-us-expansion-webinar-recording\/","og_locale":"nl_NL","og_type":"article","og_title":"Webinaropname van uitbreiding van VK naar VS &#8211; People2.0 | Global","og_description":"Uitbreiden naar Amerika: Wat Britse bureaus en bedrijven moeten weten Opname webinar Over het webinar De VS is &#8217;s werelds grootste uitzendmarkt &#8211; een markt vol mogelijkheden, maar ook een van de meest complexe voor buitenlandse bureaus om te doorkruisen. Met 50 staten die elk hun eigen arbeidswetgeving hebben, federale en staatsbelastingvereisten en strikte regels [&hellip;]","og_url":"https:\/\/www.people20.com\/nl\/uk-to-us-expansion-webinar-recording\/","og_site_name":"People2.0 | Global","article_modified_time":"2026-04-20T21:14:44+00:00","og_image":[{"width":873,"height":473,"url":"https:\/\/www.people20.com\/wp-content\/uploads\/2025\/09\/Rectangle-5934-2.png","type":"image\/png"}],"twitter_card":"summary_large_image","twitter_misc":{"Geschatte leestijd":"1 minuut"},"schema":{"@context":"https:\/\/schema.org","@graph":[{"@type":"WebPage","@id":"https:\/\/www.people20.com\/nl\/uk-to-us-expansion-webinar-recording\/","url":"https:\/\/www.people20.com\/nl\/uk-to-us-expansion-webinar-recording\/","name":"Webinaropname van uitbreiding van VK naar VS &#8211; People2.0 | Global","isPartOf":{"@id":"https:\/\/www.people20.com\/nl\/#website"},"primaryImageOfPage":{"@id":"https:\/\/www.people20.com\/nl\/uk-to-us-expansion-webinar-recording\/#primaryimage"},"image":{"@id":"https:\/\/www.people20.com\/nl\/uk-to-us-expansion-webinar-recording\/#primaryimage"},"thumbnailUrl":"https:\/\/www.people20.com\/wp-content\/uploads\/2025\/09\/Rectangle-5934-2.png","datePublished":"2025-11-05T17:45:20+00:00","dateModified":"2026-04-20T21:14:44+00:00","breadcrumb":{"@id":"https:\/\/www.people20.com\/nl\/uk-to-us-expansion-webinar-recording\/#breadcrumb"},"inLanguage":"nl-NL","potentialAction":[{"@type":"ReadAction","target":["https:\/\/www.people20.com\/nl\/uk-to-us-expansion-webinar-recording\/"]}]},{"@type":"ImageObject","inLanguage":"nl-NL","@id":"https:\/\/www.people20.com\/nl\/uk-to-us-expansion-webinar-recording\/#primaryimage","url":"https:\/\/www.people20.com\/wp-content\/uploads\/2025\/09\/Rectangle-5934-2.png","contentUrl":"https:\/\/www.people20.com\/wp-content\/uploads\/2025\/09\/Rectangle-5934-2.png","width":873,"height":473},{"@type":"BreadcrumbList","@id":"https:\/\/www.people20.com\/nl\/uk-to-us-expansion-webinar-recording\/#breadcrumb","itemListElement":[{"@type":"ListItem","position":1,"name":"Home","item":"https:\/\/www.people20.com\/nl\/home\/"},{"@type":"ListItem","position":2,"name":"Webinaropname van uitbreiding van VK naar VS"}]},{"@type":"WebSite","@id":"https:\/\/www.people20.com\/nl\/#website","url":"https:\/\/www.people20.com\/nl\/","name":"People2.0 | Global","description":"Global employment, simplified.","publisher":{"@id":"https:\/\/www.people20.com\/nl\/#organization"},"potentialAction":[{"@type":"SearchAction","target":{"@type":"EntryPoint","urlTemplate":"https:\/\/www.people20.com\/nl\/?s={search_term_string}"},"query-input":{"@type":"PropertyValueSpecification","valueRequired":true,"valueName":"search_term_string"}}],"inLanguage":"nl-NL"},{"@type":"Organization","@id":"https:\/\/www.people20.com\/nl\/#organization","name":"People2.0 | Global","url":"https:\/\/www.people20.com\/nl\/","logo":{"@type":"ImageObject","inLanguage":"nl-NL","@id":"https:\/\/www.people20.com\/nl\/#\/schema\/logo\/image\/","url":"https:\/\/www.people20.com\/wp-content\/uploads\/2025\/05\/people20-logo.svg","contentUrl":"https:\/\/www.people20.com\/wp-content\/uploads\/2025\/05\/people20-logo.svg","caption":"People2.0 | Global"},"image":{"@id":"https:\/\/www.people20.com\/nl\/#\/schema\/logo\/image\/"}}]}},"_links":{"self":[{"href":"https:\/\/www.people20.com\/nl\/wp-json\/wp\/v2\/pages\/33637","targetHints":{"allow":["GET"]}}],"collection":[{"href":"https:\/\/www.people20.com\/nl\/wp-json\/wp\/v2\/pages"}],"about":[{"href":"https:\/\/www.people20.com\/nl\/wp-json\/wp\/v2\/types\/page"}],"author":[{"embeddable":true,"href":"https:\/\/www.people20.com\/nl\/wp-json\/wp\/v2\/users\/4"}],"replies":[{"embeddable":true,"href":"https:\/\/www.people20.com\/nl\/wp-json\/wp\/v2\/comments?post=33637"}],"version-history":[{"count":8,"href":"https:\/\/www.people20.com\/nl\/wp-json\/wp\/v2\/pages\/33637\/revisions"}],"predecessor-version":[{"id":40057,"href":"https:\/\/www.people20.com\/nl\/wp-json\/wp\/v2\/pages\/33637\/revisions\/40057"}],"wp:featuredmedia":[{"embeddable":true,"href":"https:\/\/www.people20.com\/nl\/wp-json\/wp\/v2\/media\/22152"}],"wp:attachment":[{"href":"https:\/\/www.people20.com\/nl\/wp-json\/wp\/v2\/media?parent=33637"}],"curies":[{"name":"wp","href":"https:\/\/api.w.org\/{rel}","templated":true}]}}