{"id":36164,"date":"2026-01-05T12:48:58","date_gmt":"2026-01-05T17:48:58","guid":{"rendered":"https:\/\/www.people20.com\/?page_id=36164"},"modified":"2026-02-27T11:28:13","modified_gmt":"2026-02-27T16:28:13","slug":"zero-fee-launch","status":"publish","type":"page","link":"https:\/\/www.people20.com\/fr-ca\/zero-fee-launch\/","title":{"rendered":"Lancement sans frais"},"content":{"rendered":"\t\t<div data-elementor-type=\"wp-page\" data-elementor-id=\"36164\" class=\"elementor elementor-36164 elementor-36161\" data-elementor-post-type=\"page\">\n\t\t\t\t<div class=\"elementor-element elementor-element-2bafb96 e-flex e-con-boxed e-con e-parent\" data-id=\"2bafb96\" data-element_type=\"container\" data-e-type=\"container\" data-settings=\"{&quot;background_background&quot;:&quot;classic&quot;}\">\n\t\t\t\t\t<div class=\"e-con-inner\">\n\t\t\t\t<div class=\"elementor-element elementor-element-63ef356 elementor-widget elementor-widget-heading\" data-id=\"63ef356\" data-element_type=\"widget\" data-e-type=\"widget\" data-widget_type=\"heading.default\">\n\t\t\t\t<div class=\"elementor-widget-container\">\n\t\t\t\t\t<h2 class=\"elementor-heading-title elementor-size-default\">Commencez votre programme avec People2.0 et ne payez aucun frais pendant jusqu\u2019\u00e0 quatre mois.  <\/h2>\t\t\t\t<\/div>\n\t\t\t\t<\/div>\n\t\t\t\t\t<\/div>\n\t\t\t\t<\/div>\n\t\t\t\t<section class=\"elementor-section elementor-top-section elementor-element elementor-element-3daee08 elementor-section-boxed elementor-section-height-default elementor-section-height-default\" data-id=\"3daee08\" data-element_type=\"section\" data-e-type=\"section\">\n\t\t\t\t\t\t<div class=\"elementor-container elementor-column-gap-default\">\n\t\t\t\t\t<div class=\"elementor-column elementor-col-50 elementor-top-column elementor-element elementor-element-e385900\" data-id=\"e385900\" data-element_type=\"column\" data-e-type=\"column\">\n\t\t\t<div class=\"elementor-widget-wrap elementor-element-populated\">\n\t\t\t\t\t\t<div class=\"elementor-element elementor-element-09ec924 elementor-widget elementor-widget-text-editor\" data-id=\"09ec924\" data-element_type=\"widget\" data-e-type=\"widget\" data-widget_type=\"text-editor.default\">\n\t\t\t\t<div class=\"elementor-widget-container\">\n\t\t\t\t\t\t\t\t\t<h4><span class=\"TextRun SCXW200340489 BCX0\" lang=\"EN-US\" style=\"color: #056892;\" xml:lang=\"EN-US\" data-contrast=\"none\"><span class=\"NormalTextRun SCXW200340489 BCX0\" data-ccp-parastyle=\"heading 2\">Gardez une plus grande partie de vos revenus initiaux<\/span><\/span><\/h4><p><span class=\"TextRun SCXW24964333 BCX0\" lang=\"EN-US\" xml:lang=\"EN-US\" data-contrast=\"none\"><span class=\"NormalTextRun ContextualSpellingAndGrammarErrorV2Themed SCXW24964333 BCX0\">Croissance<\/span><span class=\"NormalTextRun SCXW24964333 BCX0\">  Votre entreprise de main-d\u2019\u0153uvre temporaire signifie absorber les co\u00fbts initiaux avant de voir des retours. De nouveaux march\u00e9s, de nouveaux clients et de nouveaux placements viennent tous avec des frais qui r\u00e9duisent vos marges au moment o\u00f9 vous avez besoin d\u2019argent   <\/span><span class=\"NormalTextRun ContextualSpellingAndGrammarErrorV2Themed SCXW24964333 BCX0\">le plus de flow<\/span><span class=\"NormalTextRun SCXW24964333 BCX0\"> .<\/span><\/span><span class=\"EOP SCXW24964333 BCX0\" data-ccp-props=\"{\"201341983\":0,\"335559739\":120,\"335559740\":256}\"> <\/span><\/p><p><span class=\"TextRun SCXW9441583 BCX0\" lang=\"EN-US\" xml:lang=\"EN-US\" data-contrast=\"none\"><span class=\"NormalTextRun SCXW9441583 BCX0\">Pour une dur\u00e9e limit\u00e9e, People2.0 offre jusqu\u2019\u00e0 quatre mois de services EOR et AOR sans frais. Lancez votre programme, placez vos talents et prot\u00e9gez votre rentabilit\u00e9 d\u00e8s le premier jour. <\/span><\/span><span class=\"EOP SCXW9441583 BCX0\" data-ccp-props=\"{\"201341983\":0,\"335559739\":120,\"335559740\":256}\"> <\/span><\/p><h4><span class=\"TextRun SCXW253619599 BCX0\" lang=\"EN-US\" xml:lang=\"EN-US\" data-contrast=\"none\"><span class=\"NormalTextRun SCXW253619599 BCX0\" data-ccp-parastyle=\"heading 2\">Comment \u00e7a fonctionne<\/span><\/span><\/h4><ol><li><strong><span class=\"TextRun SCXW27003060 BCX0\" lang=\"EN-US\" data-contrast=\"none\"><span class=\"NormalTextRun SCXW27003060 BCX0\">Contactez notre \u00e9quipe<\/span><\/span><\/strong><span class=\"TextRun SCXW27003060 BCX0\" lang=\"EN-US\" data-contrast=\"none\"><span class=\"NormalTextRun SCXW27003060 BCX0\"> \u2013 Remplissez le formulaire et <\/span><span class=\"NormalTextRun SCXW27003060 BCX0\">nous vous contacterons<\/span><span class=\"NormalTextRun SCXW27003060 BCX0\"> pour discuter de vos objectifs.<\/span><\/span><span class=\"EOP SCXW27003060 BCX0\" data-ccp-props=\"{\"201341983\":0,\"335559739\":120,\"335559740\":256}\"> <\/span><\/li><li><strong><span class=\"TextRun SCXW102810949 BCX0\" lang=\"EN-US\" data-contrast=\"none\"><span class=\"NormalTextRun SCXW102810949 BCX0\">Mettez-vous en<\/span><\/span><\/strong><span class=\"TextRun SCXW102810949 BCX0\" lang=\"EN-US\" data-contrast=\"none\"><span class=\"NormalTextRun SCXW102810949 BCX0\"> marche \u2013 Nous nous occupons de l\u2019int\u00e9gration, de la conformit\u00e9 et de la mise en place de la paie afin que vous puissiez vous concentrer sur vos clients.<\/span><\/span><span class=\"EOP SCXW102810949 BCX0\" data-ccp-props=\"{\"201341983\":0,\"335559739\":120,\"335559740\":256}\"> <\/span><\/li><li><strong><span class=\"TextRun SCXW63050896 BCX0\" lang=\"EN-US\" data-contrast=\"none\"><span class=\"NormalTextRun SCXW63050896 BCX0\">Placez des talents sans frais<\/span><\/span><\/strong> <span class=\"TextRun SCXW63050896 BCX0\" lang=\"EN-US\" data-contrast=\"none\"><span class=\"NormalTextRun SCXW63050896 BCX0\"><strong>\u202f<\/strong>\u2013 <\/span><span class=\"NormalTextRun SCXW63050896 BCX0\">Une<\/span><span class=\"NormalTextRun SCXW63050896 BCX0\"> fois en direct, vous ne payez aucun frais pendant jusqu\u2019\u00e0 quatre mois.<\/span><\/span><span class=\"EOP SCXW63050896 BCX0\" data-ccp-props=\"{\"201341983\":0,\"335559739\":120,\"335559740\":256}\"> <\/span><\/li><\/ol>\t\t\t\t\t\t\t\t<\/div>\n\t\t\t\t<\/div>\n\t\t\t\t<div class=\"elementor-element elementor-element-69a79e4 elementor-widget-divider--view-line elementor-widget elementor-widget-divider\" data-id=\"69a79e4\" data-element_type=\"widget\" data-e-type=\"widget\" data-widget_type=\"divider.default\">\n\t\t\t\t<div class=\"elementor-widget-container\">\n\t\t\t\t\t\t\t<div class=\"elementor-divider\">\n\t\t\t<span class=\"elementor-divider-separator\">\n\t\t\t\t\t\t<\/span>\n\t\t<\/div>\n\t\t\t\t\t\t<\/div>\n\t\t\t\t<\/div>\n\t\t\t\t<div class=\"elementor-element elementor-element-6574be5 elementor-widget elementor-widget-text-editor\" data-id=\"6574be5\" data-element_type=\"widget\" data-e-type=\"widget\" data-widget_type=\"text-editor.default\">\n\t\t\t\t<div class=\"elementor-widget-container\">\n\t\t\t\t\t\t\t\t\t<h4 role=\"heading\" aria-level=\"1\" data-uw-rm-heading=\"level\">\u00c0 propos de People2.0<\/h4><p><span class=\"TextRun SCXW169759472 BCX0\" lang=\"EN-US\" xml:lang=\"EN-US\" data-contrast=\"none\" data-uw-rm-lang=\"false\"><span class=\"NormalTextRun SCXW169759472 BCX0\">People2.0 simplifie la complexit\u00e9 de l\u2019emploi mondial gr\u00e2ce \u00e0 une conformit\u00e9 experte et des solutions compl\u00e8tes pour la main-d\u2019\u0153uvre. En tant que fournisseur de premier plan de services EOR et AOR,   <\/span><span class=\"NormalTextRun SCXW169759472 BCX0\">Nous avons<\/span><span class=\"NormalTextRun SCXW169759472 BCX0\"> aid\u00e9 des fournisseurs de talents et des entreprises \u00e0 d\u00e9ployer des travailleurs dans 130+ pays tout en <\/span><span class=\"NormalTextRun SCXW169759472 BCX0\">maintenant<\/span><span class=\"NormalTextRun SCXW169759472 BCX0\"> z\u00e9ro mauvaise classification.<\/span><\/span><span class=\"EOP SCXW169759472 BCX0\" data-ccp-props=\"{\"201341983\":0,\"335559739\":120,\"335559740\":256}\"> <\/span><\/p><p>Notre approche experte garantit que chaque engagement respecte les exigences r\u00e9glementaires locales, vous permettant de vous concentrer sur la croissance pendant que nous g\u00e9rons les complexit\u00e9s administratives de la gestion internationale de la main-d\u2019\u0153uvre.<\/p>\t\t\t\t\t\t\t\t<\/div>\n\t\t\t\t<\/div>\n\t\t\t\t\t<\/div>\n\t\t<\/div>\n\t\t\t\t<div class=\"elementor-column elementor-col-50 elementor-top-column elementor-element elementor-element-5fcfe33\" data-id=\"5fcfe33\" data-element_type=\"column\" data-e-type=\"column\">\n\t\t\t<div class=\"elementor-widget-wrap elementor-element-populated\">\n\t\t\t\t\t\t<div class=\"elementor-element elementor-element-e087c2f elementor-widget elementor-widget-heading\" data-id=\"e087c2f\" data-element_type=\"widget\" data-e-type=\"widget\" data-widget_type=\"heading.default\">\n\t\t\t\t<div class=\"elementor-widget-container\">\n\t\t\t\t\t<h4 class=\"elementor-heading-title elementor-size-default\">Offre \u00e0 dur\u00e9e limit\u00e9e<\/h4>\t\t\t\t<\/div>\n\t\t\t\t<\/div>\n\t\t\t\t<div class=\"elementor-element elementor-element-9eb5fd4 elementor-widget elementor-widget-text-editor\" data-id=\"9eb5fd4\" data-element_type=\"widget\" data-e-type=\"widget\" data-widget_type=\"text-editor.default\">\n\t\t\t\t<div class=\"elementor-widget-container\">\n\t\t\t\t\t\t\t\t\t<p><span class=\"TextRun SCXW125043565 BCX0\" lang=\"EN-US\" xml:lang=\"EN-US\" data-contrast=\"none\"><span class=\"NormalTextRun SCXW125043565 BCX0\">Cette offre n\u2019est disponible que pour une dur\u00e9e limit\u00e9e. Plus t\u00f4t vous vous connectez avec notre \u00e9quipe, plus vite vous pourrez prendre le temps   <\/span><span class=\"NormalTextRun ContextualSpellingAndGrammarErrorV2Themed SCXW125043565 BCX0\">avantage<\/span><span class=\"NormalTextRun SCXW125043565 BCX0\">. <\/span> <\/span>Commencez d\u00e8s aujourd\u2019hui!<\/p>\t\t\t\t\t\t\t\t<\/div>\n\t\t\t\t<\/div>\n\t\t\t\t<div class=\"elementor-element elementor-element-1562440 elementor-widget__width-initial elementor-widget elementor-widget-hubspot-form\" data-id=\"1562440\" data-element_type=\"widget\" data-e-type=\"widget\" data-widget_type=\"hubspot-form.default\">\n\t\t\t\t<div class=\"elementor-widget-container\">\n\t\t\t\t\t\n\t\t\t<div\n\t\t\tclass=\"hs-form-frame\"\n\t\t\tdata-region=\"na1\"\n\t\t\tdata-form-id=\"1b445622-cc22-42b8-9903-39927e12ff6c\"\n\t\t\tdata-portal-id=\"8817031\"\n\t\t\t >\n\t\t\t<\/div>\n\t\t\t\t\t\t\t<\/div>\n\t\t\t\t<\/div>\n\t\t\t\t\t<\/div>\n\t\t<\/div>\n\t\t\t\t\t<\/div>\n\t\t<\/section>\n\t\t\t\t<\/div>\n\t\t","protected":false},"excerpt":{"rendered":"<p>Commencez votre programme avec People2.0 et ne payez aucun frais pendant jusqu\u2019\u00e0 quatre mois. Gardez une plus grande partie de vos revenus initiaux Croissance Votre entreprise de main-d\u2019\u0153uvre temporaire signifie absorber les co\u00fbts initiaux avant de voir des retours. De nouveaux march\u00e9s, de nouveaux clients et de nouveaux placements viennent tous avec des frais qui [&hellip;]<\/p>\n","protected":false},"author":3,"featured_media":36197,"parent":0,"menu_order":0,"comment_status":"closed","ping_status":"closed","template":"","meta":{"_acf_changed":false,"content-type":"","footnotes":""},"class_list":["post-36164","page","type-page","status-publish","has-post-thumbnail","hentry"],"acf":[],"yoast_head":"<!-- This site is optimized with the Yoast SEO plugin v27.3 - https:\/\/yoast.com\/product\/yoast-seo-wordpress\/ -->\n<title>Lancement sans frais &#8211; People2.0 | Global<\/title>\n<meta name=\"robots\" content=\"index, follow, max-snippet:-1, max-image-preview:large, max-video-preview:-1\" \/>\n<link rel=\"canonical\" href=\"https:\/\/www.people20.com\/fr-ca\/zero-fee-launch\/\" \/>\n<meta property=\"og:locale\" content=\"fr_CA\" \/>\n<meta property=\"og:type\" content=\"article\" \/>\n<meta property=\"og:title\" content=\"Lancement sans frais &#8211; People2.0 | Global\" \/>\n<meta property=\"og:description\" content=\"Commencez votre programme avec People2.0 et ne payez aucun frais pendant jusqu\u2019\u00e0 quatre mois. Gardez une plus grande partie de vos revenus initiaux Croissance Votre entreprise de main-d\u2019\u0153uvre temporaire signifie absorber les co\u00fbts initiaux avant de voir des retours. De nouveaux march\u00e9s, de nouveaux clients et de nouveaux placements viennent tous avec des frais qui [&hellip;]\" \/>\n<meta property=\"og:url\" content=\"https:\/\/www.people20.com\/fr-ca\/zero-fee-launch\/\" \/>\n<meta property=\"og:site_name\" content=\"People2.0 | Global\" \/>\n<meta property=\"article:modified_time\" content=\"2026-02-27T16:28:13+00:00\" \/>\n<meta property=\"og:image\" content=\"https:\/\/www.people20.com\/wp-content\/uploads\/2026\/01\/GLOB_PALL_FeeHoliday_LP_20260105.jpg\" \/>\n\t<meta property=\"og:image:width\" content=\"2205\" \/>\n\t<meta property=\"og:image:height\" content=\"2088\" \/>\n\t<meta property=\"og:image:type\" content=\"image\/jpeg\" \/>\n<meta name=\"twitter:card\" content=\"summary_large_image\" \/>\n<meta name=\"twitter:label1\" content=\"Temps estim\u00e9 \u00e0 la lecture \" \/>\n\t<meta name=\"twitter:data1\" content=\"2 minute\" \/>\n<!-- \/ Yoast SEO plugin. -->","yoast_head_json":{"title":"Lancement sans frais &#8211; People2.0 | Global","robots":{"index":"index","follow":"follow","max-snippet":"max-snippet:-1","max-image-preview":"max-image-preview:large","max-video-preview":"max-video-preview:-1"},"canonical":"https:\/\/www.people20.com\/fr-ca\/zero-fee-launch\/","og_locale":"fr_CA","og_type":"article","og_title":"Lancement sans frais &#8211; People2.0 | Global","og_description":"Commencez votre programme avec People2.0 et ne payez aucun frais pendant jusqu\u2019\u00e0 quatre mois. Gardez une plus grande partie de vos revenus initiaux Croissance Votre entreprise de main-d\u2019\u0153uvre temporaire signifie absorber les co\u00fbts initiaux avant de voir des retours. De nouveaux march\u00e9s, de nouveaux clients et de nouveaux placements viennent tous avec des frais qui [&hellip;]","og_url":"https:\/\/www.people20.com\/fr-ca\/zero-fee-launch\/","og_site_name":"People2.0 | Global","article_modified_time":"2026-02-27T16:28:13+00:00","og_image":[{"width":2205,"height":2088,"url":"https:\/\/www.people20.com\/wp-content\/uploads\/2026\/01\/GLOB_PALL_FeeHoliday_LP_20260105.jpg","type":"image\/jpeg"}],"twitter_card":"summary_large_image","twitter_misc":{"Temps estim\u00e9 \u00e0 la lecture ":"2 minute"},"schema":{"@context":"https:\/\/schema.org","@graph":[{"@type":"WebPage","@id":"https:\/\/www.people20.com\/fr-ca\/zero-fee-launch\/","url":"https:\/\/www.people20.com\/fr-ca\/zero-fee-launch\/","name":"Lancement sans frais &#8211; People2.0 | Global","isPartOf":{"@id":"https:\/\/www.people20.com\/fr-ca\/#website"},"primaryImageOfPage":{"@id":"https:\/\/www.people20.com\/fr-ca\/zero-fee-launch\/#primaryimage"},"image":{"@id":"https:\/\/www.people20.com\/fr-ca\/zero-fee-launch\/#primaryimage"},"thumbnailUrl":"https:\/\/www.people20.com\/wp-content\/uploads\/2026\/01\/GLOB_PALL_FeeHoliday_LP_20260105.jpg","datePublished":"2026-01-05T17:48:58+00:00","dateModified":"2026-02-27T16:28:13+00:00","breadcrumb":{"@id":"https:\/\/www.people20.com\/fr-ca\/zero-fee-launch\/#breadcrumb"},"inLanguage":"fr-CA","potentialAction":[{"@type":"ReadAction","target":["https:\/\/www.people20.com\/fr-ca\/zero-fee-launch\/"]}]},{"@type":"ImageObject","inLanguage":"fr-CA","@id":"https:\/\/www.people20.com\/fr-ca\/zero-fee-launch\/#primaryimage","url":"https:\/\/www.people20.com\/wp-content\/uploads\/2026\/01\/GLOB_PALL_FeeHoliday_LP_20260105.jpg","contentUrl":"https:\/\/www.people20.com\/wp-content\/uploads\/2026\/01\/GLOB_PALL_FeeHoliday_LP_20260105.jpg","width":2205,"height":2088},{"@type":"BreadcrumbList","@id":"https:\/\/www.people20.com\/fr-ca\/zero-fee-launch\/#breadcrumb","itemListElement":[{"@type":"ListItem","position":1,"name":"Home","item":"https:\/\/www.people20.com\/fr-ca\/home\/"},{"@type":"ListItem","position":2,"name":"Lancement sans frais"}]},{"@type":"WebSite","@id":"https:\/\/www.people20.com\/fr-ca\/#website","url":"https:\/\/www.people20.com\/fr-ca\/","name":"People2.0 | Global","description":"Global employment, simplified.","publisher":{"@id":"https:\/\/www.people20.com\/fr-ca\/#organization"},"potentialAction":[{"@type":"SearchAction","target":{"@type":"EntryPoint","urlTemplate":"https:\/\/www.people20.com\/fr-ca\/?s={search_term_string}"},"query-input":{"@type":"PropertyValueSpecification","valueRequired":true,"valueName":"search_term_string"}}],"inLanguage":"fr-CA"},{"@type":"Organization","@id":"https:\/\/www.people20.com\/fr-ca\/#organization","name":"People2.0 | Global","url":"https:\/\/www.people20.com\/fr-ca\/","logo":{"@type":"ImageObject","inLanguage":"fr-CA","@id":"https:\/\/www.people20.com\/fr-ca\/#\/schema\/logo\/image\/","url":"https:\/\/www.people20.com\/wp-content\/uploads\/2025\/05\/people20-logo.svg","contentUrl":"https:\/\/www.people20.com\/wp-content\/uploads\/2025\/05\/people20-logo.svg","caption":"People2.0 | Global"},"image":{"@id":"https:\/\/www.people20.com\/fr-ca\/#\/schema\/logo\/image\/"}}]}},"_links":{"self":[{"href":"https:\/\/www.people20.com\/fr-ca\/wp-json\/wp\/v2\/pages\/36164","targetHints":{"allow":["GET"]}}],"collection":[{"href":"https:\/\/www.people20.com\/fr-ca\/wp-json\/wp\/v2\/pages"}],"about":[{"href":"https:\/\/www.people20.com\/fr-ca\/wp-json\/wp\/v2\/types\/page"}],"author":[{"embeddable":true,"href":"https:\/\/www.people20.com\/fr-ca\/wp-json\/wp\/v2\/users\/3"}],"replies":[{"embeddable":true,"href":"https:\/\/www.people20.com\/fr-ca\/wp-json\/wp\/v2\/comments?post=36164"}],"version-history":[{"count":14,"href":"https:\/\/www.people20.com\/fr-ca\/wp-json\/wp\/v2\/pages\/36164\/revisions"}],"predecessor-version":[{"id":36263,"href":"https:\/\/www.people20.com\/fr-ca\/wp-json\/wp\/v2\/pages\/36164\/revisions\/36263"}],"wp:featuredmedia":[{"embeddable":true,"href":"https:\/\/www.people20.com\/fr-ca\/wp-json\/wp\/v2\/media\/36197"}],"wp:attachment":[{"href":"https:\/\/www.people20.com\/fr-ca\/wp-json\/wp\/v2\/media?parent=36164"}],"curies":[{"name":"wp","href":"https:\/\/api.w.org\/{rel}","templated":true}]}}