{"id":33636,"date":"2025-11-05T12:45:20","date_gmt":"2025-11-05T17:45:20","guid":{"rendered":"https:\/\/www.people20.com\/?page_id=33636"},"modified":"2025-11-05T13:37:29","modified_gmt":"2025-11-05T18:37:29","slug":"uk-to-us-expansion-webinar-recording","status":"publish","type":"page","link":"https:\/\/www.people20.com\/fr-ca\/uk-to-us-expansion-webinar-recording\/","title":{"rendered":"Enregistrement du webinaire d\u2019expansion du Royaume-Uni vers les \u00c9tats-Unis"},"content":{"rendered":"\t\t<div data-elementor-type=\"wp-page\" data-elementor-id=\"33636\" class=\"elementor elementor-33636 elementor-33633\" data-elementor-post-type=\"page\">\n\t\t\t\t<div class=\"elementor-element elementor-element-2bafb96 e-flex e-con-boxed e-con e-parent\" data-id=\"2bafb96\" data-element_type=\"container\" data-e-type=\"container\" data-settings=\"{&quot;background_background&quot;:&quot;classic&quot;}\">\n\t\t\t\t\t<div class=\"e-con-inner\">\n\t\t\t\t<div class=\"elementor-element elementor-element-0bbbea8 elementor-widget elementor-widget-heading\" data-id=\"0bbbea8\" data-element_type=\"widget\" data-e-type=\"widget\" data-widget_type=\"heading.default\">\n\t\t\t\t<div class=\"elementor-widget-container\">\n\t\t\t\t\t<h1 class=\"elementor-heading-title elementor-size-default\">Expansion en Am\u00e9rique : Ce que les agences et entreprises britanniques doivent savoir<\/h1>\t\t\t\t<\/div>\n\t\t\t\t<\/div>\n\t\t\t\t<div class=\"elementor-element elementor-element-63ef356 elementor-widget elementor-widget-heading\" data-id=\"63ef356\" data-element_type=\"widget\" data-e-type=\"widget\" data-widget_type=\"heading.default\">\n\t\t\t\t<div class=\"elementor-widget-container\">\n\t\t\t\t\t<h2 class=\"elementor-heading-title elementor-size-default\">Enregistrement du webinaire<\/h2>\t\t\t\t<\/div>\n\t\t\t\t<\/div>\n\t\t\t\t\t<\/div>\n\t\t\t\t<\/div>\n\t\t\t\t<section class=\"elementor-section elementor-top-section elementor-element elementor-element-3daee08 elementor-section-boxed elementor-section-height-default elementor-section-height-default\" data-id=\"3daee08\" data-element_type=\"section\" data-e-type=\"section\">\n\t\t\t\t\t\t<div class=\"elementor-container elementor-column-gap-default\">\n\t\t\t\t\t<div class=\"elementor-column elementor-col-100 elementor-top-column elementor-element elementor-element-e385900\" data-id=\"e385900\" data-element_type=\"column\" data-e-type=\"column\">\n\t\t\t<div class=\"elementor-widget-wrap elementor-element-populated\">\n\t\t\t\t\t\t<div class=\"elementor-element elementor-element-09ec924 elementor-widget elementor-widget-text-editor\" data-id=\"09ec924\" data-element_type=\"widget\" data-e-type=\"widget\" data-widget_type=\"text-editor.default\">\n\t\t\t\t<div class=\"elementor-widget-container\">\n\t\t\t\t\t\t\t\t\t<h4 class=\"wp-block-heading has-text-color has-link-color wp-elements-497ec52e2591d5e51a27cba2d8af3757\" role=\"heading\" aria-level=\"2\" data-uw-rm-heading=\"level\">\u00c0 propos du webinaire<\/h4>\n<p>Les \u00c9tats-Unis sont le plus grand march\u00e9 mondial du recrutement \u2014 plein d\u2019opportunit\u00e9s, mais aussi l\u2019un des plus complexes \u00e0 g\u00e9rer pour les agences \u00e9trang\u00e8res. Avec 50 \u00c9tats ayant chacun leurs propres lois du travail, des exigences fiscales f\u00e9d\u00e9rales et provinciales, ainsi que des r\u00e8gles strictes de classification des travailleurs, s\u2019\u00e9tendre aux \u00c9tats-Unis n\u00e9cessite une planification minutieuse et des conseils d\u2019experts. <\/p>\n<p>Pour les agences de recrutement britanniques, le d\u00e9fi est clair : comment tirer parti du march\u00e9 am\u00e9ricain tout en \u00e9vitant les risques de non-conformit\u00e9 et d\u2019erreurs co\u00fbteuses?<\/p>\n<p>Lors de cette session d\u2019une heure, les experts de People2.0 partageront des analyses concr\u00e8tes, des strat\u00e9gies de conformit\u00e9 et des exemples concrets de clients pour vous aider \u00e0 vous \u00e9tendre en toute confiance aux \u00c9tats-Unis.<\/p>\t\t\t\t\t\t\t\t<\/div>\n\t\t\t\t<\/div>\n\t\t\t\t\t<\/div>\n\t\t<\/div>\n\t\t\t\t\t<\/div>\n\t\t<\/section>\n\t\t<div class=\"elementor-element elementor-element-c1553bf e-flex e-con-boxed e-con e-parent\" data-id=\"c1553bf\" data-element_type=\"container\" data-e-type=\"container\">\n\t\t\t\t\t<div class=\"e-con-inner\">\n\t\t<div class=\"elementor-element elementor-element-f986f92 e-con-full e-flex e-con e-child\" data-id=\"f986f92\" data-element_type=\"container\" data-e-type=\"container\">\n\t\t\t\t<div class=\"elementor-element elementor-element-d744303 elementor-widget elementor-widget-html\" data-id=\"d744303\" data-element_type=\"widget\" data-e-type=\"widget\" data-widget_type=\"html.default\">\n\t\t\t\t<div class=\"elementor-widget-container\">\n\t\t\t\t\t<div style=\"position: relative; display: block; max-width: 600px;\">\r\n  <div style=\"padding-top: 50%;\">\r\n    <iframe src=\"https:\/\/players.brightcove.net\/5334057671001\/HJVGFChYe_default\/index.html?videoId=6384557543112\" allowfullscreen=\"\" allow=\"encrypted-media\" style=\"position: absolute; top: 0px; right: 0px; bottom: 0px; left: 0px; width: 100%; height: 100%;\"><\/iframe>\r\n  <\/div>\r\n<\/div>\t\t\t\t<\/div>\n\t\t\t\t<\/div>\n\t\t\t\t<\/div>\n\t\t<div class=\"elementor-element elementor-element-89be896 e-con-full e-flex e-con e-child\" data-id=\"89be896\" data-element_type=\"container\" data-e-type=\"container\">\n\t\t\t\t<div class=\"elementor-element elementor-element-e70de51 elementor-widget elementor-widget-text-editor\" data-id=\"e70de51\" data-element_type=\"widget\" data-e-type=\"widget\" data-widget_type=\"text-editor.default\">\n\t\t\t\t<div class=\"elementor-widget-container\">\n\t\t\t\t\t\t\t\t\t<h4>T\u00e9l\u00e9chargez vos diapositives :<\/h4><p><a href=\"https:\/\/global.people20.com\/hubfs\/UK%20to%20US%20Expansion%20Webinar%20Slides.pdf\">Expansion des agences britanniques aux \u00c9tats-Unis Slides  <\/a><\/p>\t\t\t\t\t\t\t\t<\/div>\n\t\t\t\t<\/div>\n\t\t\t\t<\/div>\n\t\t\t\t\t<\/div>\n\t\t\t\t<\/div>\n\t\t<div class=\"elementor-element elementor-element-11faaa3 e-flex e-con-boxed e-con e-parent\" data-id=\"11faaa3\" data-element_type=\"container\" data-e-type=\"container\">\n\t\t\t\t\t<div class=\"e-con-inner\">\n\t\t\t\t<div class=\"elementor-element elementor-element-63c503a elementor-widget elementor-widget-spacer\" data-id=\"63c503a\" data-element_type=\"widget\" data-e-type=\"widget\" data-widget_type=\"spacer.default\">\n\t\t\t\t<div class=\"elementor-widget-container\">\n\t\t\t\t\t\t\t<div class=\"elementor-spacer\">\n\t\t\t<div class=\"elementor-spacer-inner\"><\/div>\n\t\t<\/div>\n\t\t\t\t\t\t<\/div>\n\t\t\t\t<\/div>\n\t\t\t\t\t<\/div>\n\t\t\t\t<\/div>\n\t\t<div class=\"elementor-element elementor-element-d3849ab e-flex e-con-boxed e-con e-parent\" data-id=\"d3849ab\" data-element_type=\"container\" data-e-type=\"container\">\n\t\t\t\t\t<div class=\"e-con-inner\">\n\t\t\t\t<div class=\"elementor-element elementor-element-ffb8cdd elementor-widget elementor-widget-heading\" data-id=\"ffb8cdd\" data-element_type=\"widget\" data-e-type=\"widget\" data-widget_type=\"heading.default\">\n\t\t\t\t<div class=\"elementor-widget-container\">\n\t\t\t\t\t<h2 class=\"elementor-heading-title elementor-size-default\">Merci d\u2019avoir regard\u00e9!<\/h2>\t\t\t\t<\/div>\n\t\t\t\t<\/div>\n\t\t\t\t\t<\/div>\n\t\t\t\t<\/div>\n\t\t<div class=\"elementor-element elementor-element-15a5c4a e-flex e-con-boxed e-con e-parent\" data-id=\"15a5c4a\" data-element_type=\"container\" data-e-type=\"container\">\n\t\t\t\t\t<div class=\"e-con-inner\">\n\t\t\t\t<div class=\"elementor-element elementor-element-a7d55d7 elementor-widget elementor-widget-spacer\" data-id=\"a7d55d7\" data-element_type=\"widget\" data-e-type=\"widget\" data-widget_type=\"spacer.default\">\n\t\t\t\t<div class=\"elementor-widget-container\">\n\t\t\t\t\t\t\t<div class=\"elementor-spacer\">\n\t\t\t<div class=\"elementor-spacer-inner\"><\/div>\n\t\t<\/div>\n\t\t\t\t\t\t<\/div>\n\t\t\t\t<\/div>\n\t\t\t\t\t<\/div>\n\t\t\t\t<\/div>\n\t\t\t\t<\/div>\n\t\t","protected":false},"excerpt":{"rendered":"<p>Expansion en Am\u00e9rique : Ce que les agences et entreprises britanniques doivent savoir Enregistrement du webinaire \u00c0 propos du webinaire Les \u00c9tats-Unis sont le plus grand march\u00e9 mondial du recrutement \u2014 plein d\u2019opportunit\u00e9s, mais aussi l\u2019un des plus complexes \u00e0 g\u00e9rer pour les agences \u00e9trang\u00e8res. Avec 50 \u00c9tats ayant chacun leurs propres lois du travail, [&hellip;]<\/p>\n","protected":false},"author":4,"featured_media":28130,"parent":0,"menu_order":0,"comment_status":"closed","ping_status":"closed","template":"","meta":{"_acf_changed":false,"content-type":"","footnotes":""},"class_list":["post-33636","page","type-page","status-publish","has-post-thumbnail","hentry"],"acf":[],"yoast_head":"<!-- This site is optimized with the Yoast SEO plugin v27.4 - https:\/\/yoast.com\/product\/yoast-seo-wordpress\/ -->\n<title>Enregistrement du webinaire d\u2019expansion du Royaume-Uni vers les \u00c9tats-Unis &#8211; People2.0 | Global<\/title>\n<meta name=\"robots\" content=\"index, follow, max-snippet:-1, max-image-preview:large, max-video-preview:-1\" \/>\n<link rel=\"canonical\" href=\"https:\/\/www.people20.com\/fr-ca\/uk-to-us-expansion-webinar-recording\/\" \/>\n<meta property=\"og:locale\" content=\"fr_CA\" \/>\n<meta property=\"og:type\" content=\"article\" \/>\n<meta property=\"og:title\" content=\"Enregistrement du webinaire d\u2019expansion du Royaume-Uni vers les \u00c9tats-Unis &#8211; People2.0 | Global\" \/>\n<meta property=\"og:description\" content=\"Expansion en Am\u00e9rique : Ce que les agences et entreprises britanniques doivent savoir Enregistrement du webinaire \u00c0 propos du webinaire Les \u00c9tats-Unis sont le plus grand march\u00e9 mondial du recrutement \u2014 plein d\u2019opportunit\u00e9s, mais aussi l\u2019un des plus complexes \u00e0 g\u00e9rer pour les agences \u00e9trang\u00e8res. Avec 50 \u00c9tats ayant chacun leurs propres lois du travail, [&hellip;]\" \/>\n<meta property=\"og:url\" content=\"https:\/\/www.people20.com\/fr-ca\/uk-to-us-expansion-webinar-recording\/\" \/>\n<meta property=\"og:site_name\" content=\"People2.0 | Global\" \/>\n<meta property=\"article:modified_time\" content=\"2025-11-05T18:37:29+00:00\" \/>\n<meta property=\"og:image\" content=\"https:\/\/www.people20.com\/wp-content\/uploads\/2025\/09\/Rectangle-5934-2.png\" \/>\n\t<meta property=\"og:image:width\" content=\"873\" \/>\n\t<meta property=\"og:image:height\" content=\"473\" \/>\n\t<meta property=\"og:image:type\" content=\"image\/png\" \/>\n<meta name=\"twitter:card\" content=\"summary_large_image\" \/>\n<meta name=\"twitter:label1\" content=\"Temps estim\u00e9 \u00e0 la lecture \" \/>\n\t<meta name=\"twitter:data1\" content=\"1 minute\" \/>\n<!-- \/ Yoast SEO plugin. -->","yoast_head_json":{"title":"Enregistrement du webinaire d\u2019expansion du Royaume-Uni vers les \u00c9tats-Unis &#8211; People2.0 | Global","robots":{"index":"index","follow":"follow","max-snippet":"max-snippet:-1","max-image-preview":"max-image-preview:large","max-video-preview":"max-video-preview:-1"},"canonical":"https:\/\/www.people20.com\/fr-ca\/uk-to-us-expansion-webinar-recording\/","og_locale":"fr_CA","og_type":"article","og_title":"Enregistrement du webinaire d\u2019expansion du Royaume-Uni vers les \u00c9tats-Unis &#8211; People2.0 | Global","og_description":"Expansion en Am\u00e9rique : Ce que les agences et entreprises britanniques doivent savoir Enregistrement du webinaire \u00c0 propos du webinaire Les \u00c9tats-Unis sont le plus grand march\u00e9 mondial du recrutement \u2014 plein d\u2019opportunit\u00e9s, mais aussi l\u2019un des plus complexes \u00e0 g\u00e9rer pour les agences \u00e9trang\u00e8res. Avec 50 \u00c9tats ayant chacun leurs propres lois du travail, [&hellip;]","og_url":"https:\/\/www.people20.com\/fr-ca\/uk-to-us-expansion-webinar-recording\/","og_site_name":"People2.0 | Global","article_modified_time":"2025-11-05T18:37:29+00:00","og_image":[{"width":873,"height":473,"url":"https:\/\/www.people20.com\/wp-content\/uploads\/2025\/09\/Rectangle-5934-2.png","type":"image\/png"}],"twitter_card":"summary_large_image","twitter_misc":{"Temps estim\u00e9 \u00e0 la lecture ":"1 minute"},"schema":{"@context":"https:\/\/schema.org","@graph":[{"@type":"WebPage","@id":"https:\/\/www.people20.com\/fr-ca\/uk-to-us-expansion-webinar-recording\/","url":"https:\/\/www.people20.com\/fr-ca\/uk-to-us-expansion-webinar-recording\/","name":"Enregistrement du webinaire d\u2019expansion du Royaume-Uni vers les \u00c9tats-Unis &#8211; People2.0 | Global","isPartOf":{"@id":"https:\/\/www.people20.com\/fr-ca\/#website"},"primaryImageOfPage":{"@id":"https:\/\/www.people20.com\/fr-ca\/uk-to-us-expansion-webinar-recording\/#primaryimage"},"image":{"@id":"https:\/\/www.people20.com\/fr-ca\/uk-to-us-expansion-webinar-recording\/#primaryimage"},"thumbnailUrl":"https:\/\/www.people20.com\/wp-content\/uploads\/2025\/09\/Rectangle-5934-2.png","datePublished":"2025-11-05T17:45:20+00:00","dateModified":"2025-11-05T18:37:29+00:00","breadcrumb":{"@id":"https:\/\/www.people20.com\/fr-ca\/uk-to-us-expansion-webinar-recording\/#breadcrumb"},"inLanguage":"fr-CA","potentialAction":[{"@type":"ReadAction","target":["https:\/\/www.people20.com\/fr-ca\/uk-to-us-expansion-webinar-recording\/"]}]},{"@type":"ImageObject","inLanguage":"fr-CA","@id":"https:\/\/www.people20.com\/fr-ca\/uk-to-us-expansion-webinar-recording\/#primaryimage","url":"https:\/\/www.people20.com\/wp-content\/uploads\/2025\/09\/Rectangle-5934-2.png","contentUrl":"https:\/\/www.people20.com\/wp-content\/uploads\/2025\/09\/Rectangle-5934-2.png","width":873,"height":473},{"@type":"BreadcrumbList","@id":"https:\/\/www.people20.com\/fr-ca\/uk-to-us-expansion-webinar-recording\/#breadcrumb","itemListElement":[{"@type":"ListItem","position":1,"name":"Home","item":"https:\/\/www.people20.com\/fr-ca\/home\/"},{"@type":"ListItem","position":2,"name":"Enregistrement du webinaire d\u2019expansion du Royaume-Uni vers les \u00c9tats-Unis"}]},{"@type":"WebSite","@id":"https:\/\/www.people20.com\/fr-ca\/#website","url":"https:\/\/www.people20.com\/fr-ca\/","name":"People2.0 | Global","description":"Global employment, simplified.","publisher":{"@id":"https:\/\/www.people20.com\/fr-ca\/#organization"},"potentialAction":[{"@type":"SearchAction","target":{"@type":"EntryPoint","urlTemplate":"https:\/\/www.people20.com\/fr-ca\/?s={search_term_string}"},"query-input":{"@type":"PropertyValueSpecification","valueRequired":true,"valueName":"search_term_string"}}],"inLanguage":"fr-CA"},{"@type":"Organization","@id":"https:\/\/www.people20.com\/fr-ca\/#organization","name":"People2.0 | Global","url":"https:\/\/www.people20.com\/fr-ca\/","logo":{"@type":"ImageObject","inLanguage":"fr-CA","@id":"https:\/\/www.people20.com\/fr-ca\/#\/schema\/logo\/image\/","url":"https:\/\/www.people20.com\/wp-content\/uploads\/2025\/05\/people20-logo.svg","contentUrl":"https:\/\/www.people20.com\/wp-content\/uploads\/2025\/05\/people20-logo.svg","caption":"People2.0 | Global"},"image":{"@id":"https:\/\/www.people20.com\/fr-ca\/#\/schema\/logo\/image\/"}}]}},"_links":{"self":[{"href":"https:\/\/www.people20.com\/fr-ca\/wp-json\/wp\/v2\/pages\/33636","targetHints":{"allow":["GET"]}}],"collection":[{"href":"https:\/\/www.people20.com\/fr-ca\/wp-json\/wp\/v2\/pages"}],"about":[{"href":"https:\/\/www.people20.com\/fr-ca\/wp-json\/wp\/v2\/types\/page"}],"author":[{"embeddable":true,"href":"https:\/\/www.people20.com\/fr-ca\/wp-json\/wp\/v2\/users\/4"}],"replies":[{"embeddable":true,"href":"https:\/\/www.people20.com\/fr-ca\/wp-json\/wp\/v2\/comments?post=33636"}],"version-history":[{"count":7,"href":"https:\/\/www.people20.com\/fr-ca\/wp-json\/wp\/v2\/pages\/33636\/revisions"}],"predecessor-version":[{"id":33908,"href":"https:\/\/www.people20.com\/fr-ca\/wp-json\/wp\/v2\/pages\/33636\/revisions\/33908"}],"wp:featuredmedia":[{"embeddable":true,"href":"https:\/\/www.people20.com\/fr-ca\/wp-json\/wp\/v2\/media\/28130"}],"wp:attachment":[{"href":"https:\/\/www.people20.com\/fr-ca\/wp-json\/wp\/v2\/media?parent=33636"}],"curies":[{"name":"wp","href":"https:\/\/api.w.org\/{rel}","templated":true}]}}