{"id":32561,"date":"2025-10-15T12:24:31","date_gmt":"2025-10-15T16:24:31","guid":{"rendered":"https:\/\/www.people20.com\/?page_id=32561"},"modified":"2025-10-21T18:15:35","modified_gmt":"2025-10-21T22:15:35","slug":"the-complete-guide-to-eor-aor-services","status":"publish","type":"page","link":"https:\/\/www.people20.com\/fr-ca\/the-complete-guide-to-eor-aor-services\/","title":{"rendered":"Le guide complet des services EOR et AOR"},"content":{"rendered":"\t\t<div data-elementor-type=\"wp-page\" data-elementor-id=\"32561\" class=\"elementor elementor-32561 elementor-32557\" data-elementor-post-type=\"page\">\n\t\t\t\t<div class=\"elementor-element elementor-element-2bafb96 e-flex e-con-boxed e-con e-parent\" data-id=\"2bafb96\" data-element_type=\"container\" data-e-type=\"container\" data-settings=\"{&quot;background_background&quot;:&quot;classic&quot;}\">\n\t\t\t\t\t<div class=\"e-con-inner\">\n\t\t\t\t<div class=\"elementor-element elementor-element-63ef356 elementor-widget elementor-widget-heading\" data-id=\"63ef356\" data-element_type=\"widget\" data-e-type=\"widget\" data-widget_type=\"heading.default\">\n\t\t\t\t<div class=\"elementor-widget-container\">\n\t\t\t\t\t<h2 class=\"elementor-heading-title elementor-size-default\">Solutions expertes pour la gestion mondiale de la main-d\u2019\u0153uvre<\/h2>\t\t\t\t<\/div>\n\t\t\t\t<\/div>\n\t\t\t\t\t<\/div>\n\t\t\t\t<\/div>\n\t\t\t\t<section class=\"elementor-section elementor-top-section elementor-element elementor-element-3daee08 elementor-section-boxed elementor-section-height-default elementor-section-height-default\" data-id=\"3daee08\" data-element_type=\"section\" data-e-type=\"section\">\n\t\t\t\t\t\t<div class=\"elementor-container elementor-column-gap-default\">\n\t\t\t\t\t<div class=\"elementor-column elementor-col-50 elementor-top-column elementor-element elementor-element-e385900\" data-id=\"e385900\" data-element_type=\"column\" data-e-type=\"column\">\n\t\t\t<div class=\"elementor-widget-wrap elementor-element-populated\">\n\t\t\t\t\t\t<div class=\"elementor-element elementor-element-09ec924 elementor-widget elementor-widget-text-editor\" data-id=\"09ec924\" data-element_type=\"widget\" data-e-type=\"widget\" data-widget_type=\"text-editor.default\">\n\t\t\t\t<div class=\"elementor-widget-container\">\n\t\t\t\t\t\t\t\t\t<h4><span class=\"TextRun SCXW30140990 BCX0\" lang=\"EN-US\" xml:lang=\"EN-US\" data-contrast=\"none\"><span class=\"NormalTextRun SCXW30140990 BCX0\" data-ccp-parastyle=\"heading 2\">Naviguez dans la complexit\u00e9 mondiale de la main-d\u2019\u0153uvre avec des conseils d\u2019experts<\/span><\/span><span class=\"EOP SCXW30140990 BCX0\" data-ccp-props=\"{\"201341983\":0,\"335559739\":120,\"335559740\":256}\"> <\/span><\/h4><p><span class=\"TextRun SCXW179390418 BCX0\" lang=\"EN-US\" xml:lang=\"EN-US\" data-contrast=\"none\"><span class=\"NormalTextRun SCXW179390418 BCX0\">Les erreurs de classification ont co\u00fbt\u00e9 des millions aux entreprises en amendes. Gestion des travailleurs temporaires \u00e0 travers   <\/span><span class=\"NormalTextRun SCXW179390418 BCX0\">Les juridictions<\/span><span class=\"NormalTextRun SCXW179390418 BCX0\"> cr\u00e9ent des d\u00e9fis de conformit\u00e9 qui peuvent compromettre les plans de croissance.<\/span><\/span><span class=\"EOP SCXW179390418 BCX0\" data-ccp-props=\"{\"201341983\":0,\"335559739\":120,\"335559740\":256}\"> <\/span><\/p><p><span class=\"TextRun SCXW114360640 BCX0\" lang=\"EN-US\" xml:lang=\"EN-US\" data-contrast=\"none\"><span class=\"NormalTextRun SCXW114360640 BCX0\">Ce guide <\/span><span class=\"NormalTextRun SCXW114360640 BCX0\">fournit<\/span><span class=\"NormalTextRun SCXW114360640 BCX0\"> des conseils d\u2019experts pour choisir entre les services d\u2019employeur d\u2019enregistrement (EOR) et d\u2019agent de dossier (AOR) \u2014 ou <\/span><span class=\"NormalTextRun SCXW114360640 BCX0\">de d\u00e9terminer<\/span><span class=\"NormalTextRun SCXW114360640 BCX0\"> si vous avez besoin des deux.<\/span><\/span><span class=\"EOP SCXW114360640 BCX0\" data-ccp-props=\"{\"201341983\":0,\"335559739\":120,\"335559740\":256}\"> <\/span><\/p><h4><span class=\"TextRun SCXW127565872 BCX0\" lang=\"EN-US\" xml:lang=\"EN-US\" data-contrast=\"none\"><span class=\"NormalTextRun SCXW127565872 BCX0\" data-ccp-parastyle=\"heading 2\">Ce que tu vas avoir<\/span><\/span><span class=\"EOP SCXW127565872 BCX0\" data-ccp-props=\"{\"201341983\":0,\"335559739\":120,\"335559740\":256}\"> <\/span><\/h4><p><strong><em><span class=\"TextRun SCXW172450026 BCX0\" lang=\"EN-US\" xml:lang=\"EN-US\" data-contrast=\"none\"><span class=\"NormalTextRun SCXW172450026 BCX0\" data-ccp-parastyle=\"heading 3\">Guide complet des services EOR :<\/span><\/span><span class=\"EOP SCXW172450026 BCX0\" data-ccp-props=\"{\"201341983\":0,\"335559739\":120,\"335559740\":256}\"> <\/span><\/em><\/strong><\/p><ul><li><span class=\"TextRun SCXW199999216 BCX0\" lang=\"EN-US\" xml:lang=\"EN-US\" data-contrast=\"none\"><span class=\"NormalTextRun SCXW199999216 BCX0\"><span class=\"TextRun SCXW171883203 BCX0\" lang=\"EN-US\" xml:lang=\"EN-US\" data-contrast=\"none\"><span class=\"NormalTextRun SCXW171883203 BCX0\">Solutions dirig\u00e9es par des experts pour l\u2019expansion mondiale de la main-d\u2019\u0153uvre<\/span><\/span><\/span><\/span><\/li><li><span class=\"TextRun SCXW26949957 BCX0\" lang=\"EN-US\" xml:lang=\"EN-US\" data-contrast=\"none\"><span class=\"NormalTextRun SCXW26949957 BCX0\">Strat\u00e9gies d\u2019att\u00e9nuation des risques qui prot\u00e8gent contre les violations de conformit\u00e9<\/span><\/span><span class=\"EOP SCXW26949957 BCX0\" data-ccp-props=\"{\"201341983\":0,\"335559739\":120,\"335559740\":256}\"> <\/span><\/li><li><span class=\"TextRun SCXW4637117 BCX0\" lang=\"EN-US\" xml:lang=\"EN-US\" data-contrast=\"none\"><span class=\"NormalTextRun SCXW4637117 BCX0\">Cadres de mise en \u0153uvre pour la mise \u00e0 l\u2019\u00e9chelle entre <\/span><span class=\"NormalTextRun SCXW4637117 BCX0\">juridictions<\/span><\/span><span class=\"EOP SCXW4637117 BCX0\" data-ccp-props=\"{\"201341983\":0,\"335559739\":120,\"335559740\":256}\"> <\/span><\/li><\/ul><p> <\/p><p><strong><em><span class=\"TextRun SCXW224227802 BCX0\" lang=\"EN-US\" xml:lang=\"EN-US\" data-contrast=\"none\"><span class=\"NormalTextRun SCXW224227802 BCX0\" data-ccp-parastyle=\"heading 3\">Guide complet des services d\u2019AOR :<\/span><\/span><span class=\"EOP SCXW224227802 BCX0\" data-ccp-props=\"{\"201341983\":0,\"335559739\":120,\"335559740\":256}\"> <\/span><\/em><\/strong><\/p><ul><li><span class=\"TextRun SCXW110809561 BCX0\" lang=\"EN-US\" xml:lang=\"EN-US\" data-contrast=\"none\"><span class=\"NormalTextRun SCXW110809561 BCX0\">Conformit\u00e9 des travailleurs ind\u00e9pendants sur des march\u00e9s cl\u00e9s<\/span><\/span><span class=\"EOP SCXW110809561 BCX0\" data-ccp-props=\"{\"201341983\":0,\"335559739\":120,\"335559740\":256}\"> <\/span><\/li><li><span class=\"TextRun SCXW54672397 BCX0\" lang=\"EN-US\" xml:lang=\"EN-US\" data-contrast=\"none\"><span class=\"NormalTextRun SCXW54672397 BCX0\">Strat\u00e9gies de classification qui pr\u00e9viennent les p\u00e9nalit\u00e9s de mauvaise classification<\/span><\/span><span class=\"EOP SCXW54672397 BCX0\" data-ccp-props=\"{\"201341983\":0,\"335559739\":120,\"335559740\":256}\"> <\/span><\/li><li><span class=\"TextRun SCXW55898157 BCX0\" lang=\"EN-US\" xml:lang=\"EN-US\" data-contrast=\"none\"><span class=\"NormalTextRun SCXW55898157 BCX0\">Les approches de supervision experte que les solutions automatis\u00e9es <\/span><span class=\"NormalTextRun SCXW55898157 BCX0\">ne peuvent<\/span><span class=\"NormalTextRun SCXW55898157 BCX0\"> \u00e9galer<\/span><\/span><span class=\"EOP SCXW55898157 BCX0\" data-ccp-props=\"{\"201341983\":0,\"335559739\":120,\"335559740\":256}\"> <\/span><\/li><\/ul><h4><span class=\"TextRun SCXW85507056 BCX0\" lang=\"EN-US\" xml:lang=\"EN-US\" data-contrast=\"none\"><span class=\"NormalTextRun SCXW85507056 BCX0\" data-ccp-parastyle=\"heading 2\">R\u00e9sultats \u00e9prouv\u00e9s<\/span><\/span><span class=\"EOP SCXW85507056 BCX0\" data-ccp-props=\"{\"201341983\":0,\"335559739\":120,\"335559740\":256}\"> <\/span><\/h4><p><span class=\"TextRun SCXW176737154 BCX0\" lang=\"EN-US\" xml:lang=\"EN-US\" data-contrast=\"none\"><span class=\"NormalTextRun SCXW176737154 BCX0\">L\u2019approche dirig\u00e9e par des experts de People2.0 offre :<\/span><\/span><span class=\"EOP SCXW176737154 BCX0\" data-ccp-props=\"{\"201341983\":0,\"335559739\":120,\"335559740\":256}\"> <\/span><\/p><ul><li><strong><span class=\"TextRun SCXW68082039 BCX0\" lang=\"EN-US\" data-contrast=\"none\"><span class=\"NormalTextRun SCXW68082039 BCX0\">Aucune mauvaise classification<\/span><\/span><\/strong><span class=\"TextRun SCXW68082039 BCX0\" lang=\"EN-US\" data-contrast=\"none\"><span class=\"NormalTextRun SCXW68082039 BCX0\"> enregistr\u00e9e gr\u00e2ce \u00e0 notre approche dirig\u00e9e par des experts<\/span><\/span><span class=\"EOP SCXW68082039 BCX0\" data-ccp-props=\"{\"201341983\":0,\"335559739\":120,\"335559740\":256}\"> <\/span><\/li><li><strong><span class=\"TextRun SCXW195315322 BCX0\" lang=\"EN-US\" data-contrast=\"none\"><span class=\"NormalTextRun SCXW195315322 BCX0\">20+ ans<\/span><\/span><\/strong><span class=\"TextRun SCXW195315322 BCX0\" lang=\"EN-US\" data-contrast=\"none\"><span class=\"NormalTextRun SCXW195315322 BCX0\"> d\u2019expertise en solutions de main-d\u2019\u0153uvre <\/span><span class=\"NormalTextRun SCXW195315322 BCX0\"><span class=\"NormalTextRun SCXW195315322 BCX0\"> sur des march\u00e9s mondiaux <\/span><\/span><\/span> <span class=\"EOP SCXW195315322 BCX0\" data-ccp-props=\"{\"201341983\":0,\"335559739\":120,\"335559740\":256}\"> <\/span><\/li><li><strong><span class=\"TextRun SCXW162215025 BCX0\" lang=\"EN-US\" data-contrast=\"none\"><span class=\"NormalTextRun SCXW162215025 BCX0\">150 000+<\/span><\/span><\/strong><span class=\"TextRun SCXW162215025 BCX0\" lang=\"EN-US\" data-contrast=\"none\"><span class=\"NormalTextRun SCXW162215025 BCX0\"> travailleurs d\u00e9ploy\u00e9s annuellement avec une conformit\u00e9 r\u00e9glementaire compl\u00e8te <\/span><\/span> <span class=\"EOP SCXW162215025 BCX0\" data-ccp-props=\"{\"201341983\":0,\"335559739\":120,\"335559740\":256}\"> <\/span><\/li><li><strong><span class=\"TextRun SCXW90281662 BCX0\" lang=\"EN-US\" data-contrast=\"none\"><span class=\"NormalTextRun SCXW90281662 BCX0\">60+<\/span><\/span><\/strong><span class=\"TextRun SCXW90281662 BCX0\" lang=\"EN-US\" data-contrast=\"none\"><span class=\"NormalTextRun SCXW90281662 BCX0\"> pays soutenus par une expertise globale dans la r\u00e9gion <\/span><span class=\"NormalTextRun SCXW90281662 BCX0\"><\/span><\/span><span class=\"EOP SCXW90281662 BCX0\" data-ccp-props=\"{\"201341983\":0,\"335559739\":120,\"335559740\":256}\"> <\/span><\/li><\/ul><h4><span class=\"TextRun SCXW54002842 BCX0\" lang=\"EN-US\" xml:lang=\"EN-US\" data-contrast=\"none\"><span class=\"NormalTextRun SCXW54002842 BCX0\" data-ccp-parastyle=\"heading 2\">Qui cela aide<\/span><\/span><span class=\"EOP SCXW54002842 BCX0\" data-ccp-props=\"{\"201341983\":0,\"335559739\":120,\"335559740\":256}\"> <\/span><\/h4><p><strong><span class=\"TextRun SCXW68018219 BCX0\" lang=\"EN-US\" data-contrast=\"none\"><span class=\"NormalTextRun SCXW68018219 BCX0\">Fournisseurs de talents :<\/span><\/span><\/strong><span class=\"TextRun SCXW68018219 BCX0\" lang=\"EN-US\" data-contrast=\"none\"><span class=\"NormalTextRun SCXW68018219 BCX0\"> S\u2019\u00e9tendre sur de nouveaux march\u00e9s sans risque de conformit\u00e9 tout en se concentrant sur les activit\u00e9s de recrutement principales.<\/span><\/span><span class=\"EOP SCXW68018219 BCX0\" data-ccp-props=\"{\"201341983\":0,\"335559739\":120,\"335559740\":256}\"> <\/span><\/p><p><strong><span class=\"TextRun SCXW209671921 BCX0\" lang=\"EN-US\" data-contrast=\"none\"><span class=\"NormalTextRun SCXW209671921 BCX0\">Entreprises :<\/span><\/span><\/strong><span class=\"TextRun SCXW209671921 BCX0\" lang=\"EN-US\" data-contrast=\"none\"><span class=\"NormalTextRun SCXW209671921 BCX0\"> G\u00e9rer des main-d\u2019\u0153uvre r\u00e9parties \u00e0 travers <\/span><span class=\"NormalTextRun SCXW209671921 BCX0\">les<\/span><span class=\"NormalTextRun SCXW209671921 BCX0\"> juridictions avec des normes de conformit\u00e9 coh\u00e9rentes.<\/span><\/span><span class=\"EOP SCXW209671921 BCX0\" data-ccp-props=\"{\"201341983\":0,\"335559739\":120,\"335559740\":256}\"> <\/span><\/p><p><strong><span class=\"TextRun SCXW149432432 BCX0\" lang=\"EN-US\" xml:lang=\"EN-US\" data-contrast=\"none\"><span class=\"NormalTextRun SCXW149432432 BCX0\">Pr\u00eat \u00e0 choisir la bonne solution?<\/span><\/span><span class=\"EOP SCXW149432432 BCX0\" data-ccp-props=\"{\"201341983\":0,\"335559739\":120,\"335559740\":256}\"> <\/span><\/strong><\/p><p><span class=\"TextRun SCXW138554499 BCX0\" lang=\"EN-US\" xml:lang=\"EN-US\" data-contrast=\"none\"><span class=\"NormalTextRun SCXW138554499 BCX0\">T\u00e9l\u00e9chargez votre guide et obtenez des conseils d\u2019experts pour b\u00e2tir une strat\u00e9gie de main-d\u2019\u0153uvre conforme et \u00e9volutive.<\/span><\/span><span class=\"EOP SCXW138554499 BCX0\" data-ccp-props=\"{\"201341983\":0,\"335559739\":120,\"335559740\":256}\"> <\/span><\/p><h4><span class=\"TextRun SCXW268231853 BCX0\" lang=\"EN-US\" xml:lang=\"EN-US\" data-contrast=\"none\"><span class=\"NormalTextRun SCXW268231853 BCX0\" data-ccp-parastyle=\"heading 2\">\u00c0 propos de People2.0<\/span><\/span><span class=\"EOP SCXW268231853 BCX0\" data-ccp-props=\"{\"201341983\":0,\"335559739\":120,\"335559740\":256}\"> <\/span><\/h4><p><span class=\"TextRun SCXW169759472 BCX0\" lang=\"EN-US\" xml:lang=\"EN-US\" data-contrast=\"none\"><span class=\"NormalTextRun SCXW169759472 BCX0\">People2.0 simplifie la complexit\u00e9 de l\u2019emploi mondial gr\u00e2ce \u00e0 une conformit\u00e9 experte et des solutions compl\u00e8tes pour la main-d\u2019\u0153uvre. En tant que fournisseur de premier plan de services EOR et AOR,   <\/span><span class=\"NormalTextRun SCXW169759472 BCX0\">Nous avons<\/span><span class=\"NormalTextRun SCXW169759472 BCX0\"> aid\u00e9 des fournisseurs de talents et des entreprises \u00e0 d\u00e9ployer des travailleurs dans 60+ pays tout en <\/span><span class=\"NormalTextRun SCXW169759472 BCX0\">maintenant<\/span><span class=\"NormalTextRun SCXW169759472 BCX0\"> z\u00e9ro mauvaise classification.<\/span><\/span><span class=\"EOP SCXW169759472 BCX0\" data-ccp-props=\"{\"201341983\":0,\"335559739\":120,\"335559740\":256}\"> <\/span><\/p><p><span class=\"TextRun SCXW51783202 BCX0\" lang=\"EN-US\" xml:lang=\"EN-US\" data-contrast=\"none\"><span class=\"NormalTextRun SCXW51783202 BCX0\">Notre approche experte garantit que chaque engagement respecte les exigences r\u00e9glementaires locales, vous permettant de vous concentrer sur la croissance pendant que nous g\u00e9rons les complexit\u00e9s administratives de la gestion internationale de la main-d\u2019\u0153uvre.<\/span><\/span><span class=\"EOP SCXW51783202 BCX0\" data-ccp-props=\"{\"201341983\":0,\"335559739\":120,\"335559740\":256}\"> <\/span><\/p>\t\t\t\t\t\t\t\t<\/div>\n\t\t\t\t<\/div>\n\t\t\t\t\t<\/div>\n\t\t<\/div>\n\t\t\t\t<div class=\"elementor-column elementor-col-50 elementor-top-column elementor-element elementor-element-5fcfe33\" data-id=\"5fcfe33\" data-element_type=\"column\" data-e-type=\"column\">\n\t\t\t<div class=\"elementor-widget-wrap elementor-element-populated\">\n\t\t\t\t\t\t<div class=\"elementor-element elementor-element-e087c2f elementor-widget elementor-widget-heading\" data-id=\"e087c2f\" data-element_type=\"widget\" data-e-type=\"widget\" data-widget_type=\"heading.default\">\n\t\t\t\t<div class=\"elementor-widget-container\">\n\t\t\t\t\t<h4 class=\"elementor-heading-title elementor-size-default\">T\u00e9l\u00e9chargez les guides<\/h4>\t\t\t\t<\/div>\n\t\t\t\t<\/div>\n\t\t\t\t<div class=\"elementor-element elementor-element-9eb5fd4 elementor-widget elementor-widget-text-editor\" data-id=\"9eb5fd4\" data-element_type=\"widget\" data-e-type=\"widget\" data-widget_type=\"text-editor.default\">\n\t\t\t\t<div class=\"elementor-widget-container\">\n\t\t\t\t\t\t\t\t\t<p><span lang=\"EN-US\" style=\"-webkit-user-drag: none; -webkit-tap-highlight-color: transparent; margin: 0px; padding: 0px; user-select: text; color: #000000; text-align: left; white-space-collapse: preserve; font-size: 11pt; line-height: 18.1333px; font-family: Arial, Arial_EmbeddedFont, Arial_MSFontService, sans-serif; font-variant-ligatures: none !important;\" xml:lang=\"EN-US\" data-contrast=\"none\" data-uw-rm-lang=\"false\">T\u00e9l\u00e9chargez votre guide complet et d\u00e9couvrez quelle solution r\u00e9pond aux besoins de votre entreprise<\/span><\/p>\t\t\t\t\t\t\t\t<\/div>\n\t\t\t\t<\/div>\n\t\t\t\t<div class=\"elementor-element elementor-element-ad2afb4 elementor-widget elementor-widget-html\" data-id=\"ad2afb4\" data-element_type=\"widget\" data-e-type=\"widget\" data-widget_type=\"html.default\">\n\t\t\t\t<div class=\"elementor-widget-container\">\n\t\t\t\t\t<script src=\"https:\/\/js.hsforms.net\/forms\/embed\/8817031.js\" defer><\/script>\r\n<div class=\"hs-form-frame\" data-region=\"na1\" data-form-id=\"19b265a9-9816-48c2-bc7b-cf023eb8e694\" data-portal-id=\"8817031\"><\/div>\t\t\t\t<\/div>\n\t\t\t\t<\/div>\n\t\t\t\t\t<\/div>\n\t\t<\/div>\n\t\t\t\t\t<\/div>\n\t\t<\/section>\n\t\t\t\t<\/div>\n\t\t","protected":false},"excerpt":{"rendered":"<p>Solutions expertes pour la gestion mondiale de la main-d\u2019\u0153uvre Naviguez dans la complexit\u00e9 mondiale de la main-d\u2019\u0153uvre avec des conseils d\u2019experts Les erreurs de classification ont co\u00fbt\u00e9 des millions aux entreprises en amendes. Gestion des travailleurs temporaires \u00e0 travers Les juridictions cr\u00e9ent des d\u00e9fis de conformit\u00e9 qui peuvent compromettre les plans de croissance. Ce guide [&hellip;]<\/p>\n","protected":false},"author":3,"featured_media":28130,"parent":0,"menu_order":0,"comment_status":"closed","ping_status":"closed","template":"","meta":{"_acf_changed":false,"content-type":"","footnotes":""},"class_list":["post-32561","page","type-page","status-publish","has-post-thumbnail","hentry"],"acf":[],"yoast_head":"<!-- This site is optimized with the Yoast SEO plugin v27.3 - https:\/\/yoast.com\/product\/yoast-seo-wordpress\/ -->\n<title>Le guide complet des services EOR et AOR &#8211; People2.0 | Global<\/title>\n<meta name=\"robots\" content=\"index, follow, max-snippet:-1, max-image-preview:large, max-video-preview:-1\" \/>\n<link rel=\"canonical\" href=\"https:\/\/www.people20.com\/fr-ca\/the-complete-guide-to-eor-aor-services\/\" \/>\n<meta property=\"og:locale\" content=\"fr_CA\" \/>\n<meta property=\"og:type\" content=\"article\" \/>\n<meta property=\"og:title\" content=\"Le guide complet des services EOR et AOR &#8211; People2.0 | Global\" \/>\n<meta property=\"og:description\" content=\"Solutions expertes pour la gestion mondiale de la main-d\u2019\u0153uvre Naviguez dans la complexit\u00e9 mondiale de la main-d\u2019\u0153uvre avec des conseils d\u2019experts Les erreurs de classification ont co\u00fbt\u00e9 des millions aux entreprises en amendes. Gestion des travailleurs temporaires \u00e0 travers Les juridictions cr\u00e9ent des d\u00e9fis de conformit\u00e9 qui peuvent compromettre les plans de croissance. Ce guide [&hellip;]\" \/>\n<meta property=\"og:url\" content=\"https:\/\/www.people20.com\/fr-ca\/the-complete-guide-to-eor-aor-services\/\" \/>\n<meta property=\"og:site_name\" content=\"People2.0 | Global\" \/>\n<meta property=\"article:modified_time\" content=\"2025-10-21T22:15:35+00:00\" \/>\n<meta property=\"og:image\" content=\"https:\/\/www.people20.com\/wp-content\/uploads\/2025\/09\/Rectangle-5934-2.png\" \/>\n\t<meta property=\"og:image:width\" content=\"873\" \/>\n\t<meta property=\"og:image:height\" content=\"473\" \/>\n\t<meta property=\"og:image:type\" content=\"image\/png\" \/>\n<meta name=\"twitter:card\" content=\"summary_large_image\" \/>\n<meta name=\"twitter:label1\" content=\"Temps estim\u00e9 \u00e0 la lecture \" \/>\n\t<meta name=\"twitter:data1\" content=\"2 minute\" \/>\n<!-- \/ Yoast SEO plugin. -->","yoast_head_json":{"title":"Le guide complet des services EOR et AOR &#8211; People2.0 | Global","robots":{"index":"index","follow":"follow","max-snippet":"max-snippet:-1","max-image-preview":"max-image-preview:large","max-video-preview":"max-video-preview:-1"},"canonical":"https:\/\/www.people20.com\/fr-ca\/the-complete-guide-to-eor-aor-services\/","og_locale":"fr_CA","og_type":"article","og_title":"Le guide complet des services EOR et AOR &#8211; People2.0 | Global","og_description":"Solutions expertes pour la gestion mondiale de la main-d\u2019\u0153uvre Naviguez dans la complexit\u00e9 mondiale de la main-d\u2019\u0153uvre avec des conseils d\u2019experts Les erreurs de classification ont co\u00fbt\u00e9 des millions aux entreprises en amendes. Gestion des travailleurs temporaires \u00e0 travers Les juridictions cr\u00e9ent des d\u00e9fis de conformit\u00e9 qui peuvent compromettre les plans de croissance. Ce guide [&hellip;]","og_url":"https:\/\/www.people20.com\/fr-ca\/the-complete-guide-to-eor-aor-services\/","og_site_name":"People2.0 | Global","article_modified_time":"2025-10-21T22:15:35+00:00","og_image":[{"width":873,"height":473,"url":"https:\/\/www.people20.com\/wp-content\/uploads\/2025\/09\/Rectangle-5934-2.png","type":"image\/png"}],"twitter_card":"summary_large_image","twitter_misc":{"Temps estim\u00e9 \u00e0 la lecture ":"2 minute"},"schema":{"@context":"https:\/\/schema.org","@graph":[{"@type":"WebPage","@id":"https:\/\/www.people20.com\/fr-ca\/the-complete-guide-to-eor-aor-services\/","url":"https:\/\/www.people20.com\/fr-ca\/the-complete-guide-to-eor-aor-services\/","name":"Le guide complet des services EOR et AOR &#8211; People2.0 | Global","isPartOf":{"@id":"https:\/\/www.people20.com\/fr-ca\/#website"},"primaryImageOfPage":{"@id":"https:\/\/www.people20.com\/fr-ca\/the-complete-guide-to-eor-aor-services\/#primaryimage"},"image":{"@id":"https:\/\/www.people20.com\/fr-ca\/the-complete-guide-to-eor-aor-services\/#primaryimage"},"thumbnailUrl":"https:\/\/www.people20.com\/wp-content\/uploads\/2025\/09\/Rectangle-5934-2.png","datePublished":"2025-10-15T16:24:31+00:00","dateModified":"2025-10-21T22:15:35+00:00","breadcrumb":{"@id":"https:\/\/www.people20.com\/fr-ca\/the-complete-guide-to-eor-aor-services\/#breadcrumb"},"inLanguage":"fr-CA","potentialAction":[{"@type":"ReadAction","target":["https:\/\/www.people20.com\/fr-ca\/the-complete-guide-to-eor-aor-services\/"]}]},{"@type":"ImageObject","inLanguage":"fr-CA","@id":"https:\/\/www.people20.com\/fr-ca\/the-complete-guide-to-eor-aor-services\/#primaryimage","url":"https:\/\/www.people20.com\/wp-content\/uploads\/2025\/09\/Rectangle-5934-2.png","contentUrl":"https:\/\/www.people20.com\/wp-content\/uploads\/2025\/09\/Rectangle-5934-2.png","width":873,"height":473},{"@type":"BreadcrumbList","@id":"https:\/\/www.people20.com\/fr-ca\/the-complete-guide-to-eor-aor-services\/#breadcrumb","itemListElement":[{"@type":"ListItem","position":1,"name":"Home","item":"https:\/\/www.people20.com\/fr-ca\/home\/"},{"@type":"ListItem","position":2,"name":"Le guide complet des services EOR et AOR"}]},{"@type":"WebSite","@id":"https:\/\/www.people20.com\/fr-ca\/#website","url":"https:\/\/www.people20.com\/fr-ca\/","name":"People2.0 | Global","description":"Global employment, simplified.","publisher":{"@id":"https:\/\/www.people20.com\/fr-ca\/#organization"},"potentialAction":[{"@type":"SearchAction","target":{"@type":"EntryPoint","urlTemplate":"https:\/\/www.people20.com\/fr-ca\/?s={search_term_string}"},"query-input":{"@type":"PropertyValueSpecification","valueRequired":true,"valueName":"search_term_string"}}],"inLanguage":"fr-CA"},{"@type":"Organization","@id":"https:\/\/www.people20.com\/fr-ca\/#organization","name":"People2.0 | Global","url":"https:\/\/www.people20.com\/fr-ca\/","logo":{"@type":"ImageObject","inLanguage":"fr-CA","@id":"https:\/\/www.people20.com\/fr-ca\/#\/schema\/logo\/image\/","url":"https:\/\/www.people20.com\/wp-content\/uploads\/2025\/05\/people20-logo.svg","contentUrl":"https:\/\/www.people20.com\/wp-content\/uploads\/2025\/05\/people20-logo.svg","caption":"People2.0 | Global"},"image":{"@id":"https:\/\/www.people20.com\/fr-ca\/#\/schema\/logo\/image\/"}}]}},"_links":{"self":[{"href":"https:\/\/www.people20.com\/fr-ca\/wp-json\/wp\/v2\/pages\/32561","targetHints":{"allow":["GET"]}}],"collection":[{"href":"https:\/\/www.people20.com\/fr-ca\/wp-json\/wp\/v2\/pages"}],"about":[{"href":"https:\/\/www.people20.com\/fr-ca\/wp-json\/wp\/v2\/types\/page"}],"author":[{"embeddable":true,"href":"https:\/\/www.people20.com\/fr-ca\/wp-json\/wp\/v2\/users\/3"}],"replies":[{"embeddable":true,"href":"https:\/\/www.people20.com\/fr-ca\/wp-json\/wp\/v2\/comments?post=32561"}],"version-history":[{"count":5,"href":"https:\/\/www.people20.com\/fr-ca\/wp-json\/wp\/v2\/pages\/32561\/revisions"}],"predecessor-version":[{"id":32969,"href":"https:\/\/www.people20.com\/fr-ca\/wp-json\/wp\/v2\/pages\/32561\/revisions\/32969"}],"wp:featuredmedia":[{"embeddable":true,"href":"https:\/\/www.people20.com\/fr-ca\/wp-json\/wp\/v2\/media\/28130"}],"wp:attachment":[{"href":"https:\/\/www.people20.com\/fr-ca\/wp-json\/wp\/v2\/media?parent=32561"}],"curies":[{"name":"wp","href":"https:\/\/api.w.org\/{rel}","templated":true}]}}