{"id":31691,"date":"2025-10-09T15:35:50","date_gmt":"2025-10-09T19:35:50","guid":{"rendered":"https:\/\/www.people20.com\/?page_id=31691"},"modified":"2026-02-27T11:29:31","modified_gmt":"2026-02-27T16:29:31","slug":"americas-partner-newsletter-q3-2025-enterprise","status":"publish","type":"page","link":"https:\/\/www.people20.com\/fr-ca\/americas-partner-newsletter-q3-2025-enterprise\/","title":{"rendered":"Infolettre des partenaires des Am\u00e9riques au troisi\u00e8me trimestre 2025 Entreprise"},"content":{"rendered":"\n<p>Bienvenue au bulletin trimestriel People2.0 Am\u00e9riques. Cette \u00e9dition vous apporte des mises \u00e0 jour importantes, des \u00e9v\u00e9nements et des ressources pour vous aider \u00e0 naviguer dans le paysage des talents en constante \u00e9volution. En tant que partenaire de confiance, nous nous engageons \u00e0 vous tenir inform\u00e9 et en mesure de r\u00e9ussir.    <\/p>\n\n<h3 class=\"wp-block-heading has-text-color has-link-color wp-elements-bb53c7039cce48fcf810e0ce7f36e99c\" style=\"color:#056892\">Mise \u00e0 jour r\u00e9gionale  <\/h3>\n\n<p>Obtenez une vue d\u2019ensemble des d\u00e9veloppements cl\u00e9s et des opportunit\u00e9s qui fa\u00e7onnent notre industrie \u00e0 travers les Am\u00e9riques.  <\/p>\n\n<h4 class=\"wp-block-heading\">Optimisations technologiques<\/h4>\n\n<p>Au cours de la derni\u00e8re ann\u00e9e, People2.0 a apport\u00e9 des am\u00e9liorations significatives \u00e0 nos plateformes technologiques, renfor\u00e7ant les interactions tant pour les clients que pour les entrepreneurs. Nos principales optimisations incluent :   <\/p>\n\n<ul class=\"wp-block-list\">\n<li><strong>Tableau de bord d\u2019int\u00e9gration<\/strong> \u2014 Mises \u00e0 jour en temps r\u00e9el montrant la progression des travailleurs tout au long du processus d\u2019int\u00e9gration pour les populations EOR et AOR. Communiquez avec votre gestionnaire des services \u00e0 la client pour une d\u00e9monstration si vous avez besoin d\u2019aide avec cette fonctionnalit\u00e9.  <\/li>\n\n\n\n<li><strong>Int\u00e9grations am\u00e9lior\u00e9es<\/strong> \u2014 Int\u00e9gration am\u00e9lior\u00e9e de Fieldglass pour iConnect vers notre nouvelle plateforme iConnect2 pour la v\u00e9rification des travailleurs aux \u00c9tats-Unis et au Canada, en plus de la capture automatis\u00e9e du temps dans les syst\u00e8mes People2.0, r\u00e9duisant les interventions manuelles.  <\/li>\n\n\n\n<li><strong>Authentification multifacteur (MFA)<\/strong> \u2014 Notre logiciel People2.0, o\u00f9 les travailleurs sont embarqu\u00e9s et acc\u00e8dent aux talons de paie et aux formulaires fiscaux, inclut maintenant la MFA pour une s\u00e9curit\u00e9 accrue.  <\/li>\n<\/ul>\n\n<h4 class=\"wp-block-heading\">Am\u00e9liorations du service<\/h4>\n\n<ul class=\"wp-block-list\">\n<li><strong>Webinaires sur le partage des connaissances<\/strong> \u2014 Cette ann\u00e9e, nous avons organis\u00e9 des webinaires sur des sujets tels que l\u2019indemnisation des travailleurs et le risque, l\u2019OPS et autres mandats statutaires, l\u2019exp\u00e9rience des employ\u00e9s et les classifications des travailleurs. <a href=\"https:\/\/www.people20.com\/fr-ca\/blog\/category\/webinar-fr-ca\/\">Acc\u00e9dez au contenu des webinaires pr\u00e9c\u00e9dents ici<\/a>.  <\/li>\n\n\n\n<li><strong>R\u00e9sultats du sondage<\/strong> aupr\u00e8s des entrepreneurs \u2014 Notre sondage semestriel sur les entrepreneurs a r\u00e9cemment \u00e9t\u00e9 cl\u00f4tur\u00e9. Les r\u00e9sultats seront bient\u00f4t partag\u00e9s et aideront \u00e0 fa\u00e7onner les futures am\u00e9liorations du programme en se basant sur les commentaires anonymes des entrepreneurs tout au long de leur cycle de mission.  <\/li>\n<\/ul>\n\n<h4 class=\"wp-block-heading\">Prochainement<\/h4>\n\n<p class=\"has-text-color has-link-color wp-elements-1a1e5ffab622317891647b80def9e146\" style=\"color:#037f9a\"><strong><strong><em>Nouveau site web de People2.0  <\/em><\/strong><\/strong><\/p>\n\n<p>Nous lan\u00e7ons un site web enti\u00e8rement renouvel\u00e9 en octobre prochain, con\u00e7u pour mieux vous servir et simplifier votre exp\u00e9rience avec People2.0.  <\/p>\n\n<p><strong>Nouveaut\u00e9s :<\/strong> <\/p>\n\n<ul class=\"wp-block-list\">\n<li>Conception fra\u00eeche et professionnelle avec navigation am\u00e9lior\u00e9e  <\/li>\n\n\n\n<li>Du contenu vid\u00e9o expliquant nos services et notre expertise sur le march\u00e9  <\/li>\n\n\n\n<li>Biblioth\u00e8que de ressources am\u00e9lior\u00e9e avec un acc\u00e8s plus facile aux guides et aux analyses  <\/li>\n\n\n\n<li>Plateforme globale unifi\u00e9e combinant tous les sites r\u00e9gionaux  <\/li>\n<\/ul>\n\n<p><strong>Avantages pour vous :<\/strong> <\/p>\n\n<ul class=\"wp-block-list\">\n<li>Acc\u00e8s plus rapide \u00e0 l\u2019information et aux ressources dont vous avez besoin  <\/li>\n\n\n\n<li>Compr\u00e9hension plus claire de nos capacit\u00e9s de service complets  <\/li>\n\n\n\n<li>Exp\u00e9rience simplifi\u00e9e \u00e0 travers toutes les interactions People2.0  <\/li>\n\n\n\n<li>Options d\u2019auto-service am\u00e9lior\u00e9es pour les questions fr\u00e9quentes  <\/li>\n<\/ul>\n\n<p>Le nouveau site facilitera plus que jamais l\u2019acc\u00e8s \u00e0 notre expertise et la recherche des solutions qui font avancer votre entreprise.  <\/p>\n\n<p class=\"has-text-color has-link-color wp-elements-1439d3d082a6341d1aee6fd15f725814\" style=\"color:#037f9a\"><strong><em>Enqu\u00eate aupr\u00e8s des clients \u00e0 venir en octobre 2025  <\/em><\/strong><\/p>\n\n<p>Restez \u00e0 l\u2019aff\u00fbt de notre sondage aupr\u00e8s des clients, qui sortira \u00e0 la mi-octobre. Comme dans notre sondage aupr\u00e8s des entrepreneurs, nous utilisons les r\u00e9ponses et les commentaires pour d\u00e9finir les buts et objectifs, afin de vous assurer d\u2019offrir le service exceptionnel que vous m\u00e9ritez.   <\/p>\n\n<h3 class=\"wp-block-heading has-text-color has-link-color wp-elements-e3316400b4be0ae3e6f44160586cd7f7\" style=\"color:#056892\">\u00c9tats-Unis<\/h3>\n\n<p>Gardez une longueur d\u2019avance gr\u00e2ce \u00e0 nos mises \u00e0 jour compl\u00e8tes sur les changements l\u00e9gislatifs am\u00e9ricains, nos rappels de conformit\u00e9 et nos meilleures pratiques adapt\u00e9s \u00e0 nos partenaires am\u00e9ricains.  <\/p>\n\n<h4 class=\"wp-block-heading\">Mises \u00e0 jour l\u00e9gislatives<\/h4>\n\n<p>Restez conforme et inform\u00e9 de ces changements l\u00e9gislatifs cl\u00e9s qui affectent la gestion de la main-d\u2019\u0153uvre am\u00e9ricaine.  <\/p>\n\n<h5 class=\"wp-block-heading\"><em>Washington : Taxe de vente sur les services de recrutement temporaire<\/em><\/h5>\n\n<p><strong>\u00c0 compter du 1er octobre 2025<\/strong> <\/p>\n\n<p>Le 28 juillet 2025, le D\u00e9partement du revenu de Washington a annonc\u00e9 que les services de recrutement temporaire seront assujettis \u00e0 la taxe de vente au d\u00e9tail \u00e0 partir du 1er octobre 2025. La taxe de vente locale et de l\u2019\u00c9tat de Washington (environ 7% \u00e0 10,6%, selon l\u2019emplacement) sera ajout\u00e9e aux services de recrutement temporaire. Les directives provisoires r\u00e9centes indiquent que les contrats conclus avant le 1er octobre 2025 pourraient reporter l\u2019imposition de la taxe de vente jusqu\u2019au 1er avril 2026. La taxe de vente s\u2019applique au montant total de la facture. Les services fournis aux h\u00f4pitaux agr\u00e9\u00e9s demeurent exempt\u00e9s.      <\/p>\n\n<p>Lisez-en plus du <a href=\"https:\/\/dor.wa.gov\/forms-publications\/publications-subject\/special-notices\/temporary-staffing-services-now-subject-sales-tax\" target=\"_blank\" rel=\"noreferrer noopener\">D\u00e9partement des revenus de Washington<\/a>.  <\/p>\n\n<h5 class=\"wp-block-heading\"><em>Maine : Amendement sur le cong\u00e9 pay\u00e9 m\u00e9rit\u00e9<\/em><\/h5>\n\n<p><strong><strong>\u00c0 compter du 24 septembre 2025<\/strong> <\/strong><\/p>\n\n<p>Le 1er juillet 2025, la gouverneure du Maine, Janet Mills, a sign\u00e9 la loi LD 55, modifiant la loi sur les cong\u00e9s pay\u00e9s m\u00e9rit\u00e9s de l\u2019\u00c9tat. Ce nouveau changement augmente les soldes maximaux de cong\u00e9s des 40 heures actuelles \u00e0 80 heures \u00e0 la fois.  Si vous avez des questions, veuillez contacter le d\u00e9partement des ressources humaines de People2.0.  <\/p>\n\n<p>Pour plus de d\u00e9tails, consultez <a href=\"https:\/\/legiscan.com\/ME\/amendment\/LD55\/id\/256460\" target=\"_blank\" rel=\"noreferrer noopener\">le Syst\u00e8me d\u2019information l\u00e9gislative du Maine<\/a>.  <\/p>\n\n<h5 class=\"wp-block-heading\"><em>Maine : Loi sur la d\u00e9claration de la r\u00e9mun\u00e9ration temporelle<\/em><\/h5>\n\n<p><strong>\u00c0 compter du 24 septembre 2025<\/strong> <\/p>\n\n<p>La gouverneure du Maine, Janet Mills, a promulgu\u00e9 la nouvelle loi sur la r\u00e9mun\u00e9ration en temps de paiement (LD 598) le 24 juin 2025. \u00c0 compter de maintenant, la loi exige que les employeurs r\u00e9mun\u00e8rent les employ\u00e9s avec un minimum de quatre heures de salaire \u00e0 leur taux habituel s\u2019ils se pr\u00e9sentent au travail comme pr\u00e9vu mais sont cong\u00e9di\u00e9s plus t\u00f4t en raison d\u2019un manque de travail ou d\u2019autres d\u00e9cisions op\u00e9rationnelles.   <\/p>\n\n<p>Cette loi s\u2019applique aux employ\u00e9s horaires qui se pr\u00e9sentent physiquement sur un lieu de travail et aux situations o\u00f9 l\u2019employ\u00e9 est renvoy\u00e9 chez lui sans effectuer son quart complet pr\u00e9vu. Les exceptions incluent les fermetures ou urgences li\u00e9es \u00e0 la m\u00e9t\u00e9o, les changements d\u2019horaire demand\u00e9s par les employ\u00e9s et les quarts de garde pr\u00e9programm\u00e9s o\u00f9 aucun travail n\u2019est assign\u00e9.   <\/p>\n\n<p>Lisez le r\u00e9sum\u00e9 complet du projet de loi sur <a href=\"https:\/\/legislature.maine.gov\/opla\/bill-and-enacted-law-summaries-2025-2026-132nd-legislature\/12551\" target=\"_blank\" rel=\"noreferrer noopener\">le site Web de la L\u00e9gislature du Maine<\/a>.  <\/p>\n\n<h5 class=\"wp-block-heading\"><em>Oregon : Amendements OFLA<\/em><\/h5>\n\n<p><strong><strong>\u00c0 compter du 26 septembre 2025<\/strong> <\/strong><\/p>\n\n<p>En vertu de l\u2019OFLA, un employ\u00e9 peut prendre un cong\u00e9 sans solde pour s\u2019occuper d\u2019un enfant qui a besoin de soins en raison d\u2019une maladie, d\u2019une blessure ou de la fermeture de l\u2019\u00e9cole ou de la garde d\u2019enfants. La loi modifi\u00e9e d\u00e9finit \u00ab enfant \u00bb aux fins du cong\u00e9 comme l\u2019enfant d\u2019un employ\u00e9 \u00e2g\u00e9 de moins de 18 ans ou qui est substantiellement limit\u00e9 par une d\u00e9ficience physique ou mentale qui serait consid\u00e9r\u00e9e comme un handicap selon l\u2019OFLA.   <\/p>\n\n<p>L\u2019OFLA permet \u00e0 un employ\u00e9 de prendre un cong\u00e9 non pay\u00e9 sans pr\u00e9avis \u00e0 l\u2019employeur dans certaines circonstances. Lorsque le cong\u00e9 est pris pour s\u2019occuper d\u2019un enfant en raison de la fermeture d\u2019une \u00e9cole ou d\u2019une garderie, la loi modifi\u00e9e permet un tel cong\u00e9 sans pr\u00e9avis, sauf si la fermeture est due \u00e0 une urgence de sant\u00e9 publique d\u00e9clar\u00e9e par le gouverneur au moins 30 jours avant le d\u00e9but du cong\u00e9.   <\/p>\n\n<p>Pour \u00eatre admissible \u00e0 un cong\u00e9 en vertu de l\u2019OFLA, un employ\u00e9 doit travailler en moyenne 25 heures ou plus durant les 180 jours pr\u00e9c\u00e9dant imm\u00e9diatement la date de d\u00e9but du cong\u00e9. La loi modifi\u00e9e ajoute une exception \u00e0 cette exigence d\u2019admissibilit\u00e9 \u00e0 l\u2019OFLA pour les employ\u00e9s d\u2019\u00e9quipage de vol de compagnie a\u00e9rienne bas\u00e9s en Oregon, soumis aux r\u00e8glements f\u00e9d\u00e9raux applicables aux employ\u00e9s d\u2019\u00e9quipage de compagnie a\u00e9rienne, et qui r\u00e9pondent \u00e0 l\u2019exigence f\u00e9d\u00e9rale d\u2019heures de service.   <\/p>\n\n<p>Lisez la l\u00e9gislation compl\u00e8te sur <a href=\"https:\/\/olis.oregonlegislature.gov\/liz\/2025R1\/Measures\/Overview\/SB69\" target=\"_blank\" rel=\"noreferrer noopener\">le Syst\u00e8me d\u2019information l\u00e9gislative de l\u2019Oregon<\/a>.  <\/p>\n\n<h5 class=\"wp-block-heading\"><em>Oregon : Expansion des cong\u00e9s de maladie pay\u00e9s<\/em><\/h5>\n\n<p><strong>\u00c0 compter du 26 septembre 2025<\/strong> <\/p>\n\n<p>La loi de l\u2019\u00c9tat permet aux employ\u00e9s d\u2019utiliser les cong\u00e9s de maladie pour plusieurs raisons, y compris pour toute raison admissible en vertu de l\u2019OFLA. La loi modifi\u00e9e pr\u00e9cise que les cong\u00e9s de maladie peuvent \u00e9galement \u00eatre utilis\u00e9s \u00e0 toute fin admissible en vertu de l\u2019OLP. Comme pour les autres cong\u00e9s de maladie utilis\u00e9s pour plus de trois jours de travail cons\u00e9cutifs programm\u00e9s, un employeur peut exiger une v\u00e9rification d\u2019un fournisseur de soins de sant\u00e9 si les cong\u00e9s de maladie sont utilis\u00e9s \u00e0 des fins admissibles \u00e0 l\u2019OLP.    <\/p>\n\n<p>Lisez la l\u00e9gislation compl\u00e8te sur <a href=\"https:\/\/olis.oregonlegislature.gov\/liz\/2025R1\/Measures\/Overview\/SB69\" target=\"_blank\" rel=\"noreferrer noopener\">le Syst\u00e8me d\u2019information l\u00e9gislative de l\u2019Oregon<\/a>.  <\/p>\n\n<h4 class=\"wp-block-heading\">Rappels<\/h4>\n\n<p>Gardez ces points importants \u00e0 l\u2019esprit pour assurer un fonctionnement fluide et une conformit\u00e9.  <\/p>\n\n<h5 class=\"wp-block-heading\"><em>V\u00e9rifications des ant\u00e9c\u00e9dents dans le Maine pour les postes en soins infirmiers  <\/em><\/h5>\n\n<p>Les agences de soins de sant\u00e9 doivent effectuer des v\u00e9rifications instantan\u00e9es des ant\u00e9c\u00e9dents via le Centre de v\u00e9rification des ant\u00e9c\u00e9dents du Maine pour les postes infirmiers (RN, LVN, CNA, AR). Le processus est gratuit et ne n\u00e9cessite aucune inscription.   <\/p>\n\n<p>Effectuez les v\u00e9rifications d\u2019ant\u00e9c\u00e9dents obligatoires au <a href=\"https:\/\/backgroundcheck.maine.gov\/dhhs\/mbc\/Services\/QuickBackgroundCheck\" target=\"_blank\" rel=\"noreferrer noopener\">Centre de v\u00e9rification des ant\u00e9c\u00e9dents du Maine<\/a>.  <\/p>\n\n<h3 class=\"wp-block-heading has-text-color has-link-color wp-elements-c0b7da66de68b7ebed17c5bd1cbd61fe\" style=\"color:#056892\">En vedette du d\u00e9partement : Services \u00e0 la client\u00e8le<\/h3>\n\n<p>L\u2019\u00e9quipe des services \u00e0 la client joue un r\u00f4le crucial dans l\u2019atteinte de nos objectifs globaux de fid\u00e9lisation et de satisfaction des clients. Nous sommes votre principal point de contact pour les besoins de service et les escalades de soutien. Notre mission est d\u2019\u00e9tablir des relations solides, de maintenir un engagement significatif et d\u2019identifier des occasions d\u2019am\u00e9liorer votre exp\u00e9rience People2.0.    <\/p>\n\n<p><strong>Notre priorit\u00e9<\/strong> <\/p>\n\n<p>Soutenir votre strat\u00e9gie de main-d\u2019\u0153uvre contingente et vous aider \u00e0 naviguer dans des exigences de conformit\u00e9 complexes. Nous travaillons \u00e0 comprendre vos besoins organisationnels uniques et \u00e0 fournir des solutions personnalis\u00e9es qui correspondent \u00e0 vos objectifs d\u2019affaires.   <\/p>\n\n<p><strong>Priorit\u00e9s quotidiennes<\/strong> <\/p>\n\n<p>Nous coordonnons harmonieusement nos \u00e9quipes d\u2019experts pour d\u00e9passer vos attentes. Nous suivons les changements r\u00e9glementaires et les \u00e9volutions de l\u2019industrie afin de vous tenir inform\u00e9 et pr\u00eat face aux d\u00e9fis \u00e9volutifs de la gestion de la main-d\u2019\u0153uvre.   <\/p>\n\n<p><strong>Approche de service<\/strong> <\/p>\n\n<p>Chaque repr\u00e9sentant g\u00e8re des relations strat\u00e9giques d\u2019entreprise, mais l\u2019ensemble de notre d\u00e9partement collabore pour s\u2019assurer que vous b\u00e9n\u00e9ficiez de notre expertise collective. Nous adoptons une approche proactive pour identifier les occasions pouvant am\u00e9liorer l\u2019efficacit\u00e9 et la posture de conformit\u00e9 de votre programme.   <\/p>\n\n<h3 class=\"wp-block-heading has-text-color has-link-color wp-elements-115e8650d0253b773056f94d99eee44b\" style=\"color:#056892\">Restez connect\u00e9<\/h3>\n\n<p>Nous sommes l\u00e0 pour soutenir votre succ\u00e8s \u00e0 chaque \u00e9tape. Si vous avez des questions sur les informations contenues dans cette infolettre ou si vous avez besoin d\u2019aide sur un aspect de la gestion de votre personnel, n\u2019h\u00e9sitez pas \u00e0 contacter votre repr\u00e9sentant d\u00e9di\u00e9 aux services \u00e0 la client\u00e8le. Merci pour votre partenariat continu, et nous avons h\u00e2te de vous aider \u00e0 atteindre vos objectifs au prochain trimestre.    <\/p>\n","protected":false},"excerpt":{"rendered":"<p>Bienvenue au bulletin trimestriel People2.0 Am\u00e9riques. Cette \u00e9dition vous apporte des mises \u00e0 jour importantes, des \u00e9v\u00e9nements et des ressources pour vous aider \u00e0 naviguer dans le paysage des talents en constante \u00e9volution. En tant que partenaire de confiance, nous nous engageons \u00e0 vous tenir inform\u00e9 et en mesure de r\u00e9ussir. Mise \u00e0 jour r\u00e9gionale [&hellip;]<\/p>\n","protected":false},"author":3,"featured_media":27453,"parent":0,"menu_order":0,"comment_status":"closed","ping_status":"closed","template":"","meta":{"_acf_changed":false,"content-type":"","footnotes":""},"class_list":["post-31691","page","type-page","status-publish","has-post-thumbnail","hentry"],"acf":[],"yoast_head":"<!-- This site is optimized with the Yoast SEO plugin v27.3 - https:\/\/yoast.com\/product\/yoast-seo-wordpress\/ -->\n<title>Infolettre des partenaires des Am\u00e9riques au troisi\u00e8me trimestre 2025 Entreprise &#8211; People2.0 | Global<\/title>\n<meta name=\"robots\" content=\"noindex, nofollow\" \/>\n<meta property=\"og:locale\" content=\"fr_CA\" \/>\n<meta property=\"og:type\" content=\"article\" \/>\n<meta property=\"og:title\" content=\"Infolettre des partenaires des Am\u00e9riques au troisi\u00e8me trimestre 2025 Entreprise &#8211; People2.0 | Global\" \/>\n<meta property=\"og:description\" content=\"Bienvenue au bulletin trimestriel People2.0 Am\u00e9riques. Cette \u00e9dition vous apporte des mises \u00e0 jour importantes, des \u00e9v\u00e9nements et des ressources pour vous aider \u00e0 naviguer dans le paysage des talents en constante \u00e9volution. En tant que partenaire de confiance, nous nous engageons \u00e0 vous tenir inform\u00e9 et en mesure de r\u00e9ussir. Mise \u00e0 jour r\u00e9gionale [&hellip;]\" \/>\n<meta property=\"og:url\" content=\"https:\/\/www.people20.com\/fr-ca\/americas-partner-newsletter-q3-2025-enterprise\/\" \/>\n<meta property=\"og:site_name\" content=\"People2.0 | Global\" \/>\n<meta property=\"article:modified_time\" content=\"2026-02-27T16:29:31+00:00\" \/>\n<meta property=\"og:image\" content=\"https:\/\/www.people20.com\/wp-content\/uploads\/2025\/09\/default-featured-blog-image-e1759425826602.png\" \/>\n\t<meta property=\"og:image:width\" content=\"1000\" \/>\n\t<meta property=\"og:image:height\" content=\"675\" \/>\n\t<meta property=\"og:image:type\" content=\"image\/png\" \/>\n<meta name=\"twitter:card\" content=\"summary_large_image\" \/>\n<meta name=\"twitter:label1\" content=\"Temps estim\u00e9 \u00e0 la lecture \" \/>\n\t<meta name=\"twitter:data1\" content=\"9 minute\" \/>\n<!-- \/ Yoast SEO plugin. -->","yoast_head_json":{"title":"Infolettre des partenaires des Am\u00e9riques au troisi\u00e8me trimestre 2025 Entreprise &#8211; People2.0 | Global","robots":{"index":"noindex","follow":"nofollow"},"og_locale":"fr_CA","og_type":"article","og_title":"Infolettre des partenaires des Am\u00e9riques au troisi\u00e8me trimestre 2025 Entreprise &#8211; People2.0 | Global","og_description":"Bienvenue au bulletin trimestriel People2.0 Am\u00e9riques. Cette \u00e9dition vous apporte des mises \u00e0 jour importantes, des \u00e9v\u00e9nements et des ressources pour vous aider \u00e0 naviguer dans le paysage des talents en constante \u00e9volution. En tant que partenaire de confiance, nous nous engageons \u00e0 vous tenir inform\u00e9 et en mesure de r\u00e9ussir. Mise \u00e0 jour r\u00e9gionale [&hellip;]","og_url":"https:\/\/www.people20.com\/fr-ca\/americas-partner-newsletter-q3-2025-enterprise\/","og_site_name":"People2.0 | Global","article_modified_time":"2026-02-27T16:29:31+00:00","og_image":[{"width":1000,"height":675,"url":"https:\/\/www.people20.com\/wp-content\/uploads\/2025\/09\/default-featured-blog-image-e1759425826602.png","type":"image\/png"}],"twitter_card":"summary_large_image","twitter_misc":{"Temps estim\u00e9 \u00e0 la lecture ":"9 minute"},"schema":{"@context":"https:\/\/schema.org","@graph":[{"@type":"WebPage","@id":"https:\/\/www.people20.com\/fr-ca\/americas-partner-newsletter-q3-2025-enterprise\/","url":"https:\/\/www.people20.com\/fr-ca\/americas-partner-newsletter-q3-2025-enterprise\/","name":"Infolettre des partenaires des Am\u00e9riques au troisi\u00e8me trimestre 2025 Entreprise &#8211; People2.0 | Global","isPartOf":{"@id":"https:\/\/www.people20.com\/fr-ca\/#website"},"primaryImageOfPage":{"@id":"https:\/\/www.people20.com\/fr-ca\/americas-partner-newsletter-q3-2025-enterprise\/#primaryimage"},"image":{"@id":"https:\/\/www.people20.com\/fr-ca\/americas-partner-newsletter-q3-2025-enterprise\/#primaryimage"},"thumbnailUrl":"https:\/\/www.people20.com\/wp-content\/uploads\/2025\/09\/default-featured-blog-image-e1759425826602.png","datePublished":"2025-10-09T19:35:50+00:00","dateModified":"2026-02-27T16:29:31+00:00","breadcrumb":{"@id":"https:\/\/www.people20.com\/fr-ca\/americas-partner-newsletter-q3-2025-enterprise\/#breadcrumb"},"inLanguage":"fr-CA","potentialAction":[{"@type":"ReadAction","target":["https:\/\/www.people20.com\/fr-ca\/americas-partner-newsletter-q3-2025-enterprise\/"]}]},{"@type":"ImageObject","inLanguage":"fr-CA","@id":"https:\/\/www.people20.com\/fr-ca\/americas-partner-newsletter-q3-2025-enterprise\/#primaryimage","url":"https:\/\/www.people20.com\/wp-content\/uploads\/2025\/09\/default-featured-blog-image-e1759425826602.png","contentUrl":"https:\/\/www.people20.com\/wp-content\/uploads\/2025\/09\/default-featured-blog-image-e1759425826602.png","width":1000,"height":675},{"@type":"BreadcrumbList","@id":"https:\/\/www.people20.com\/fr-ca\/americas-partner-newsletter-q3-2025-enterprise\/#breadcrumb","itemListElement":[{"@type":"ListItem","position":1,"name":"Home","item":"https:\/\/www.people20.com\/fr-ca\/home\/"},{"@type":"ListItem","position":2,"name":"Infolettre des partenaires des Am\u00e9riques au troisi\u00e8me trimestre 2025 Entreprise"}]},{"@type":"WebSite","@id":"https:\/\/www.people20.com\/fr-ca\/#website","url":"https:\/\/www.people20.com\/fr-ca\/","name":"People2.0 | Global","description":"Global employment, simplified.","publisher":{"@id":"https:\/\/www.people20.com\/fr-ca\/#organization"},"potentialAction":[{"@type":"SearchAction","target":{"@type":"EntryPoint","urlTemplate":"https:\/\/www.people20.com\/fr-ca\/?s={search_term_string}"},"query-input":{"@type":"PropertyValueSpecification","valueRequired":true,"valueName":"search_term_string"}}],"inLanguage":"fr-CA"},{"@type":"Organization","@id":"https:\/\/www.people20.com\/fr-ca\/#organization","name":"People2.0 | Global","url":"https:\/\/www.people20.com\/fr-ca\/","logo":{"@type":"ImageObject","inLanguage":"fr-CA","@id":"https:\/\/www.people20.com\/fr-ca\/#\/schema\/logo\/image\/","url":"https:\/\/www.people20.com\/wp-content\/uploads\/2025\/05\/people20-logo.svg","contentUrl":"https:\/\/www.people20.com\/wp-content\/uploads\/2025\/05\/people20-logo.svg","caption":"People2.0 | Global"},"image":{"@id":"https:\/\/www.people20.com\/fr-ca\/#\/schema\/logo\/image\/"}}]}},"_links":{"self":[{"href":"https:\/\/www.people20.com\/fr-ca\/wp-json\/wp\/v2\/pages\/31691","targetHints":{"allow":["GET"]}}],"collection":[{"href":"https:\/\/www.people20.com\/fr-ca\/wp-json\/wp\/v2\/pages"}],"about":[{"href":"https:\/\/www.people20.com\/fr-ca\/wp-json\/wp\/v2\/types\/page"}],"author":[{"embeddable":true,"href":"https:\/\/www.people20.com\/fr-ca\/wp-json\/wp\/v2\/users\/3"}],"replies":[{"embeddable":true,"href":"https:\/\/www.people20.com\/fr-ca\/wp-json\/wp\/v2\/comments?post=31691"}],"version-history":[{"count":5,"href":"https:\/\/www.people20.com\/fr-ca\/wp-json\/wp\/v2\/pages\/31691\/revisions"}],"predecessor-version":[{"id":37829,"href":"https:\/\/www.people20.com\/fr-ca\/wp-json\/wp\/v2\/pages\/31691\/revisions\/37829"}],"wp:featuredmedia":[{"embeddable":true,"href":"https:\/\/www.people20.com\/fr-ca\/wp-json\/wp\/v2\/media\/27453"}],"wp:attachment":[{"href":"https:\/\/www.people20.com\/fr-ca\/wp-json\/wp\/v2\/media?parent=31691"}],"curies":[{"name":"wp","href":"https:\/\/api.w.org\/{rel}","templated":true}]}}