{"id":36163,"date":"2026-01-05T12:48:58","date_gmt":"2026-01-05T17:48:58","guid":{"rendered":"https:\/\/www.people20.com\/?page_id=36163"},"modified":"2026-02-27T11:28:13","modified_gmt":"2026-02-27T16:28:13","slug":"zero-fee-launch","status":"publish","type":"page","link":"https:\/\/www.people20.com\/es\/zero-fee-launch\/","title":{"rendered":"Lanzamiento sin comisiones"},"content":{"rendered":"\t\t<div data-elementor-type=\"wp-page\" data-elementor-id=\"36163\" class=\"elementor elementor-36163 elementor-36161\" data-elementor-post-type=\"page\">\n\t\t\t\t<div class=\"elementor-element elementor-element-2bafb96 e-flex e-con-boxed e-con e-parent\" data-id=\"2bafb96\" data-element_type=\"container\" data-e-type=\"container\" data-settings=\"{&quot;background_background&quot;:&quot;classic&quot;}\">\n\t\t\t\t\t<div class=\"e-con-inner\">\n\t\t\t\t<div class=\"elementor-element elementor-element-63ef356 elementor-widget elementor-widget-heading\" data-id=\"63ef356\" data-element_type=\"widget\" data-e-type=\"widget\" data-widget_type=\"heading.default\">\n\t\t\t\t<div class=\"elementor-widget-container\">\n\t\t\t\t\t<h2 class=\"elementor-heading-title elementor-size-default\">Inicie su programa con People2.0 y no pague cuotas durante un m\u00e1ximo de cuatro meses.  <\/h2>\t\t\t\t<\/div>\n\t\t\t\t<\/div>\n\t\t\t\t\t<\/div>\n\t\t\t\t<\/div>\n\t\t\t\t<section class=\"elementor-section elementor-top-section elementor-element elementor-element-3daee08 elementor-section-boxed elementor-section-height-default elementor-section-height-default\" data-id=\"3daee08\" data-element_type=\"section\" data-e-type=\"section\">\n\t\t\t\t\t\t<div class=\"elementor-container elementor-column-gap-default\">\n\t\t\t\t\t<div class=\"elementor-column elementor-col-50 elementor-top-column elementor-element elementor-element-e385900\" data-id=\"e385900\" data-element_type=\"column\" data-e-type=\"column\">\n\t\t\t<div class=\"elementor-widget-wrap elementor-element-populated\">\n\t\t\t\t\t\t<div class=\"elementor-element elementor-element-09ec924 elementor-widget elementor-widget-text-editor\" data-id=\"09ec924\" data-element_type=\"widget\" data-e-type=\"widget\" data-widget_type=\"text-editor.default\">\n\t\t\t\t<div class=\"elementor-widget-container\">\n\t\t\t\t\t\t\t\t\t<h4><span class=\"TextRun SCXW200340489 BCX0\" lang=\"EN-US\" style=\"color: #056892;\" xml:lang=\"EN-US\" data-contrast=\"none\"><span class=\"NormalTextRun SCXW200340489 BCX0\" data-ccp-parastyle=\"heading 2\">Conserve m\u00e1s de sus primeros ingresos<\/span><\/span><\/h4><p><span class=\"TextRun SCXW24964333 BCX0\" lang=\"EN-US\" xml:lang=\"EN-US\" data-contrast=\"none\"><span class=\"NormalTextRun ContextualSpellingAndGrammarErrorV2Themed SCXW24964333 BCX0\">Crecer<\/span><span class=\"NormalTextRun SCXW24964333 BCX0\">  su negocio de mano de obra eventual significa absorber los costes iniciales antes de ver los beneficios. Los nuevos mercados, los nuevos clientes y las nuevas contrataciones conllevan comisiones que reducen sus m\u00e1rgenes justo cuando necesita liquidez.   <\/span><span class=\"NormalTextRun ContextualSpellingAndGrammarErrorV2Themed SCXW24964333 BCX0\">flujo<\/span><span class=\"NormalTextRun SCXW24964333 BCX0\"> m\u00e1s.<\/span><\/span><span class=\"EOP SCXW24964333 BCX0\" data-ccp-props=\"{\"201341983\":0,\"335559739\":120,\"335559740\":256}\"> <\/span><\/p><p><span class=\"TextRun SCXW9441583 BCX0\" lang=\"EN-US\" xml:lang=\"EN-US\" data-contrast=\"none\"><span class=\"NormalTextRun SCXW9441583 BCX0\">Durante un tiempo limitado, People2.0 ofrece hasta cuatro meses de servicios EOR y AOR gratuitos. Lance su programa, coloque su talento y proteja su rentabilidad desde el primer d\u00eda. <\/span><\/span><span class=\"EOP SCXW9441583 BCX0\" data-ccp-props=\"{\"201341983\":0,\"335559739\":120,\"335559740\":256}\"> <\/span><\/p><h4><span class=\"TextRun SCXW253619599 BCX0\" lang=\"EN-US\" xml:lang=\"EN-US\" data-contrast=\"none\"><span class=\"NormalTextRun SCXW253619599 BCX0\" data-ccp-parastyle=\"heading 2\">C\u00f3mo funciona<\/span><\/span><\/h4><ol><li><strong><span class=\"TextRun SCXW27003060 BCX0\" lang=\"EN-US\" data-contrast=\"none\"><span class=\"NormalTextRun SCXW27003060 BCX0\">Contacte con nuestro equipo<\/span><\/span><\/strong><span class=\"TextRun SCXW27003060 BCX0\" lang=\"EN-US\" data-contrast=\"none\"><span class=\"NormalTextRun SCXW27003060 BCX0\">&#8211; Rellene el formulario y <\/span><span class=\"NormalTextRun SCXW27003060 BCX0\">nos<\/span><span class=\"NormalTextRun SCXW27003060 BCX0\"> nos pondremos en contacto con usted para hablar de sus objetivos.<\/span><\/span><span class=\"EOP SCXW27003060 BCX0\" data-ccp-props=\"{\"201341983\":0,\"335559739\":120,\"335559740\":256}\"> <\/span><\/li><li><strong><span class=\"TextRun SCXW102810949 BCX0\" lang=\"EN-US\" data-contrast=\"none\"><span class=\"NormalTextRun SCXW102810949 BCX0\">P\u00f3ngase en marcha<\/span><\/span><\/strong><span class=\"TextRun SCXW102810949 BCX0\" lang=\"EN-US\" data-contrast=\"none\"><span class=\"NormalTextRun SCXW102810949 BCX0\">&#8211; Nos encargamos de la incorporaci\u00f3n, el cumplimiento y la configuraci\u00f3n de las n\u00f3minas para que usted pueda centrarse en sus clientes.<\/span><\/span><span class=\"EOP SCXW102810949 BCX0\" data-ccp-props=\"{\"201341983\":0,\"335559739\":120,\"335559740\":256}\"> <\/span><\/li><li><strong><span class=\"TextRun SCXW63050896 BCX0\" lang=\"EN-US\" data-contrast=\"none\"><span class=\"NormalTextRun SCXW63050896 BCX0\">Colocar talentos sin comisiones<\/span><\/span><\/strong><span class=\"TextRun SCXW63050896 BCX0\" lang=\"EN-US\" data-contrast=\"none\"><span class=\"NormalTextRun SCXW63050896 BCX0\">&#8211;<strong><\/strong><span class=\"NormalTextRun SCXW63050896 BCX0\">Una vez que<\/span><span class=\"NormalTextRun SCXW63050896 BCX0\"> en directo, no pagas tasas durante un m\u00e1ximo de cuatro meses.<\/span><\/span><\/span><span class=\"EOP SCXW63050896 BCX0\" data-ccp-props=\"{\"201341983\":0,\"335559739\":120,\"335559740\":256}\"> <\/span><\/li><\/ol>\t\t\t\t\t\t\t\t<\/div>\n\t\t\t\t<\/div>\n\t\t\t\t<div class=\"elementor-element elementor-element-69a79e4 elementor-widget-divider--view-line elementor-widget elementor-widget-divider\" data-id=\"69a79e4\" data-element_type=\"widget\" data-e-type=\"widget\" data-widget_type=\"divider.default\">\n\t\t\t\t<div class=\"elementor-widget-container\">\n\t\t\t\t\t\t\t<div class=\"elementor-divider\">\n\t\t\t<span class=\"elementor-divider-separator\">\n\t\t\t\t\t\t<\/span>\n\t\t<\/div>\n\t\t\t\t\t\t<\/div>\n\t\t\t\t<\/div>\n\t\t\t\t<div class=\"elementor-element elementor-element-6574be5 elementor-widget elementor-widget-text-editor\" data-id=\"6574be5\" data-element_type=\"widget\" data-e-type=\"widget\" data-widget_type=\"text-editor.default\">\n\t\t\t\t<div class=\"elementor-widget-container\">\n\t\t\t\t\t\t\t\t\t<h4 role=\"heading\" aria-level=\"1\" data-uw-rm-heading=\"level\">Acerca de People2.0<\/h4><p><span class=\"TextRun SCXW169759472 BCX0\" lang=\"EN-US\" xml:lang=\"EN-US\" data-contrast=\"none\" data-uw-rm-lang=\"false\"><span class=\"NormalTextRun SCXW169759472 BCX0\">People2.0 simplifica las complejidades del empleo global mediante cumplimiento de normativas experto y soluciones integrales para el personal. Como proveedor l\u00edder de servicios de empleador de registro (EOR) y agente de registro (AOR),  <\/span><span class=\"NormalTextRun SCXW169759472 BCX0\">hemos<\/span><span class=\"NormalTextRun SCXW169759472 BCX0\"> ayudado a los proveedores de talento y a las empresas a desplegar trabajadores en m\u00e1s de 130 pa\u00edses al tiempo que <\/span><span class=\"NormalTextRun SCXW169759472 BCX0\">manteniendo<\/span><span class=\"NormalTextRun SCXW169759472 BCX0\"> cero clasificaciones err\u00f3neas.<\/span><\/span><span class=\"EOP SCXW169759472 BCX0\" data-ccp-props=\"{\"201341983\":0,\"335559739\":120,\"335559740\":256}\"> <\/span><\/p><p>Nuestro enfoque liderado por expertos garantiza que cada compromiso cumpla con los requisitos normativos locales, permiti\u00e9ndole enfocarse en el crecimiento mientras nosotros gestionamos las complejidades administrativas de la gesti\u00f3n internacional del personal.<\/p>\t\t\t\t\t\t\t\t<\/div>\n\t\t\t\t<\/div>\n\t\t\t\t\t<\/div>\n\t\t<\/div>\n\t\t\t\t<div class=\"elementor-column elementor-col-50 elementor-top-column elementor-element elementor-element-5fcfe33\" data-id=\"5fcfe33\" data-element_type=\"column\" data-e-type=\"column\">\n\t\t\t<div class=\"elementor-widget-wrap elementor-element-populated\">\n\t\t\t\t\t\t<div class=\"elementor-element elementor-element-e087c2f elementor-widget elementor-widget-heading\" data-id=\"e087c2f\" data-element_type=\"widget\" data-e-type=\"widget\" data-widget_type=\"heading.default\">\n\t\t\t\t<div class=\"elementor-widget-container\">\n\t\t\t\t\t<h4 class=\"elementor-heading-title elementor-size-default\">Oferta por tiempo limitado<\/h4>\t\t\t\t<\/div>\n\t\t\t\t<\/div>\n\t\t\t\t<div class=\"elementor-element elementor-element-9eb5fd4 elementor-widget elementor-widget-text-editor\" data-id=\"9eb5fd4\" data-element_type=\"widget\" data-e-type=\"widget\" data-widget_type=\"text-editor.default\">\n\t\t\t\t<div class=\"elementor-widget-container\">\n\t\t\t\t\t\t\t\t\t<p><span class=\"TextRun SCXW125043565 BCX0\" lang=\"EN-US\" xml:lang=\"EN-US\" data-contrast=\"none\"><span class=\"NormalTextRun SCXW125043565 BCX0\">Esta oferta s\u00f3lo est\u00e1 disponible por tiempo limitado. Cuanto antes te pongas en contacto con nuestro equipo, antes podr\u00e1s llevarte   <\/span><span class=\"NormalTextRun ContextualSpellingAndGrammarErrorV2Themed SCXW125043565 BCX0\">ventaja<\/span><span class=\"NormalTextRun SCXW125043565 BCX0\">. <\/span> <\/span>Empiece hoy mismo.<\/p>\t\t\t\t\t\t\t\t<\/div>\n\t\t\t\t<\/div>\n\t\t\t\t<div class=\"elementor-element elementor-element-1562440 elementor-widget__width-initial elementor-widget elementor-widget-hubspot-form\" data-id=\"1562440\" data-element_type=\"widget\" data-e-type=\"widget\" data-widget_type=\"hubspot-form.default\">\n\t\t\t\t<div class=\"elementor-widget-container\">\n\t\t\t\t\t\n\t\t\t<div\n\t\t\tclass=\"hs-form-frame\"\n\t\t\tdata-region=\"na1\"\n\t\t\tdata-form-id=\"1b445622-cc22-42b8-9903-39927e12ff6c\"\n\t\t\tdata-portal-id=\"8817031\"\n\t\t\t >\n\t\t\t<\/div>\n\t\t\t\t\t\t\t<\/div>\n\t\t\t\t<\/div>\n\t\t\t\t\t<\/div>\n\t\t<\/div>\n\t\t\t\t\t<\/div>\n\t\t<\/section>\n\t\t\t\t<\/div>\n\t\t","protected":false},"excerpt":{"rendered":"<p>Inicie su programa con People2.0 y no pague cuotas durante un m\u00e1ximo de cuatro meses. Conserve m\u00e1s de sus primeros ingresos Crecer su negocio de mano de obra eventual significa absorber los costes iniciales antes de ver los beneficios. Los nuevos mercados, los nuevos clientes y las nuevas contrataciones conllevan comisiones que reducen sus m\u00e1rgenes [&hellip;]<\/p>\n","protected":false},"author":3,"featured_media":36196,"parent":0,"menu_order":0,"comment_status":"closed","ping_status":"closed","template":"","meta":{"_acf_changed":false,"content-type":"","footnotes":""},"class_list":["post-36163","page","type-page","status-publish","has-post-thumbnail","hentry"],"acf":[],"yoast_head":"<!-- This site is optimized with the Yoast SEO plugin v27.3 - https:\/\/yoast.com\/product\/yoast-seo-wordpress\/ -->\n<title>Lanzamiento sin comisiones &#8211; People2.0 | Global<\/title>\n<meta name=\"robots\" content=\"index, follow, max-snippet:-1, max-image-preview:large, max-video-preview:-1\" \/>\n<link rel=\"canonical\" href=\"https:\/\/www.people20.com\/es\/zero-fee-launch\/\" \/>\n<meta property=\"og:locale\" content=\"es_ES\" \/>\n<meta property=\"og:type\" content=\"article\" \/>\n<meta property=\"og:title\" content=\"Lanzamiento sin comisiones &#8211; People2.0 | Global\" \/>\n<meta property=\"og:description\" content=\"Inicie su programa con People2.0 y no pague cuotas durante un m\u00e1ximo de cuatro meses. Conserve m\u00e1s de sus primeros ingresos Crecer su negocio de mano de obra eventual significa absorber los costes iniciales antes de ver los beneficios. Los nuevos mercados, los nuevos clientes y las nuevas contrataciones conllevan comisiones que reducen sus m\u00e1rgenes [&hellip;]\" \/>\n<meta property=\"og:url\" content=\"https:\/\/www.people20.com\/es\/zero-fee-launch\/\" \/>\n<meta property=\"og:site_name\" content=\"People2.0 | Global\" \/>\n<meta property=\"article:modified_time\" content=\"2026-02-27T16:28:13+00:00\" \/>\n<meta property=\"og:image\" content=\"https:\/\/www.people20.com\/wp-content\/uploads\/2026\/01\/GLOB_PALL_FeeHoliday_LP_20260105.jpg\" \/>\n\t<meta property=\"og:image:width\" content=\"2205\" \/>\n\t<meta property=\"og:image:height\" content=\"2088\" \/>\n\t<meta property=\"og:image:type\" content=\"image\/jpeg\" \/>\n<meta name=\"twitter:card\" content=\"summary_large_image\" \/>\n<meta name=\"twitter:label1\" content=\"Tiempo de lectura\" \/>\n\t<meta name=\"twitter:data1\" content=\"1 minuto\" \/>\n<!-- \/ Yoast SEO plugin. -->","yoast_head_json":{"title":"Lanzamiento sin comisiones &#8211; People2.0 | Global","robots":{"index":"index","follow":"follow","max-snippet":"max-snippet:-1","max-image-preview":"max-image-preview:large","max-video-preview":"max-video-preview:-1"},"canonical":"https:\/\/www.people20.com\/es\/zero-fee-launch\/","og_locale":"es_ES","og_type":"article","og_title":"Lanzamiento sin comisiones &#8211; People2.0 | Global","og_description":"Inicie su programa con People2.0 y no pague cuotas durante un m\u00e1ximo de cuatro meses. Conserve m\u00e1s de sus primeros ingresos Crecer su negocio de mano de obra eventual significa absorber los costes iniciales antes de ver los beneficios. Los nuevos mercados, los nuevos clientes y las nuevas contrataciones conllevan comisiones que reducen sus m\u00e1rgenes [&hellip;]","og_url":"https:\/\/www.people20.com\/es\/zero-fee-launch\/","og_site_name":"People2.0 | Global","article_modified_time":"2026-02-27T16:28:13+00:00","og_image":[{"width":2205,"height":2088,"url":"https:\/\/www.people20.com\/wp-content\/uploads\/2026\/01\/GLOB_PALL_FeeHoliday_LP_20260105.jpg","type":"image\/jpeg"}],"twitter_card":"summary_large_image","twitter_misc":{"Tiempo de lectura":"1 minuto"},"schema":{"@context":"https:\/\/schema.org","@graph":[{"@type":"WebPage","@id":"https:\/\/www.people20.com\/es\/zero-fee-launch\/","url":"https:\/\/www.people20.com\/es\/zero-fee-launch\/","name":"Lanzamiento sin comisiones &#8211; People2.0 | Global","isPartOf":{"@id":"https:\/\/www.people20.com\/es\/#website"},"primaryImageOfPage":{"@id":"https:\/\/www.people20.com\/es\/zero-fee-launch\/#primaryimage"},"image":{"@id":"https:\/\/www.people20.com\/es\/zero-fee-launch\/#primaryimage"},"thumbnailUrl":"https:\/\/www.people20.com\/wp-content\/uploads\/2026\/01\/GLOB_PALL_FeeHoliday_LP_20260105.jpg","datePublished":"2026-01-05T17:48:58+00:00","dateModified":"2026-02-27T16:28:13+00:00","breadcrumb":{"@id":"https:\/\/www.people20.com\/es\/zero-fee-launch\/#breadcrumb"},"inLanguage":"es","potentialAction":[{"@type":"ReadAction","target":["https:\/\/www.people20.com\/es\/zero-fee-launch\/"]}]},{"@type":"ImageObject","inLanguage":"es","@id":"https:\/\/www.people20.com\/es\/zero-fee-launch\/#primaryimage","url":"https:\/\/www.people20.com\/wp-content\/uploads\/2026\/01\/GLOB_PALL_FeeHoliday_LP_20260105.jpg","contentUrl":"https:\/\/www.people20.com\/wp-content\/uploads\/2026\/01\/GLOB_PALL_FeeHoliday_LP_20260105.jpg","width":2205,"height":2088},{"@type":"BreadcrumbList","@id":"https:\/\/www.people20.com\/es\/zero-fee-launch\/#breadcrumb","itemListElement":[{"@type":"ListItem","position":1,"name":"Home","item":"https:\/\/www.people20.com\/es\/home\/"},{"@type":"ListItem","position":2,"name":"Lanzamiento sin comisiones"}]},{"@type":"WebSite","@id":"https:\/\/www.people20.com\/es\/#website","url":"https:\/\/www.people20.com\/es\/","name":"People2.0 | Global","description":"Global employment, simplified.","publisher":{"@id":"https:\/\/www.people20.com\/es\/#organization"},"potentialAction":[{"@type":"SearchAction","target":{"@type":"EntryPoint","urlTemplate":"https:\/\/www.people20.com\/es\/?s={search_term_string}"},"query-input":{"@type":"PropertyValueSpecification","valueRequired":true,"valueName":"search_term_string"}}],"inLanguage":"es"},{"@type":"Organization","@id":"https:\/\/www.people20.com\/es\/#organization","name":"People2.0 | Global","url":"https:\/\/www.people20.com\/es\/","logo":{"@type":"ImageObject","inLanguage":"es","@id":"https:\/\/www.people20.com\/es\/#\/schema\/logo\/image\/","url":"https:\/\/www.people20.com\/wp-content\/uploads\/2025\/05\/people20-logo.svg","contentUrl":"https:\/\/www.people20.com\/wp-content\/uploads\/2025\/05\/people20-logo.svg","caption":"People2.0 | Global"},"image":{"@id":"https:\/\/www.people20.com\/es\/#\/schema\/logo\/image\/"}}]}},"_links":{"self":[{"href":"https:\/\/www.people20.com\/es\/wp-json\/wp\/v2\/pages\/36163","targetHints":{"allow":["GET"]}}],"collection":[{"href":"https:\/\/www.people20.com\/es\/wp-json\/wp\/v2\/pages"}],"about":[{"href":"https:\/\/www.people20.com\/es\/wp-json\/wp\/v2\/types\/page"}],"author":[{"embeddable":true,"href":"https:\/\/www.people20.com\/es\/wp-json\/wp\/v2\/users\/3"}],"replies":[{"embeddable":true,"href":"https:\/\/www.people20.com\/es\/wp-json\/wp\/v2\/comments?post=36163"}],"version-history":[{"count":14,"href":"https:\/\/www.people20.com\/es\/wp-json\/wp\/v2\/pages\/36163\/revisions"}],"predecessor-version":[{"id":36265,"href":"https:\/\/www.people20.com\/es\/wp-json\/wp\/v2\/pages\/36163\/revisions\/36265"}],"wp:featuredmedia":[{"embeddable":true,"href":"https:\/\/www.people20.com\/es\/wp-json\/wp\/v2\/media\/36196"}],"wp:attachment":[{"href":"https:\/\/www.people20.com\/es\/wp-json\/wp\/v2\/media?parent=36163"}],"curies":[{"name":"wp","href":"https:\/\/api.w.org\/{rel}","templated":true}]}}