{"id":33635,"date":"2025-11-05T12:45:20","date_gmt":"2025-11-05T17:45:20","guid":{"rendered":"https:\/\/www.people20.com\/?page_id=33635"},"modified":"2025-11-05T13:37:31","modified_gmt":"2025-11-05T18:37:31","slug":"uk-to-us-expansion-webinar-recording","status":"publish","type":"page","link":"https:\/\/www.people20.com\/es\/uk-to-us-expansion-webinar-recording\/","title":{"rendered":"Grabaci\u00f3n del seminario web sobre la expansi\u00f3n del Reino Unido a EE.UU."},"content":{"rendered":"\t\t<div data-elementor-type=\"wp-page\" data-elementor-id=\"33635\" class=\"elementor elementor-33635 elementor-33633\" data-elementor-post-type=\"page\">\n\t\t\t\t<div class=\"elementor-element elementor-element-2bafb96 e-flex e-con-boxed e-con e-parent\" data-id=\"2bafb96\" data-element_type=\"container\" data-e-type=\"container\" data-settings=\"{&quot;background_background&quot;:&quot;classic&quot;}\">\n\t\t\t\t\t<div class=\"e-con-inner\">\n\t\t\t\t<div class=\"elementor-element elementor-element-0bbbea8 elementor-widget elementor-widget-heading\" data-id=\"0bbbea8\" data-element_type=\"widget\" data-e-type=\"widget\" data-widget_type=\"heading.default\">\n\t\t\t\t<div class=\"elementor-widget-container\">\n\t\t\t\t\t<h1 class=\"elementor-heading-title elementor-size-default\">Expansi\u00f3n en Estados Unidos: Lo que deben saber las agencias y empresas brit\u00e1nicas<\/h1>\t\t\t\t<\/div>\n\t\t\t\t<\/div>\n\t\t\t\t<div class=\"elementor-element elementor-element-63ef356 elementor-widget elementor-widget-heading\" data-id=\"63ef356\" data-element_type=\"widget\" data-e-type=\"widget\" data-widget_type=\"heading.default\">\n\t\t\t\t<div class=\"elementor-widget-container\">\n\t\t\t\t\t<h2 class=\"elementor-heading-title elementor-size-default\">Grabaci\u00f3n del seminario web<\/h2>\t\t\t\t<\/div>\n\t\t\t\t<\/div>\n\t\t\t\t\t<\/div>\n\t\t\t\t<\/div>\n\t\t\t\t<section class=\"elementor-section elementor-top-section elementor-element elementor-element-3daee08 elementor-section-boxed elementor-section-height-default elementor-section-height-default\" data-id=\"3daee08\" data-element_type=\"section\" data-e-type=\"section\">\n\t\t\t\t\t\t<div class=\"elementor-container elementor-column-gap-default\">\n\t\t\t\t\t<div class=\"elementor-column elementor-col-100 elementor-top-column elementor-element elementor-element-e385900\" data-id=\"e385900\" data-element_type=\"column\" data-e-type=\"column\">\n\t\t\t<div class=\"elementor-widget-wrap elementor-element-populated\">\n\t\t\t\t\t\t<div class=\"elementor-element elementor-element-09ec924 elementor-widget elementor-widget-text-editor\" data-id=\"09ec924\" data-element_type=\"widget\" data-e-type=\"widget\" data-widget_type=\"text-editor.default\">\n\t\t\t\t<div class=\"elementor-widget-container\">\n\t\t\t\t\t\t\t\t\t<h4 class=\"wp-block-heading has-text-color has-link-color wp-elements-497ec52e2591d5e51a27cba2d8af3757\" role=\"heading\" aria-level=\"2\" data-uw-rm-heading=\"level\">Acerca del seminario web<\/h4>\n<p>Estados Unidos es el mayor mercado de contrataci\u00f3n de personal del mundo, lleno de oportunidades, pero tambi\u00e9n uno de los m\u00e1s complejos para las agencias extranjeras. Con 50 estados, cada uno con su propia legislaci\u00f3n laboral, requisitos fiscales federales y estatales, y estrictas normas de clasificaci\u00f3n de los trabajadores, la expansi\u00f3n en Estados Unidos requiere una planificaci\u00f3n cuidadosa y orientaci\u00f3n experta. <\/p>\n<p>Para las agencias de contrataci\u00f3n brit\u00e1nicas, el reto est\u00e1 claro: \u00bfc\u00f3mo aprovechar las ventajas del mercado estadounidense evitando al mismo tiempo los riesgos de incumplimiento y los costosos errores?<\/p>\n<p>En esta sesi\u00f3n de una hora, los expertos de People2.0 compartir\u00e1n ideas pr\u00e1cticas, estrategias de cumplimiento y ejemplos de clientes reales para ayudarle a expandirse con confianza en Estados Unidos.<\/p>\t\t\t\t\t\t\t\t<\/div>\n\t\t\t\t<\/div>\n\t\t\t\t\t<\/div>\n\t\t<\/div>\n\t\t\t\t\t<\/div>\n\t\t<\/section>\n\t\t<div class=\"elementor-element elementor-element-c1553bf e-flex e-con-boxed e-con e-parent\" data-id=\"c1553bf\" data-element_type=\"container\" data-e-type=\"container\">\n\t\t\t\t\t<div class=\"e-con-inner\">\n\t\t<div class=\"elementor-element elementor-element-f986f92 e-con-full e-flex e-con e-child\" data-id=\"f986f92\" data-element_type=\"container\" data-e-type=\"container\">\n\t\t\t\t<div class=\"elementor-element elementor-element-d744303 elementor-widget elementor-widget-html\" data-id=\"d744303\" data-element_type=\"widget\" data-e-type=\"widget\" data-widget_type=\"html.default\">\n\t\t\t\t<div class=\"elementor-widget-container\">\n\t\t\t\t\t<div style=\"position: relative; display: block; max-width: 600px;\">\r\n  <div style=\"padding-top: 50%;\">\r\n    <iframe src=\"https:\/\/players.brightcove.net\/5334057671001\/HJVGFChYe_default\/index.html?videoId=6384557543112\" allowfullscreen=\"\" allow=\"encrypted-media\" style=\"position: absolute; top: 0px; right: 0px; bottom: 0px; left: 0px; width: 100%; height: 100%;\"><\/iframe>\r\n  <\/div>\r\n<\/div>\t\t\t\t<\/div>\n\t\t\t\t<\/div>\n\t\t\t\t<\/div>\n\t\t<div class=\"elementor-element elementor-element-89be896 e-con-full e-flex e-con e-child\" data-id=\"89be896\" data-element_type=\"container\" data-e-type=\"container\">\n\t\t\t\t<div class=\"elementor-element elementor-element-e70de51 elementor-widget elementor-widget-text-editor\" data-id=\"e70de51\" data-element_type=\"widget\" data-e-type=\"widget\" data-widget_type=\"text-editor.default\">\n\t\t\t\t<div class=\"elementor-widget-container\">\n\t\t\t\t\t\t\t\t\t<h4>Descarga tus diapositivas:<\/h4><p><a href=\"https:\/\/global.people20.com\/hubfs\/UK%20to%20US%20Expansion%20Webinar%20Slides.pdf\">La expansi\u00f3n de las agencias brit\u00e1nicas en EE.UU. se desliza  <\/a><\/p>\t\t\t\t\t\t\t\t<\/div>\n\t\t\t\t<\/div>\n\t\t\t\t<\/div>\n\t\t\t\t\t<\/div>\n\t\t\t\t<\/div>\n\t\t<div class=\"elementor-element elementor-element-11faaa3 e-flex e-con-boxed e-con e-parent\" data-id=\"11faaa3\" data-element_type=\"container\" data-e-type=\"container\">\n\t\t\t\t\t<div class=\"e-con-inner\">\n\t\t\t\t<div class=\"elementor-element elementor-element-63c503a elementor-widget elementor-widget-spacer\" data-id=\"63c503a\" data-element_type=\"widget\" data-e-type=\"widget\" data-widget_type=\"spacer.default\">\n\t\t\t\t<div class=\"elementor-widget-container\">\n\t\t\t\t\t\t\t<div class=\"elementor-spacer\">\n\t\t\t<div class=\"elementor-spacer-inner\"><\/div>\n\t\t<\/div>\n\t\t\t\t\t\t<\/div>\n\t\t\t\t<\/div>\n\t\t\t\t\t<\/div>\n\t\t\t\t<\/div>\n\t\t<div class=\"elementor-element elementor-element-d3849ab e-flex e-con-boxed e-con e-parent\" data-id=\"d3849ab\" data-element_type=\"container\" data-e-type=\"container\">\n\t\t\t\t\t<div class=\"e-con-inner\">\n\t\t\t\t<div class=\"elementor-element elementor-element-ffb8cdd elementor-widget elementor-widget-heading\" data-id=\"ffb8cdd\" data-element_type=\"widget\" data-e-type=\"widget\" data-widget_type=\"heading.default\">\n\t\t\t\t<div class=\"elementor-widget-container\">\n\t\t\t\t\t<h2 class=\"elementor-heading-title elementor-size-default\">Gracias por vernos.<\/h2>\t\t\t\t<\/div>\n\t\t\t\t<\/div>\n\t\t\t\t\t<\/div>\n\t\t\t\t<\/div>\n\t\t<div class=\"elementor-element elementor-element-15a5c4a e-flex e-con-boxed e-con e-parent\" data-id=\"15a5c4a\" data-element_type=\"container\" data-e-type=\"container\">\n\t\t\t\t\t<div class=\"e-con-inner\">\n\t\t\t\t<div class=\"elementor-element elementor-element-a7d55d7 elementor-widget elementor-widget-spacer\" data-id=\"a7d55d7\" data-element_type=\"widget\" data-e-type=\"widget\" data-widget_type=\"spacer.default\">\n\t\t\t\t<div class=\"elementor-widget-container\">\n\t\t\t\t\t\t\t<div class=\"elementor-spacer\">\n\t\t\t<div class=\"elementor-spacer-inner\"><\/div>\n\t\t<\/div>\n\t\t\t\t\t\t<\/div>\n\t\t\t\t<\/div>\n\t\t\t\t\t<\/div>\n\t\t\t\t<\/div>\n\t\t\t\t<\/div>\n\t\t","protected":false},"excerpt":{"rendered":"<p>Expansi\u00f3n en Estados Unidos: Lo que deben saber las agencias y empresas brit\u00e1nicas Grabaci\u00f3n del seminario web Acerca del seminario web Estados Unidos es el mayor mercado de contrataci\u00f3n de personal del mundo, lleno de oportunidades, pero tambi\u00e9n uno de los m\u00e1s complejos para las agencias extranjeras. Con 50 estados, cada uno con su propia [&hellip;]<\/p>\n","protected":false},"author":4,"featured_media":22154,"parent":0,"menu_order":0,"comment_status":"closed","ping_status":"closed","template":"","meta":{"_acf_changed":false,"content-type":"","footnotes":""},"class_list":["post-33635","page","type-page","status-publish","has-post-thumbnail","hentry"],"acf":[],"yoast_head":"<!-- This site is optimized with the Yoast SEO plugin v27.4 - https:\/\/yoast.com\/product\/yoast-seo-wordpress\/ -->\n<title>Grabaci\u00f3n del seminario web sobre la expansi\u00f3n del Reino Unido a EE.UU. &#8211; People2.0 | Global<\/title>\n<meta name=\"robots\" content=\"index, follow, max-snippet:-1, max-image-preview:large, max-video-preview:-1\" \/>\n<link rel=\"canonical\" href=\"https:\/\/www.people20.com\/es\/uk-to-us-expansion-webinar-recording\/\" \/>\n<meta property=\"og:locale\" content=\"es_ES\" \/>\n<meta property=\"og:type\" content=\"article\" \/>\n<meta property=\"og:title\" content=\"Grabaci\u00f3n del seminario web sobre la expansi\u00f3n del Reino Unido a EE.UU. &#8211; People2.0 | Global\" \/>\n<meta property=\"og:description\" content=\"Expansi\u00f3n en Estados Unidos: Lo que deben saber las agencias y empresas brit\u00e1nicas Grabaci\u00f3n del seminario web Acerca del seminario web Estados Unidos es el mayor mercado de contrataci\u00f3n de personal del mundo, lleno de oportunidades, pero tambi\u00e9n uno de los m\u00e1s complejos para las agencias extranjeras. Con 50 estados, cada uno con su propia [&hellip;]\" \/>\n<meta property=\"og:url\" content=\"https:\/\/www.people20.com\/es\/uk-to-us-expansion-webinar-recording\/\" \/>\n<meta property=\"og:site_name\" content=\"People2.0 | Global\" \/>\n<meta property=\"article:modified_time\" content=\"2025-11-05T18:37:31+00:00\" \/>\n<meta property=\"og:image\" content=\"https:\/\/www.people20.com\/wp-content\/uploads\/2025\/09\/Rectangle-5934-2.png\" \/>\n\t<meta property=\"og:image:width\" content=\"873\" \/>\n\t<meta property=\"og:image:height\" content=\"473\" \/>\n\t<meta property=\"og:image:type\" content=\"image\/png\" \/>\n<meta name=\"twitter:card\" content=\"summary_large_image\" \/>\n<meta name=\"twitter:label1\" content=\"Tiempo de lectura\" \/>\n\t<meta name=\"twitter:data1\" content=\"1 minuto\" \/>\n<!-- \/ Yoast SEO plugin. -->","yoast_head_json":{"title":"Grabaci\u00f3n del seminario web sobre la expansi\u00f3n del Reino Unido a EE.UU. &#8211; People2.0 | Global","robots":{"index":"index","follow":"follow","max-snippet":"max-snippet:-1","max-image-preview":"max-image-preview:large","max-video-preview":"max-video-preview:-1"},"canonical":"https:\/\/www.people20.com\/es\/uk-to-us-expansion-webinar-recording\/","og_locale":"es_ES","og_type":"article","og_title":"Grabaci\u00f3n del seminario web sobre la expansi\u00f3n del Reino Unido a EE.UU. &#8211; People2.0 | Global","og_description":"Expansi\u00f3n en Estados Unidos: Lo que deben saber las agencias y empresas brit\u00e1nicas Grabaci\u00f3n del seminario web Acerca del seminario web Estados Unidos es el mayor mercado de contrataci\u00f3n de personal del mundo, lleno de oportunidades, pero tambi\u00e9n uno de los m\u00e1s complejos para las agencias extranjeras. Con 50 estados, cada uno con su propia [&hellip;]","og_url":"https:\/\/www.people20.com\/es\/uk-to-us-expansion-webinar-recording\/","og_site_name":"People2.0 | Global","article_modified_time":"2025-11-05T18:37:31+00:00","og_image":[{"width":873,"height":473,"url":"https:\/\/www.people20.com\/wp-content\/uploads\/2025\/09\/Rectangle-5934-2.png","type":"image\/png"}],"twitter_card":"summary_large_image","twitter_misc":{"Tiempo de lectura":"1 minuto"},"schema":{"@context":"https:\/\/schema.org","@graph":[{"@type":"WebPage","@id":"https:\/\/www.people20.com\/es\/uk-to-us-expansion-webinar-recording\/","url":"https:\/\/www.people20.com\/es\/uk-to-us-expansion-webinar-recording\/","name":"Grabaci\u00f3n del seminario web sobre la expansi\u00f3n del Reino Unido a EE.UU. &#8211; People2.0 | Global","isPartOf":{"@id":"https:\/\/www.people20.com\/es\/#website"},"primaryImageOfPage":{"@id":"https:\/\/www.people20.com\/es\/uk-to-us-expansion-webinar-recording\/#primaryimage"},"image":{"@id":"https:\/\/www.people20.com\/es\/uk-to-us-expansion-webinar-recording\/#primaryimage"},"thumbnailUrl":"https:\/\/www.people20.com\/wp-content\/uploads\/2025\/09\/Rectangle-5934-2.png","datePublished":"2025-11-05T17:45:20+00:00","dateModified":"2025-11-05T18:37:31+00:00","breadcrumb":{"@id":"https:\/\/www.people20.com\/es\/uk-to-us-expansion-webinar-recording\/#breadcrumb"},"inLanguage":"es","potentialAction":[{"@type":"ReadAction","target":["https:\/\/www.people20.com\/es\/uk-to-us-expansion-webinar-recording\/"]}]},{"@type":"ImageObject","inLanguage":"es","@id":"https:\/\/www.people20.com\/es\/uk-to-us-expansion-webinar-recording\/#primaryimage","url":"https:\/\/www.people20.com\/wp-content\/uploads\/2025\/09\/Rectangle-5934-2.png","contentUrl":"https:\/\/www.people20.com\/wp-content\/uploads\/2025\/09\/Rectangle-5934-2.png","width":873,"height":473},{"@type":"BreadcrumbList","@id":"https:\/\/www.people20.com\/es\/uk-to-us-expansion-webinar-recording\/#breadcrumb","itemListElement":[{"@type":"ListItem","position":1,"name":"Home","item":"https:\/\/www.people20.com\/es\/"},{"@type":"ListItem","position":2,"name":"Grabaci\u00f3n del seminario web sobre la expansi\u00f3n del Reino Unido a EE.UU."}]},{"@type":"WebSite","@id":"https:\/\/www.people20.com\/es\/#website","url":"https:\/\/www.people20.com\/es\/","name":"People2.0 | Global","description":"Global employment, simplified.","publisher":{"@id":"https:\/\/www.people20.com\/es\/#organization"},"potentialAction":[{"@type":"SearchAction","target":{"@type":"EntryPoint","urlTemplate":"https:\/\/www.people20.com\/es\/?s={search_term_string}"},"query-input":{"@type":"PropertyValueSpecification","valueRequired":true,"valueName":"search_term_string"}}],"inLanguage":"es"},{"@type":"Organization","@id":"https:\/\/www.people20.com\/es\/#organization","name":"People2.0 | Global","url":"https:\/\/www.people20.com\/es\/","logo":{"@type":"ImageObject","inLanguage":"es","@id":"https:\/\/www.people20.com\/es\/#\/schema\/logo\/image\/","url":"https:\/\/www.people20.com\/wp-content\/uploads\/2025\/05\/people20-logo.svg","contentUrl":"https:\/\/www.people20.com\/wp-content\/uploads\/2025\/05\/people20-logo.svg","caption":"People2.0 | Global"},"image":{"@id":"https:\/\/www.people20.com\/es\/#\/schema\/logo\/image\/"}}]}},"_links":{"self":[{"href":"https:\/\/www.people20.com\/es\/wp-json\/wp\/v2\/pages\/33635","targetHints":{"allow":["GET"]}}],"collection":[{"href":"https:\/\/www.people20.com\/es\/wp-json\/wp\/v2\/pages"}],"about":[{"href":"https:\/\/www.people20.com\/es\/wp-json\/wp\/v2\/types\/page"}],"author":[{"embeddable":true,"href":"https:\/\/www.people20.com\/es\/wp-json\/wp\/v2\/users\/4"}],"replies":[{"embeddable":true,"href":"https:\/\/www.people20.com\/es\/wp-json\/wp\/v2\/comments?post=33635"}],"version-history":[{"count":7,"href":"https:\/\/www.people20.com\/es\/wp-json\/wp\/v2\/pages\/33635\/revisions"}],"predecessor-version":[{"id":33914,"href":"https:\/\/www.people20.com\/es\/wp-json\/wp\/v2\/pages\/33635\/revisions\/33914"}],"wp:featuredmedia":[{"embeddable":true,"href":"https:\/\/www.people20.com\/es\/wp-json\/wp\/v2\/media\/22154"}],"wp:attachment":[{"href":"https:\/\/www.people20.com\/es\/wp-json\/wp\/v2\/media?parent=33635"}],"curies":[{"name":"wp","href":"https:\/\/api.w.org\/{rel}","templated":true}]}}