{"id":33521,"date":"2025-10-29T14:57:55","date_gmt":"2025-10-29T18:57:55","guid":{"rendered":"https:\/\/www.people20.com\/?page_id=33521"},"modified":"2025-10-31T18:42:09","modified_gmt":"2025-10-31T22:42:09","slug":"strategies-to-optimize-your-ic-compliance-program","status":"publish","type":"page","link":"https:\/\/www.people20.com\/es\/strategies-to-optimize-your-ic-compliance-program\/","title":{"rendered":"Estrategias para optimizar su programa de cumplimiento de la normativa sobre CI"},"content":{"rendered":"\t\t<div data-elementor-type=\"wp-page\" data-elementor-id=\"33521\" class=\"elementor elementor-33521 elementor-33519\" data-elementor-post-type=\"page\">\n\t\t\t\t<div class=\"elementor-element elementor-element-2bafb96 e-flex e-con-boxed e-con e-parent\" data-id=\"2bafb96\" data-element_type=\"container\" data-e-type=\"container\" data-settings=\"{&quot;background_background&quot;:&quot;classic&quot;}\">\n\t\t\t\t\t<div class=\"e-con-inner\">\n\t\t\t\t<div class=\"elementor-element elementor-element-63ef356 elementor-widget elementor-widget-heading\" data-id=\"63ef356\" data-element_type=\"widget\" data-e-type=\"widget\" data-widget_type=\"heading.default\">\n\t\t\t\t<div class=\"elementor-widget-container\">\n\t\t\t\t\t<h2 class=\"elementor-heading-title elementor-size-default\">Grabaci\u00f3n del seminario web<\/h2>\t\t\t\t<\/div>\n\t\t\t\t<\/div>\n\t\t\t\t\t<\/div>\n\t\t\t\t<\/div>\n\t\t\t\t<section class=\"elementor-section elementor-top-section elementor-element elementor-element-3daee08 elementor-section-boxed elementor-section-height-default elementor-section-height-default\" data-id=\"3daee08\" data-element_type=\"section\" data-e-type=\"section\">\n\t\t\t\t\t\t<div class=\"elementor-container elementor-column-gap-default\">\n\t\t\t\t\t<div class=\"elementor-column elementor-col-100 elementor-top-column elementor-element elementor-element-e385900\" data-id=\"e385900\" data-element_type=\"column\" data-e-type=\"column\">\n\t\t\t<div class=\"elementor-widget-wrap elementor-element-populated\">\n\t\t\t\t\t\t<div class=\"elementor-element elementor-element-09ec924 elementor-widget elementor-widget-text-editor\" data-id=\"09ec924\" data-element_type=\"widget\" data-e-type=\"widget\" data-widget_type=\"text-editor.default\">\n\t\t\t\t<div class=\"elementor-widget-container\">\n\t\t\t\t\t\t\t\t\t<p>Gestionar el cumplimiento de <strong>los contratistas independientes (CI<\/strong> ) es cada vez m\u00e1s complejo y cada vez m\u00e1s importante. Muchas organizaciones, sin saberlo, est\u00e1n gastando m\u00e1s de la cuenta, operan con una visibilidad limitada de su poblaci\u00f3n de CI y conf\u00edan en soluciones que se quedan cortas a la hora de impulsar el cumplimiento y el rendimiento reales.   <\/p>\n<p>En este seminario web, exploraremos c\u00f3mo las organizaciones l\u00edderes est\u00e1n transformando sus programas de CI para desbloquear ahorros de costes ocultos, mejorar la visibilidad y dise\u00f1ar soluciones escalables y conformes que ofrezcan un valor empresarial real. Tanto si desea perfeccionar su enfoque actual como comprender mejor el panorama actual, esta sesi\u00f3n le proporcionar\u00e1 los conocimientos especializados que necesita para hacer evolucionar su estrategia de CI. <\/p>\n<h4 class=\"wp-block-heading has-text-color has-link-color wp-elements-6723ef3b2b799c9d3da9fa7197171918\" role=\"heading\" aria-level=\"2\" data-uw-rm-heading=\"level\">\u00bfPor qu\u00e9 mirar?  <\/h4>\n<p>Su programa de CI es una pieza cr\u00edtica de su negocio, y hacerlo bien es esencial para gestionar los costes y minimizar el riesgo de cumplimiento. Esta sesi\u00f3n le proporcionar\u00e1 las herramientas, estrategias y orientaci\u00f3n de expertos para optimizar su enfoque y mantener a su organizaci\u00f3n a la vanguardia.   <\/p>\t\t\t\t\t\t\t\t<\/div>\n\t\t\t\t<\/div>\n\t\t\t\t\t<\/div>\n\t\t<\/div>\n\t\t\t\t\t<\/div>\n\t\t<\/section>\n\t\t<div class=\"elementor-element elementor-element-c1553bf e-flex e-con-boxed e-con e-parent\" data-id=\"c1553bf\" data-element_type=\"container\" data-e-type=\"container\">\n\t\t\t\t\t<div class=\"e-con-inner\">\n\t\t<div class=\"elementor-element elementor-element-f986f92 e-con-full e-flex e-con e-child\" data-id=\"f986f92\" data-element_type=\"container\" data-e-type=\"container\">\n\t\t\t\t<div class=\"elementor-element elementor-element-d744303 elementor-widget elementor-widget-html\" data-id=\"d744303\" data-element_type=\"widget\" data-e-type=\"widget\" data-widget_type=\"html.default\">\n\t\t\t\t<div class=\"elementor-widget-container\">\n\t\t\t\t\t<div style=\"position: center; display: block;  \">\r\n  <div style=\"padding-top: 50%;\">\r\n    <iframe src=\"https:\/\/players.brightcove.net\/5334057671001\/HJVGFChYe_default\/index.html?videoId=6384255387112\" allowfullscreen=\"\" allow=\"encrypted-media\" style=\"position: absolute; top: 0px; right: 0px; bottom: 0px; left: 0px; width: 100%; height: 100%;\"><\/iframe>\r\n  <\/div>\r\n<\/div>\t\t\t\t<\/div>\n\t\t\t\t<\/div>\n\t\t\t\t<\/div>\n\t\t<div class=\"elementor-element elementor-element-89be896 e-con-full e-flex e-con e-child\" data-id=\"89be896\" data-element_type=\"container\" data-e-type=\"container\">\n\t\t\t\t<div class=\"elementor-element elementor-element-e70de51 elementor-widget elementor-widget-text-editor\" data-id=\"e70de51\" data-element_type=\"widget\" data-e-type=\"widget\" data-widget_type=\"text-editor.default\">\n\t\t\t\t<div class=\"elementor-widget-container\">\n\t\t\t\t\t\t\t\t\t<h4>Accede a tus diapositivas:<\/h4><h4><a href=\"https:\/\/global.people20.com\/hubfs\/5%20Proven%20Strategies%20to%20Optimize%20Your%20IC%20Compliance%20Program%20Webinar%20Slides.pdf\">5 estrategias probadas para optimizar su programa de cumplimiento de la normativa de CI Diapositivas del seminario web<\/a><\/h4>\t\t\t\t\t\t\t\t<\/div>\n\t\t\t\t<\/div>\n\t\t\t\t<\/div>\n\t\t\t\t\t<\/div>\n\t\t\t\t<\/div>\n\t\t<div class=\"elementor-element elementor-element-11faaa3 e-flex e-con-boxed e-con e-parent\" data-id=\"11faaa3\" data-element_type=\"container\" data-e-type=\"container\">\n\t\t\t\t\t<div class=\"e-con-inner\">\n\t\t\t\t<div class=\"elementor-element elementor-element-63c503a elementor-widget elementor-widget-spacer\" data-id=\"63c503a\" data-element_type=\"widget\" data-e-type=\"widget\" data-widget_type=\"spacer.default\">\n\t\t\t\t<div class=\"elementor-widget-container\">\n\t\t\t\t\t\t\t<div class=\"elementor-spacer\">\n\t\t\t<div class=\"elementor-spacer-inner\"><\/div>\n\t\t<\/div>\n\t\t\t\t\t\t<\/div>\n\t\t\t\t<\/div>\n\t\t\t\t\t<\/div>\n\t\t\t\t<\/div>\n\t\t<div class=\"elementor-element elementor-element-d3849ab e-flex e-con-boxed e-con e-parent\" data-id=\"d3849ab\" data-element_type=\"container\" data-e-type=\"container\">\n\t\t\t\t\t<div class=\"e-con-inner\">\n\t\t\t\t<div class=\"elementor-element elementor-element-ffb8cdd elementor-widget elementor-widget-heading\" data-id=\"ffb8cdd\" data-element_type=\"widget\" data-e-type=\"widget\" data-widget_type=\"heading.default\">\n\t\t\t\t<div class=\"elementor-widget-container\">\n\t\t\t\t\t<h2 class=\"elementor-heading-title elementor-size-default\">Conecte con nuestros ponentes<\/h2>\t\t\t\t<\/div>\n\t\t\t\t<\/div>\n\t\t\t\t\t<\/div>\n\t\t\t\t<\/div>\n\t\t<div class=\"elementor-element elementor-element-e7e8025 e-flex e-con-boxed e-con e-parent\" data-id=\"e7e8025\" data-element_type=\"container\" data-e-type=\"container\">\n\t\t\t\t\t<div class=\"e-con-inner\">\n\t\t<div class=\"elementor-element elementor-element-f03c5bc e-con-full e-flex e-con e-child\" data-id=\"f03c5bc\" data-element_type=\"container\" data-e-type=\"container\">\n\t\t\t\t<div class=\"elementor-element elementor-element-f22417b elementor-widget elementor-widget-image\" data-id=\"f22417b\" data-element_type=\"widget\" data-e-type=\"widget\" data-widget_type=\"image.default\">\n\t\t\t\t<div class=\"elementor-widget-container\">\n\t\t\t\t\t\t\t\t\t\t\t\t\t\t\t\t<a href=\"https:\/\/www.people20.com\/expert\/patrick-youngs-2\/\">\n\t\t\t\t\t\t\t<img decoding=\"async\" width=\"150\" height=\"150\" src=\"https:\/\/www.people20.com\/wp-content\/uploads\/2025\/10\/patrick-headshot-150x150.jpg\" class=\"attachment-thumbnail size-thumbnail wp-image-33555\" alt=\"\" srcset=\"https:\/\/www.people20.com\/wp-content\/uploads\/2025\/10\/patrick-headshot-150x150.jpg 150w, https:\/\/www.people20.com\/wp-content\/uploads\/2025\/10\/patrick-headshot-300x300.jpg 300w, https:\/\/www.people20.com\/wp-content\/uploads\/2025\/10\/patrick-headshot-1024x1024.jpg 1024w, https:\/\/www.people20.com\/wp-content\/uploads\/2025\/10\/patrick-headshot-768x768.jpg 768w, https:\/\/www.people20.com\/wp-content\/uploads\/2025\/10\/patrick-headshot.jpg 1080w\" sizes=\"(max-width: 150px) 100vw, 150px\" \/>\t\t\t\t\t\t\t\t<\/a>\n\t\t\t\t\t\t\t\t\t\t\t\t\t\t\t<\/div>\n\t\t\t\t<\/div>\n\t\t\t\t<div class=\"elementor-element elementor-element-00d8414 elementor-widget elementor-widget-text-editor\" data-id=\"00d8414\" data-element_type=\"widget\" data-e-type=\"widget\" data-widget_type=\"text-editor.default\">\n\t\t\t\t<div class=\"elementor-widget-container\">\n\t\t\t\t\t\t\t\t\t<p><a href=\"https:\/\/www.people20.com\/expert\/patrick-youngs-2\/\"><strong>Patrick Youngs<\/strong><\/a><\/p>\n<p>SVP Soluciones Empresariales<\/p>\n<p> <\/p>\t\t\t\t\t\t\t\t<\/div>\n\t\t\t\t<\/div>\n\t\t\t\t<\/div>\n\t\t<div class=\"elementor-element elementor-element-23b5446 e-con-full e-flex e-con e-child\" data-id=\"23b5446\" data-element_type=\"container\" data-e-type=\"container\">\n\t\t\t\t<div class=\"elementor-element elementor-element-04bc928 elementor-widget elementor-widget-image\" data-id=\"04bc928\" data-element_type=\"widget\" data-e-type=\"widget\" data-widget_type=\"image.default\">\n\t\t\t\t<div class=\"elementor-widget-container\">\n\t\t\t\t\t\t\t\t\t\t\t\t\t\t\t\t<a href=\"https:\/\/www.people20.com\/es\/expert\/sarah-buckley\/\">\n\t\t\t\t\t\t\t<img decoding=\"async\" width=\"150\" height=\"150\" src=\"https:\/\/www.people20.com\/wp-content\/uploads\/schema-and-structured-data-for-wp\/SarahBuckley-Headshot-SMEPage-150x150.png\" class=\"attachment-thumbnail size-thumbnail wp-image-31594\" alt=\"\" srcset=\"https:\/\/www.people20.com\/wp-content\/uploads\/schema-and-structured-data-for-wp\/SarahBuckley-Headshot-SMEPage-150x150.png 150w, https:\/\/www.people20.com\/wp-content\/uploads\/schema-and-structured-data-for-wp\/SarahBuckley-Headshot-SMEPage-300x300.png 300w, https:\/\/www.people20.com\/wp-content\/uploads\/schema-and-structured-data-for-wp\/SarahBuckley-Headshot-SMEPage.png 500w\" sizes=\"(max-width: 150px) 100vw, 150px\" \/>\t\t\t\t\t\t\t\t<\/a>\n\t\t\t\t\t\t\t\t\t\t\t\t\t\t\t<\/div>\n\t\t\t\t<\/div>\n\t\t\t\t<div class=\"elementor-element elementor-element-06a1aab elementor-widget elementor-widget-text-editor\" data-id=\"06a1aab\" data-element_type=\"widget\" data-e-type=\"widget\" data-widget_type=\"text-editor.default\">\n\t\t\t\t<div class=\"elementor-widget-container\">\n\t\t\t\t\t\t\t\t\t<p style=\"text-align: center;\"><a href=\"https:\/\/www.people20.com\/es\/expert\/sarah-buckley\/\"><strong>Sarah Buckley<\/strong><\/a><\/p>\n<p>VP, Cuentas Estrat\u00e9gicas<\/p>\t\t\t\t\t\t\t\t<\/div>\n\t\t\t\t<\/div>\n\t\t\t\t<\/div>\n\t\t<div class=\"elementor-element elementor-element-f419d7d e-con-full e-flex e-con e-child\" data-id=\"f419d7d\" data-element_type=\"container\" data-e-type=\"container\">\n\t\t\t\t<div class=\"elementor-element elementor-element-1fd6970 elementor-widget elementor-widget-image\" data-id=\"1fd6970\" data-element_type=\"widget\" data-e-type=\"widget\" data-widget_type=\"image.default\">\n\t\t\t\t<div class=\"elementor-widget-container\">\n\t\t\t\t\t\t\t\t\t\t\t\t\t\t\t\t<a href=\"https:\/\/www.people20.com\/expert\/jennifer-summerhill-2\/\">\n\t\t\t\t\t\t\t<img decoding=\"async\" width=\"150\" height=\"150\" src=\"https:\/\/www.people20.com\/wp-content\/uploads\/2025\/10\/jenn-summerhil-headshot-150x150.jpg\" class=\"attachment-thumbnail size-thumbnail wp-image-33565\" alt=\"\" srcset=\"https:\/\/www.people20.com\/wp-content\/uploads\/2025\/10\/jenn-summerhil-headshot-150x150.jpg 150w, https:\/\/www.people20.com\/wp-content\/uploads\/2025\/10\/jenn-summerhil-headshot-300x300.jpg 300w, https:\/\/www.people20.com\/wp-content\/uploads\/2025\/10\/jenn-summerhil-headshot-1024x1024.jpg 1024w, https:\/\/www.people20.com\/wp-content\/uploads\/2025\/10\/jenn-summerhil-headshot-768x768.jpg 768w, https:\/\/www.people20.com\/wp-content\/uploads\/2025\/10\/jenn-summerhil-headshot.jpg 1080w\" sizes=\"(max-width: 150px) 100vw, 150px\" \/>\t\t\t\t\t\t\t\t<\/a>\n\t\t\t\t\t\t\t\t\t\t\t\t\t\t\t<\/div>\n\t\t\t\t<\/div>\n\t\t\t\t<div class=\"elementor-element elementor-element-6576d31 elementor-widget elementor-widget-text-editor\" data-id=\"6576d31\" data-element_type=\"widget\" data-e-type=\"widget\" data-widget_type=\"text-editor.default\">\n\t\t\t\t<div class=\"elementor-widget-container\">\n\t\t\t\t\t\t\t\t\t<p style=\"text-align: center;\"><a href=\"https:\/\/www.people20.com\/expert\/jennifer-summerhill-2\/\"><strong>Jennifer Summerhill<\/strong><\/a><\/p>\n<p>VP, Desarrollo de Negocio<\/p>\t\t\t\t\t\t\t\t<\/div>\n\t\t\t\t<\/div>\n\t\t\t\t<\/div>\n\t\t\t\t\t<\/div>\n\t\t\t\t<\/div>\n\t\t<div class=\"elementor-element elementor-element-5273c16 e-flex e-con-boxed e-con e-parent\" data-id=\"5273c16\" data-element_type=\"container\" data-e-type=\"container\">\n\t\t\t\t\t<div class=\"e-con-inner\">\n\t\t\t\t<div class=\"elementor-element elementor-element-dd0048b elementor-widget elementor-widget-spacer\" data-id=\"dd0048b\" data-element_type=\"widget\" data-e-type=\"widget\" data-widget_type=\"spacer.default\">\n\t\t\t\t<div class=\"elementor-widget-container\">\n\t\t\t\t\t\t\t<div class=\"elementor-spacer\">\n\t\t\t<div class=\"elementor-spacer-inner\"><\/div>\n\t\t<\/div>\n\t\t\t\t\t\t<\/div>\n\t\t\t\t<\/div>\n\t\t\t\t\t<\/div>\n\t\t\t\t<\/div>\n\t\t\t\t<\/div>\n\t\t","protected":false},"excerpt":{"rendered":"<p>Grabaci\u00f3n del seminario web Gestionar el cumplimiento de los contratistas independientes (CI ) es cada vez m\u00e1s complejo y cada vez m\u00e1s importante. Muchas organizaciones, sin saberlo, est\u00e1n gastando m\u00e1s de la cuenta, operan con una visibilidad limitada de su poblaci\u00f3n de CI y conf\u00edan en soluciones que se quedan cortas a la hora de [&hellip;]<\/p>\n","protected":false},"author":3,"featured_media":22154,"parent":0,"menu_order":0,"comment_status":"closed","ping_status":"closed","template":"","meta":{"_acf_changed":false,"content-type":"","footnotes":""},"class_list":["post-33521","page","type-page","status-publish","has-post-thumbnail","hentry"],"acf":[],"yoast_head":"<!-- This site is optimized with the Yoast SEO plugin v27.4 - https:\/\/yoast.com\/product\/yoast-seo-wordpress\/ -->\n<title>Estrategias para optimizar su programa de cumplimiento de la normativa sobre CI &#8211; People2.0 | Global<\/title>\n<meta name=\"robots\" content=\"index, follow, max-snippet:-1, max-image-preview:large, max-video-preview:-1\" \/>\n<link rel=\"canonical\" href=\"https:\/\/www.people20.com\/es\/strategies-to-optimize-your-ic-compliance-program\/\" \/>\n<meta property=\"og:locale\" content=\"es_ES\" \/>\n<meta property=\"og:type\" content=\"article\" \/>\n<meta property=\"og:title\" content=\"Estrategias para optimizar su programa de cumplimiento de la normativa sobre CI &#8211; People2.0 | Global\" \/>\n<meta property=\"og:description\" content=\"Grabaci\u00f3n del seminario web Gestionar el cumplimiento de los contratistas independientes (CI ) es cada vez m\u00e1s complejo y cada vez m\u00e1s importante. Muchas organizaciones, sin saberlo, est\u00e1n gastando m\u00e1s de la cuenta, operan con una visibilidad limitada de su poblaci\u00f3n de CI y conf\u00edan en soluciones que se quedan cortas a la hora de [&hellip;]\" \/>\n<meta property=\"og:url\" content=\"https:\/\/www.people20.com\/es\/strategies-to-optimize-your-ic-compliance-program\/\" \/>\n<meta property=\"og:site_name\" content=\"People2.0 | Global\" \/>\n<meta property=\"article:modified_time\" content=\"2025-10-31T22:42:09+00:00\" \/>\n<meta property=\"og:image\" content=\"https:\/\/www.people20.com\/wp-content\/uploads\/2025\/09\/Rectangle-5934-2.png\" \/>\n\t<meta property=\"og:image:width\" content=\"873\" \/>\n\t<meta property=\"og:image:height\" content=\"473\" \/>\n\t<meta property=\"og:image:type\" content=\"image\/png\" \/>\n<meta name=\"twitter:card\" content=\"summary_large_image\" \/>\n<meta name=\"twitter:label1\" content=\"Tiempo de lectura\" \/>\n\t<meta name=\"twitter:data1\" content=\"1 minuto\" \/>\n<!-- \/ Yoast SEO plugin. -->","yoast_head_json":{"title":"Estrategias para optimizar su programa de cumplimiento de la normativa sobre CI &#8211; People2.0 | Global","robots":{"index":"index","follow":"follow","max-snippet":"max-snippet:-1","max-image-preview":"max-image-preview:large","max-video-preview":"max-video-preview:-1"},"canonical":"https:\/\/www.people20.com\/es\/strategies-to-optimize-your-ic-compliance-program\/","og_locale":"es_ES","og_type":"article","og_title":"Estrategias para optimizar su programa de cumplimiento de la normativa sobre CI &#8211; People2.0 | Global","og_description":"Grabaci\u00f3n del seminario web Gestionar el cumplimiento de los contratistas independientes (CI ) es cada vez m\u00e1s complejo y cada vez m\u00e1s importante. Muchas organizaciones, sin saberlo, est\u00e1n gastando m\u00e1s de la cuenta, operan con una visibilidad limitada de su poblaci\u00f3n de CI y conf\u00edan en soluciones que se quedan cortas a la hora de [&hellip;]","og_url":"https:\/\/www.people20.com\/es\/strategies-to-optimize-your-ic-compliance-program\/","og_site_name":"People2.0 | Global","article_modified_time":"2025-10-31T22:42:09+00:00","og_image":[{"width":873,"height":473,"url":"https:\/\/www.people20.com\/wp-content\/uploads\/2025\/09\/Rectangle-5934-2.png","type":"image\/png"}],"twitter_card":"summary_large_image","twitter_misc":{"Tiempo de lectura":"1 minuto"},"schema":{"@context":"https:\/\/schema.org","@graph":[{"@type":"WebPage","@id":"https:\/\/www.people20.com\/es\/strategies-to-optimize-your-ic-compliance-program\/","url":"https:\/\/www.people20.com\/es\/strategies-to-optimize-your-ic-compliance-program\/","name":"Estrategias para optimizar su programa de cumplimiento de la normativa sobre CI &#8211; People2.0 | Global","isPartOf":{"@id":"https:\/\/www.people20.com\/es\/#website"},"primaryImageOfPage":{"@id":"https:\/\/www.people20.com\/es\/strategies-to-optimize-your-ic-compliance-program\/#primaryimage"},"image":{"@id":"https:\/\/www.people20.com\/es\/strategies-to-optimize-your-ic-compliance-program\/#primaryimage"},"thumbnailUrl":"https:\/\/www.people20.com\/wp-content\/uploads\/2025\/09\/Rectangle-5934-2.png","datePublished":"2025-10-29T18:57:55+00:00","dateModified":"2025-10-31T22:42:09+00:00","breadcrumb":{"@id":"https:\/\/www.people20.com\/es\/strategies-to-optimize-your-ic-compliance-program\/#breadcrumb"},"inLanguage":"es","potentialAction":[{"@type":"ReadAction","target":["https:\/\/www.people20.com\/es\/strategies-to-optimize-your-ic-compliance-program\/"]}]},{"@type":"ImageObject","inLanguage":"es","@id":"https:\/\/www.people20.com\/es\/strategies-to-optimize-your-ic-compliance-program\/#primaryimage","url":"https:\/\/www.people20.com\/wp-content\/uploads\/2025\/09\/Rectangle-5934-2.png","contentUrl":"https:\/\/www.people20.com\/wp-content\/uploads\/2025\/09\/Rectangle-5934-2.png","width":873,"height":473},{"@type":"BreadcrumbList","@id":"https:\/\/www.people20.com\/es\/strategies-to-optimize-your-ic-compliance-program\/#breadcrumb","itemListElement":[{"@type":"ListItem","position":1,"name":"Home","item":"https:\/\/www.people20.com\/es\/"},{"@type":"ListItem","position":2,"name":"Estrategias para optimizar su programa de cumplimiento de la normativa sobre CI"}]},{"@type":"WebSite","@id":"https:\/\/www.people20.com\/es\/#website","url":"https:\/\/www.people20.com\/es\/","name":"People2.0 | Global","description":"Global employment, simplified.","publisher":{"@id":"https:\/\/www.people20.com\/es\/#organization"},"potentialAction":[{"@type":"SearchAction","target":{"@type":"EntryPoint","urlTemplate":"https:\/\/www.people20.com\/es\/?s={search_term_string}"},"query-input":{"@type":"PropertyValueSpecification","valueRequired":true,"valueName":"search_term_string"}}],"inLanguage":"es"},{"@type":"Organization","@id":"https:\/\/www.people20.com\/es\/#organization","name":"People2.0 | Global","url":"https:\/\/www.people20.com\/es\/","logo":{"@type":"ImageObject","inLanguage":"es","@id":"https:\/\/www.people20.com\/es\/#\/schema\/logo\/image\/","url":"https:\/\/www.people20.com\/wp-content\/uploads\/2025\/05\/people20-logo.svg","contentUrl":"https:\/\/www.people20.com\/wp-content\/uploads\/2025\/05\/people20-logo.svg","caption":"People2.0 | Global"},"image":{"@id":"https:\/\/www.people20.com\/es\/#\/schema\/logo\/image\/"}}]}},"_links":{"self":[{"href":"https:\/\/www.people20.com\/es\/wp-json\/wp\/v2\/pages\/33521","targetHints":{"allow":["GET"]}}],"collection":[{"href":"https:\/\/www.people20.com\/es\/wp-json\/wp\/v2\/pages"}],"about":[{"href":"https:\/\/www.people20.com\/es\/wp-json\/wp\/v2\/types\/page"}],"author":[{"embeddable":true,"href":"https:\/\/www.people20.com\/es\/wp-json\/wp\/v2\/users\/3"}],"replies":[{"embeddable":true,"href":"https:\/\/www.people20.com\/es\/wp-json\/wp\/v2\/comments?post=33521"}],"version-history":[{"count":4,"href":"https:\/\/www.people20.com\/es\/wp-json\/wp\/v2\/pages\/33521\/revisions"}],"predecessor-version":[{"id":33683,"href":"https:\/\/www.people20.com\/es\/wp-json\/wp\/v2\/pages\/33521\/revisions\/33683"}],"wp:featuredmedia":[{"embeddable":true,"href":"https:\/\/www.people20.com\/es\/wp-json\/wp\/v2\/media\/22154"}],"wp:attachment":[{"href":"https:\/\/www.people20.com\/es\/wp-json\/wp\/v2\/media?parent=33521"}],"curies":[{"name":"wp","href":"https:\/\/api.w.org\/{rel}","templated":true}]}}