{"id":32679,"date":"2025-10-15T16:12:29","date_gmt":"2025-10-15T20:12:29","guid":{"rendered":"https:\/\/www.people20.com\/?page_id=32679"},"modified":"2025-12-10T11:44:14","modified_gmt":"2025-12-10T16:44:14","slug":"the-complete-guide-to-eor-services","status":"publish","type":"page","link":"https:\/\/www.people20.com\/es\/the-complete-guide-to-eor-services\/","title":{"rendered":"La gu\u00eda completa de servicios EOR"},"content":{"rendered":"\t\t<div data-elementor-type=\"wp-page\" data-elementor-id=\"32679\" class=\"elementor elementor-32679 elementor-32677\" data-elementor-post-type=\"page\">\n\t\t\t\t<div class=\"elementor-element elementor-element-2bafb96 e-flex e-con-boxed e-con e-parent\" data-id=\"2bafb96\" data-element_type=\"container\" data-e-type=\"container\" data-settings=\"{&quot;background_background&quot;:&quot;classic&quot;}\">\n\t\t\t\t\t<div class=\"e-con-inner\">\n\t\t\t\t<div class=\"elementor-element elementor-element-63ef356 elementor-widget elementor-widget-heading\" data-id=\"63ef356\" data-element_type=\"widget\" data-e-type=\"widget\" data-widget_type=\"heading.default\">\n\t\t\t\t<div class=\"elementor-widget-container\">\n\t\t\t\t\t<h2 class=\"elementor-heading-title elementor-size-default\">Soluciones expertas para la gesti\u00f3n global del personal<\/h2>\t\t\t\t<\/div>\n\t\t\t\t<\/div>\n\t\t\t\t\t<\/div>\n\t\t\t\t<\/div>\n\t\t\t\t<section class=\"elementor-section elementor-top-section elementor-element elementor-element-3daee08 elementor-section-boxed elementor-section-height-default elementor-section-height-default\" data-id=\"3daee08\" data-element_type=\"section\" data-e-type=\"section\">\n\t\t\t\t\t\t<div class=\"elementor-container elementor-column-gap-default\">\n\t\t\t\t\t<div class=\"elementor-column elementor-col-50 elementor-top-column elementor-element elementor-element-e385900\" data-id=\"e385900\" data-element_type=\"column\" data-e-type=\"column\">\n\t\t\t<div class=\"elementor-widget-wrap elementor-element-populated\">\n\t\t\t\t\t\t<div class=\"elementor-element elementor-element-09ec924 elementor-widget elementor-widget-text-editor\" data-id=\"09ec924\" data-element_type=\"widget\" data-e-type=\"widget\" data-widget_type=\"text-editor.default\">\n\t\t\t\t<div class=\"elementor-widget-container\">\n\t\t\t\t\t\t\t\t\t<h4><span class=\"TextRun SCXW30140990 BCX0\" lang=\"EN-US\" xml:lang=\"EN-US\" data-contrast=\"none\"><span class=\"NormalTextRun SCXW30140990 BCX0\" data-ccp-parastyle=\"heading 2\">Navegue la complejidad del personal global con orientaci\u00f3n experta<\/span><\/span><span class=\"EOP SCXW30140990 BCX0\" data-ccp-props=\"{\"201341983\":0,\"335559739\":120,\"335559740\":256}\"> <\/span><\/h4><p><span class=\"TextRun SCXW179390418 BCX0\" lang=\"EN-US\" xml:lang=\"EN-US\" data-contrast=\"none\"><span class=\"NormalTextRun SCXW179390418 BCX0\">Los errores de clasificaci\u00f3n cuestan millones en multas a las empresas. Gestionar trabajadores contingentes en varias  <\/span>jurisdicciones crea desaf\u00edos de cumplimiento de normativas que pueden descarrilar los planes de crecimiento.<\/span><span class=\"EOP SCXW179390418 BCX0\" data-ccp-props=\"{\"201341983\":0,\"335559739\":120,\"335559740\":256}\"> <\/span><\/p><p><span class=\"TextRun SCXW114360640 BCX0\" lang=\"EN-US\" xml:lang=\"EN-US\" data-contrast=\"none\">Esta gu\u00eda ofrece informaci\u00f3n experta sobre soluciones de empleador de registro (EOR).<\/span><\/p><h4><span class=\"TextRun SCXW127565872 BCX0\" lang=\"EN-US\" xml:lang=\"EN-US\" data-contrast=\"none\"><span class=\"NormalTextRun SCXW127565872 BCX0\" data-ccp-parastyle=\"heading 2\">Lo que obtendr\u00e1<\/span><\/span><span class=\"EOP SCXW127565872 BCX0\" data-ccp-props=\"{\"201341983\":0,\"335559739\":120,\"335559740\":256}\"> <\/span><\/h4><p><strong><em><span class=\"TextRun SCXW172450026 BCX0\" lang=\"EN-US\" xml:lang=\"EN-US\" data-contrast=\"none\"><span class=\"NormalTextRun SCXW172450026 BCX0\" data-ccp-parastyle=\"heading 3\">Gu\u00eda completa de servicios EOR:<\/span><\/span><span class=\"EOP SCXW172450026 BCX0\" data-ccp-props=\"{\"201341983\":0,\"335559739\":120,\"335559740\":256}\"> <\/span><\/em><\/strong><\/p><ul><li><span class=\"TextRun SCXW199999216 BCX0\" lang=\"EN-US\" xml:lang=\"EN-US\" data-contrast=\"none\"><span class=\"NormalTextRun SCXW199999216 BCX0\"><span class=\"TextRun SCXW171883203 BCX0\" lang=\"EN-US\" xml:lang=\"EN-US\" data-contrast=\"none\"><span class=\"NormalTextRun SCXW171883203 BCX0\">Soluciones lideradas por expertos para la expansi\u00f3n global del personal<\/span><\/span><\/span><\/span><\/li><li><span class=\"TextRun SCXW26949957 BCX0\" lang=\"EN-US\" xml:lang=\"EN-US\" data-contrast=\"none\"><span class=\"NormalTextRun SCXW26949957 BCX0\">Estrategias de mitigaci\u00f3n de riesgos que protegen contra violaciones de normativas<\/span><\/span><span class=\"EOP SCXW26949957 BCX0\" data-ccp-props=\"{\"201341983\":0,\"335559739\":120,\"335559740\":256}\"> <\/span><\/li><li><span class=\"TextRun SCXW4637117 BCX0\" lang=\"EN-US\" xml:lang=\"EN-US\" data-contrast=\"none\">Marcos de implementaci\u00f3n para escalar en varias jurisdicciones<\/span><span class=\"EOP SCXW4637117 BCX0\" data-ccp-props=\"{\"201341983\":0,\"335559739\":120,\"335559740\":256}\"> <\/span><\/li><\/ul><h4><span class=\"TextRun SCXW85507056 BCX0\" lang=\"EN-US\" xml:lang=\"EN-US\" data-contrast=\"none\"><span class=\"NormalTextRun SCXW85507056 BCX0\" data-ccp-parastyle=\"heading 2\">Resultados comprobados<\/span><\/span><span class=\"EOP SCXW85507056 BCX0\" data-ccp-props=\"{\"201341983\":0,\"335559739\":120,\"335559740\":256}\"> <\/span><\/h4><p><span class=\"TextRun SCXW176737154 BCX0\" lang=\"EN-US\" xml:lang=\"EN-US\" data-contrast=\"none\"><span class=\"NormalTextRun SCXW176737154 BCX0\">El enfoque liderado por expertos de People2.0 ofrece:<\/span><\/span><span class=\"EOP SCXW176737154 BCX0\" data-ccp-props=\"{\"201341983\":0,\"335559739\":120,\"335559740\":256}\"> <\/span><\/p><ul><li><strong>Cero clasificaciones<\/strong> incorrectas registradas gracias a nuestro enfoque liderado por expertos<span class=\"EOP SCXW68082039 BCX0\" data-ccp-props=\"{\"201341983\":0,\"335559739\":120,\"335559740\":256}\"> <\/span><\/li><li><strong>M\u00e1s de 20 a\u00f1os<\/strong> de experiencia en soluciones para el personal en mercados globales <span class=\"EOP SCXW195315322 BCX0\" data-ccp-props=\"{\"201341983\":0,\"335559739\":120,\"335559740\":256}\"> <\/span><\/li><li><strong>M\u00e1s de 150,000 trabajadores<\/strong> desplegados anualmente en conformidad total con las normativas <span class=\"EOP SCXW162215025 BCX0\" data-ccp-props=\"{\"201341983\":0,\"335559739\":120,\"335559740\":256}\"> <\/span><\/li><li><strong>M\u00e1s de 60 pa\u00edses<\/strong> respaldados mediante experiencia integral en la regi\u00f3n<span class=\"EOP SCXW90281662 BCX0\" data-ccp-props=\"{\"201341983\":0,\"335559739\":120,\"335559740\":256}\"> <\/span><\/li><\/ul><h4><span class=\"TextRun SCXW54002842 BCX0\" lang=\"EN-US\" xml:lang=\"EN-US\" data-contrast=\"none\"><span class=\"NormalTextRun SCXW54002842 BCX0\" data-ccp-parastyle=\"heading 2\">A qui\u00e9n ayuda esto<\/span><\/span><span class=\"EOP SCXW54002842 BCX0\" data-ccp-props=\"{\"201341983\":0,\"335559739\":120,\"335559740\":256}\"> <\/span><\/h4><p><strong>Proveedores de talento<\/strong>: Expanda a nuevos mercados sin riesgo de incumplimiento de normativas mientras se enfoca en actividades clave de reclutamiento.<span class=\"EOP SCXW68018219 BCX0\" data-ccp-props=\"{\"201341983\":0,\"335559739\":120,\"335559740\":256}\"> <\/span><\/p><p><strong>Empresas<\/strong>: Gestione personal distribuido en varias jurisdicciones con est\u00e1ndares consistentes de cumplimiento de normativas.<span class=\"EOP SCXW209671921 BCX0\" data-ccp-props=\"{\"201341983\":0,\"335559739\":120,\"335559740\":256}\"> <\/span><\/p><p><strong><span class=\"TextRun SCXW149432432 BCX0\" lang=\"EN-US\" xml:lang=\"EN-US\" data-contrast=\"none\"><span class=\"NormalTextRun SCXW149432432 BCX0\">\u00bfListo para elegir la soluci\u00f3n adecuada?<\/span><\/span><span class=\"EOP SCXW149432432 BCX0\" data-ccp-props=\"{\"201341983\":0,\"335559739\":120,\"335559740\":256}\"> <\/span><\/strong><\/p><p><span class=\"TextRun SCXW138554499 BCX0\" lang=\"EN-US\" xml:lang=\"EN-US\" data-contrast=\"none\"><span class=\"NormalTextRun SCXW138554499 BCX0\">Descargue su paquete de gu\u00edas y obtenga informaci\u00f3n experta para construir una estrategia de personal escalable y conforme a normativas.<\/span><\/span><span class=\"EOP SCXW138554499 BCX0\" data-ccp-props=\"{\"201341983\":0,\"335559739\":120,\"335559740\":256}\"> <\/span><\/p><h4><span class=\"TextRun SCXW268231853 BCX0\" lang=\"EN-US\" xml:lang=\"EN-US\" data-contrast=\"none\"><span class=\"NormalTextRun SCXW268231853 BCX0\" data-ccp-parastyle=\"heading 2\">Acerca de People2.0<\/span><\/span><span class=\"EOP SCXW268231853 BCX0\" data-ccp-props=\"{\"201341983\":0,\"335559739\":120,\"335559740\":256}\"> <\/span><\/h4><p><span class=\"TextRun SCXW169759472 BCX0\" lang=\"EN-US\" xml:lang=\"EN-US\" data-contrast=\"none\"><span class=\"NormalTextRun SCXW169759472 BCX0\">People2.0 simplifica las complejidades del empleo global mediante cumplimiento de normativas experto y soluciones integrales para el personal. Como proveedor l\u00edder de servicios de empleador de registro (EOR) y agente de registro (AOR),  <\/span>hemos ayudado a proveedores de talento y empresas a desplegar trabajadores en m\u00e1s de 60 pa\u00edses manteniendo cero clasificaciones incorrectas.<\/span><span class=\"EOP SCXW169759472 BCX0\" data-ccp-props=\"{\"201341983\":0,\"335559739\":120,\"335559740\":256}\"> <\/span><\/p><p><span class=\"TextRun SCXW51783202 BCX0\" lang=\"EN-US\" xml:lang=\"EN-US\" data-contrast=\"none\"><span class=\"NormalTextRun SCXW51783202 BCX0\">Nuestro enfoque liderado por expertos garantiza que cada compromiso cumpla con los requisitos normativos locales, permiti\u00e9ndole enfocarse en el crecimiento mientras nosotros gestionamos las complejidades administrativas de la gesti\u00f3n internacional del personal.<\/span><\/span><span class=\"EOP SCXW51783202 BCX0\" data-ccp-props=\"{\"201341983\":0,\"335559739\":120,\"335559740\":256}\"> <\/span><\/p>\t\t\t\t\t\t\t\t<\/div>\n\t\t\t\t<\/div>\n\t\t\t\t\t<\/div>\n\t\t<\/div>\n\t\t\t\t<div class=\"elementor-column elementor-col-50 elementor-top-column elementor-element elementor-element-5fcfe33\" data-id=\"5fcfe33\" data-element_type=\"column\" data-e-type=\"column\">\n\t\t\t<div class=\"elementor-widget-wrap elementor-element-populated\">\n\t\t\t\t\t\t<div class=\"elementor-element elementor-element-e087c2f elementor-widget elementor-widget-heading\" data-id=\"e087c2f\" data-element_type=\"widget\" data-e-type=\"widget\" data-widget_type=\"heading.default\">\n\t\t\t\t<div class=\"elementor-widget-container\">\n\t\t\t\t\t<h4 class=\"elementor-heading-title elementor-size-default\">Descargue las gu\u00edas<\/h4>\t\t\t\t<\/div>\n\t\t\t\t<\/div>\n\t\t\t\t<div class=\"elementor-element elementor-element-9eb5fd4 elementor-widget elementor-widget-text-editor\" data-id=\"9eb5fd4\" data-element_type=\"widget\" data-e-type=\"widget\" data-widget_type=\"text-editor.default\">\n\t\t\t\t<div class=\"elementor-widget-container\">\n\t\t\t\t\t\t\t\t\t<p><span lang=\"EN-US\" style=\"-webkit-user-drag: none; -webkit-tap-highlight-color: transparent; margin: 0px; padding: 0px; user-select: text; color: #000000; text-align: left; white-space-collapse: preserve; font-size: 11pt; line-height: 18.1333px; font-family: Arial, Arial_EmbeddedFont, Arial_MSFontService, sans-serif; font-variant-ligatures: none !important;\" xml:lang=\"EN-US\" data-contrast=\"none\" data-uw-rm-lang=\"false\">Descargue su paquete de gu\u00eda completa y descubra qu\u00e9 soluci\u00f3n se adapta a las necesidades de su empresa<\/span><\/p>\t\t\t\t\t\t\t\t<\/div>\n\t\t\t\t<\/div>\n\t\t\t\t<div class=\"elementor-element elementor-element-ad2afb4 elementor-widget elementor-widget-html\" data-id=\"ad2afb4\" data-element_type=\"widget\" data-e-type=\"widget\" data-settings=\"{&quot;sticky&quot;:&quot;top&quot;,&quot;sticky_on&quot;:[&quot;widescreen&quot;,&quot;desktop&quot;,&quot;laptop&quot;],&quot;sticky_offset&quot;:150,&quot;sticky_parent&quot;:&quot;yes&quot;,&quot;sticky_effects_offset&quot;:0,&quot;sticky_anchor_link_offset&quot;:0}\" data-widget_type=\"html.default\">\n\t\t\t\t<div class=\"elementor-widget-container\">\n\t\t\t\t\t<script src=\"https:\/\/js.hsforms.net\/forms\/embed\/8817031.js\" defer><\/script>\r\n<div class=\"hs-form-frame\" data-region=\"na1\" data-form-id=\"97330183-0f20-4242-be94-1d602aa64550\" data-portal-id=\"8817031\"><\/div>\t\t\t\t<\/div>\n\t\t\t\t<\/div>\n\t\t\t\t\t<\/div>\n\t\t<\/div>\n\t\t\t\t\t<\/div>\n\t\t<\/section>\n\t\t\t\t<\/div>\n\t\t","protected":false},"excerpt":{"rendered":"<p>Soluciones expertas para la gesti\u00f3n global del personal Navegue la complejidad del personal global con orientaci\u00f3n experta Los errores de clasificaci\u00f3n cuestan millones en multas a las empresas. Gestionar trabajadores contingentes en varias jurisdicciones crea desaf\u00edos de cumplimiento de normativas que pueden descarrilar los planes de crecimiento. Esta gu\u00eda ofrece informaci\u00f3n experta sobre soluciones de [&hellip;]<\/p>\n","protected":false},"author":3,"featured_media":22154,"parent":0,"menu_order":0,"comment_status":"closed","ping_status":"closed","template":"","meta":{"_acf_changed":false,"content-type":"","footnotes":""},"class_list":["post-32679","page","type-page","status-publish","has-post-thumbnail","hentry"],"acf":[],"yoast_head":"<!-- This site is optimized with the Yoast SEO plugin v27.3 - https:\/\/yoast.com\/product\/yoast-seo-wordpress\/ -->\n<title>La gu\u00eda completa de servicios EOR &#8211; People2.0 | Global<\/title>\n<meta name=\"robots\" content=\"index, follow, max-snippet:-1, max-image-preview:large, max-video-preview:-1\" \/>\n<link rel=\"canonical\" href=\"https:\/\/www.people20.com\/es\/the-complete-guide-to-eor-services\/\" \/>\n<meta property=\"og:locale\" content=\"es_ES\" \/>\n<meta property=\"og:type\" content=\"article\" \/>\n<meta property=\"og:title\" content=\"La gu\u00eda completa de servicios EOR &#8211; People2.0 | Global\" \/>\n<meta property=\"og:description\" content=\"Soluciones expertas para la gesti\u00f3n global del personal Navegue la complejidad del personal global con orientaci\u00f3n experta Los errores de clasificaci\u00f3n cuestan millones en multas a las empresas. Gestionar trabajadores contingentes en varias jurisdicciones crea desaf\u00edos de cumplimiento de normativas que pueden descarrilar los planes de crecimiento. Esta gu\u00eda ofrece informaci\u00f3n experta sobre soluciones de [&hellip;]\" \/>\n<meta property=\"og:url\" content=\"https:\/\/www.people20.com\/es\/the-complete-guide-to-eor-services\/\" \/>\n<meta property=\"og:site_name\" content=\"People2.0 | Global\" \/>\n<meta property=\"article:modified_time\" content=\"2025-12-10T16:44:14+00:00\" \/>\n<meta property=\"og:image\" content=\"https:\/\/www.people20.com\/wp-content\/uploads\/2025\/09\/Rectangle-5934-2.png\" \/>\n\t<meta property=\"og:image:width\" content=\"873\" \/>\n\t<meta property=\"og:image:height\" content=\"473\" \/>\n\t<meta property=\"og:image:type\" content=\"image\/png\" \/>\n<meta name=\"twitter:card\" content=\"summary_large_image\" \/>\n<meta name=\"twitter:label1\" content=\"Tiempo de lectura\" \/>\n\t<meta name=\"twitter:data1\" content=\"2 minutos\" \/>\n<!-- \/ Yoast SEO plugin. -->","yoast_head_json":{"title":"La gu\u00eda completa de servicios EOR &#8211; People2.0 | Global","robots":{"index":"index","follow":"follow","max-snippet":"max-snippet:-1","max-image-preview":"max-image-preview:large","max-video-preview":"max-video-preview:-1"},"canonical":"https:\/\/www.people20.com\/es\/the-complete-guide-to-eor-services\/","og_locale":"es_ES","og_type":"article","og_title":"La gu\u00eda completa de servicios EOR &#8211; People2.0 | Global","og_description":"Soluciones expertas para la gesti\u00f3n global del personal Navegue la complejidad del personal global con orientaci\u00f3n experta Los errores de clasificaci\u00f3n cuestan millones en multas a las empresas. Gestionar trabajadores contingentes en varias jurisdicciones crea desaf\u00edos de cumplimiento de normativas que pueden descarrilar los planes de crecimiento. Esta gu\u00eda ofrece informaci\u00f3n experta sobre soluciones de [&hellip;]","og_url":"https:\/\/www.people20.com\/es\/the-complete-guide-to-eor-services\/","og_site_name":"People2.0 | Global","article_modified_time":"2025-12-10T16:44:14+00:00","og_image":[{"width":873,"height":473,"url":"https:\/\/www.people20.com\/wp-content\/uploads\/2025\/09\/Rectangle-5934-2.png","type":"image\/png"}],"twitter_card":"summary_large_image","twitter_misc":{"Tiempo de lectura":"2 minutos"},"schema":{"@context":"https:\/\/schema.org","@graph":[{"@type":"WebPage","@id":"https:\/\/www.people20.com\/es\/the-complete-guide-to-eor-services\/","url":"https:\/\/www.people20.com\/es\/the-complete-guide-to-eor-services\/","name":"La gu\u00eda completa de servicios EOR &#8211; People2.0 | Global","isPartOf":{"@id":"https:\/\/www.people20.com\/es\/#website"},"primaryImageOfPage":{"@id":"https:\/\/www.people20.com\/es\/the-complete-guide-to-eor-services\/#primaryimage"},"image":{"@id":"https:\/\/www.people20.com\/es\/the-complete-guide-to-eor-services\/#primaryimage"},"thumbnailUrl":"https:\/\/www.people20.com\/wp-content\/uploads\/2025\/09\/Rectangle-5934-2.png","datePublished":"2025-10-15T20:12:29+00:00","dateModified":"2025-12-10T16:44:14+00:00","breadcrumb":{"@id":"https:\/\/www.people20.com\/es\/the-complete-guide-to-eor-services\/#breadcrumb"},"inLanguage":"es","potentialAction":[{"@type":"ReadAction","target":["https:\/\/www.people20.com\/es\/the-complete-guide-to-eor-services\/"]}]},{"@type":"ImageObject","inLanguage":"es","@id":"https:\/\/www.people20.com\/es\/the-complete-guide-to-eor-services\/#primaryimage","url":"https:\/\/www.people20.com\/wp-content\/uploads\/2025\/09\/Rectangle-5934-2.png","contentUrl":"https:\/\/www.people20.com\/wp-content\/uploads\/2025\/09\/Rectangle-5934-2.png","width":873,"height":473},{"@type":"BreadcrumbList","@id":"https:\/\/www.people20.com\/es\/the-complete-guide-to-eor-services\/#breadcrumb","itemListElement":[{"@type":"ListItem","position":1,"name":"Home","item":"https:\/\/www.people20.com\/es\/"},{"@type":"ListItem","position":2,"name":"La gu\u00eda completa de servicios EOR"}]},{"@type":"WebSite","@id":"https:\/\/www.people20.com\/es\/#website","url":"https:\/\/www.people20.com\/es\/","name":"People2.0 | Global","description":"Global employment, simplified.","publisher":{"@id":"https:\/\/www.people20.com\/es\/#organization"},"potentialAction":[{"@type":"SearchAction","target":{"@type":"EntryPoint","urlTemplate":"https:\/\/www.people20.com\/es\/?s={search_term_string}"},"query-input":{"@type":"PropertyValueSpecification","valueRequired":true,"valueName":"search_term_string"}}],"inLanguage":"es"},{"@type":"Organization","@id":"https:\/\/www.people20.com\/es\/#organization","name":"People2.0 | Global","url":"https:\/\/www.people20.com\/es\/","logo":{"@type":"ImageObject","inLanguage":"es","@id":"https:\/\/www.people20.com\/es\/#\/schema\/logo\/image\/","url":"https:\/\/www.people20.com\/wp-content\/uploads\/2025\/05\/people20-logo.svg","contentUrl":"https:\/\/www.people20.com\/wp-content\/uploads\/2025\/05\/people20-logo.svg","caption":"People2.0 | Global"},"image":{"@id":"https:\/\/www.people20.com\/es\/#\/schema\/logo\/image\/"}}]}},"_links":{"self":[{"href":"https:\/\/www.people20.com\/es\/wp-json\/wp\/v2\/pages\/32679","targetHints":{"allow":["GET"]}}],"collection":[{"href":"https:\/\/www.people20.com\/es\/wp-json\/wp\/v2\/pages"}],"about":[{"href":"https:\/\/www.people20.com\/es\/wp-json\/wp\/v2\/types\/page"}],"author":[{"embeddable":true,"href":"https:\/\/www.people20.com\/es\/wp-json\/wp\/v2\/users\/3"}],"replies":[{"embeddable":true,"href":"https:\/\/www.people20.com\/es\/wp-json\/wp\/v2\/comments?post=32679"}],"version-history":[{"count":6,"href":"https:\/\/www.people20.com\/es\/wp-json\/wp\/v2\/pages\/32679\/revisions"}],"predecessor-version":[{"id":35395,"href":"https:\/\/www.people20.com\/es\/wp-json\/wp\/v2\/pages\/32679\/revisions\/35395"}],"wp:featuredmedia":[{"embeddable":true,"href":"https:\/\/www.people20.com\/es\/wp-json\/wp\/v2\/media\/22154"}],"wp:attachment":[{"href":"https:\/\/www.people20.com\/es\/wp-json\/wp\/v2\/media?parent=32679"}],"curies":[{"name":"wp","href":"https:\/\/api.w.org\/{rel}","templated":true}]}}