{"id":31689,"date":"2025-10-09T15:35:50","date_gmt":"2025-10-09T19:35:50","guid":{"rendered":"https:\/\/www.people20.com\/?page_id=31689"},"modified":"2026-02-27T11:29:31","modified_gmt":"2026-02-27T16:29:31","slug":"americas-partner-newsletter-q3-2025-enterprise","status":"publish","type":"page","link":"https:\/\/www.people20.com\/es\/americas-partner-newsletter-q3-2025-enterprise\/","title":{"rendered":"Bolet\u00edn para socios de las Am\u00e9ricas Q3 2025 \u2013 Enterprise"},"content":{"rendered":"\n<p>Bienvenido al bolet\u00edn trimestral de People2.0 para las Am\u00e9ricas. Esta edici\u00f3n le trae actualizaciones importantes, eventos y recursos para ayudarle a navegar el panorama cambiante del talento. Como su socio de confianza, estamos comprometidos a mantenerle informado y capacitado para tener \u00e9xito.   <\/p>\n\n<h3 class=\"wp-block-heading has-text-color has-link-color wp-elements-5df1a9b68f5c9a01fa1fc015ff6ea1f4\" style=\"color:#056892\">Actualizaci\u00f3n regional <\/h3>\n\n<p>Obtenga una visi\u00f3n panor\u00e1mica de los desarrollos clave y las oportunidades que est\u00e1n dando forma a nuestra industria en las Am\u00e9ricas. <\/p>\n\n<h4 class=\"wp-block-heading\">Optimizaci\u00f3n tecnol\u00f3gica<\/h4>\n\n<p>Durante el \u00faltimo a\u00f1o, People2.0 ha realizado mejoras significativas en nuestras plataformas tecnol\u00f3gicas, mejorando las interacciones tanto para clientes como para contratistas. Nuestras principales optimizaciones incluyen:  <\/p>\n\n<ul class=\"wp-block-list\">\n<li><strong>Panel de control de incorporaci\u00f3n<\/strong>: actualizaciones en tiempo real que muestran el progreso de los trabajadores en el proceso de incorporaci\u00f3n, tanto para las poblaciones EOR como AOR. P\u00f3ngase en contacto con su gestor de atenci\u00f3n al cliente para que le haga una demostraci\u00f3n si necesita ayuda con esta funci\u00f3n.  <\/li>\n\n\n\n<li><strong>Integraciones mejoradas<\/strong> \u2014 Integraci\u00f3n actualizada de Fieldglass para iConnect a nuestra nueva plataforma iConnect2 para la verificaci\u00f3n de trabajadores en EE. UU. y Canad\u00e1, adem\u00e1s de la captura autom\u00e1tica de tiempo en los sistemas de People2.0, reduciendo la intervenci\u00f3n manual. <\/li>\n\n\n\n<li><strong>Autenticaci\u00f3n multifactor (MFA)<\/strong> \u2014 Nuestro software People2.0, donde los trabajadores se incorporan y acceden a sus recibos de pago y formularios fiscales, ahora incluye MFA para mayor seguridad. <\/li>\n<\/ul>\n\n<h4 class=\"wp-block-heading\">Mejoras en el servicio<\/h4>\n\n<ul class=\"wp-block-list\">\n<li><strong>Seminarios web para compartir conocimientos<\/strong> \u2014 Este a\u00f1o, hemos organizado seminarios web sobre temas como compensaci\u00f3n laboral y riesgos, SPTO y otros mandatos legales, experiencia del empleado y clasificaciones de trabajadores. <a href=\"https:\/\/www.people20.com\/es\/blog\/category\/webinar-es\/\">Acceda al contenido de seminarios web anteriores aqu\u00ed.<\/a> <\/li>\n\n\n\n<li><strong>Resultados de la<\/strong>encuesta a contratistas &#8211; Nuestra encuesta semestral a contratistas se cerr\u00f3 recientemente. Los resultados se dar\u00e1n a conocer en breve y ayudar\u00e1n a perfilar futuras mejoras del programa basadas en las opiniones an\u00f3nimas de los contratistas a lo largo de todo el ciclo de vida de su misi\u00f3n.  <\/li>\n<\/ul>\n\n<h4 class=\"wp-block-heading\">Pr\u00f3ximamente<\/h4>\n\n<p class=\"has-text-color has-link-color wp-elements-e2b7eba31abba775983b52727ed532cc\" style=\"color:#037f9a\"><strong><strong><em>Nuevo sitio web People2.0  <\/em><\/strong><\/strong><\/p>\n\n<p>Lanzaremos un sitio web completamente renovado este octubre, dise\u00f1ado para servirle mejor y optimizar su experiencia con People2.0. <\/p>\n\n<p><strong>Lo nuevo:<\/strong> <\/p>\n\n<ul class=\"wp-block-list\">\n<li>Dise\u00f1o profesional y moderno con navegaci\u00f3n mejorada <\/li>\n\n\n\n<li>Contenido en video que explica nuestros servicios y experiencia en el mercado <\/li>\n\n\n\n<li>Biblioteca de recursos mejorada con acceso m\u00e1s f\u00e1cil a gu\u00edas y conocimientos  <\/li>\n\n\n\n<li>Plataforma global unificada que combina todos los sitios regionales <\/li>\n<\/ul>\n\n<p><strong>Beneficios para usted:<\/strong> <\/p>\n\n<ul class=\"wp-block-list\">\n<li>Acceso m\u00e1s r\u00e1pido a la informaci\u00f3n y recursos que necesita <\/li>\n\n\n\n<li>Comprensi\u00f3n m\u00e1s clara de todas nuestras capacidades de servicio <\/li>\n\n\n\n<li>Experiencia optimizada en todas las interacciones de People2.0  <\/li>\n\n\n\n<li>Opciones mejoradas de autoservicio para preguntas comunes <\/li>\n<\/ul>\n\n<p>El nuevo sitio facilitar\u00e1 m\u00e1s que nunca el acceso a nuestra experiencia y la b\u00fasqueda de soluciones que impulsen su negocio. <\/p>\n\n<p class=\"has-text-color has-link-color wp-elements-abaff4155fc65ba348f936363f9f647a\" style=\"color:#037f9a\"><strong><em>Encuesta a clientes en octubre de 2025 <\/em><\/strong><\/p>\n\n<p>Est\u00e9 atento a nuestra encuesta para clientes, que se lanzar\u00e1 a mediados de octubre. Al igual que nuestra encuesta a contratistas, utilizamos las respuestas y comentarios para definir metas y objetivos, asegurando que le brindemos el servicio personalizado que usted merece.  <\/p>\n\n<h3 class=\"wp-block-heading has-text-color has-link-color wp-elements-b3bcc01794d701b11d80e45dd6d21c0b\" style=\"color:#056892\">Estados Unidos<\/h3>\n\n<p>Mant\u00e9ngase a la vanguardia con nuestras actualizaciones completas sobre cambios legislativos en EE. UU., recordatorios de cumplimiento y mejores pr\u00e1cticas adaptadas para nuestros socios estadounidenses. <\/p>\n\n<h4 class=\"wp-block-heading\">Novedades legislativas<\/h4>\n\n<p>Mant\u00e9ngase conforme con las normativas y bien informado con estos cambios legislativos clave que afectan la gesti\u00f3n del personal en EE. UU. <\/p>\n\n<h5 class=\"wp-block-heading\"><em>Washington: Impuesto sobre ventas para servicios de personal temporal<\/em><\/h5>\n\n<p><strong>Vigente desde el 1 de octubre de 2025<\/strong> <\/p>\n\n<p>El 28 de julio de 2025, el Departamento de Ingresos del estado de Washington anunci\u00f3 que los servicios de personal temporal estar\u00e1n sujetos al impuesto sobre ventas minoristas a partir del 1 de octubre de 2025. El impuesto sobre ventas estatal y local de Washington (aproximadamente entre el 7% y el 10.6%, dependiendo de la ubicaci\u00f3n) se aplicar\u00e1 a los servicios de personal temporal. La orientaci\u00f3n provisional reciente indica que los contratos ejecutados antes del 1 de octubre de 2025 pueden diferir la imposici\u00f3n del impuesto sobre ventas hasta el 1 de abril de 2026. El impuesto sobre ventas se aplica al monto total de la factura. Los servicios prestados a hospitales con licencia seguir\u00e1n exentos.     <\/p>\n\n<p>Lea m\u00e1s en <a href=\"https:\/\/dor.wa.gov\/forms-publications\/publications-subject\/special-notices\/temporary-staffing-services-now-subject-sales-tax\" target=\"_blank\" rel=\"noreferrer noopener\">el Departamento de Ingresos del estado de Washington<\/a>. <\/p>\n\n<h5 class=\"wp-block-heading\"><em>Maine: Enmienda a la licencia remunerada adquirida<\/em><\/h5>\n\n<p><strong><strong>Vigente desde el 24 de septiembre de 2025<\/strong> <\/strong><\/p>\n\n<p>El 1 de julio de 2025, la Gobernadora de Maine, Janet Mills, firm\u00f3 la LD 55 como ley, enmendando el estatuto estatal de licencia remunerada adquirida. El nuevo cambio aumenta el l\u00edmite m\u00e1ximo de acumulaci\u00f3n de licencia de las 40 horas actuales a 80 horas en un momento dado.  Si tiene alguna pregunta, comun\u00edquese con el departamento de Recursos Humanos de People2.0. <\/p>\n\n<p>Otenga m\u00e1s detalles en <a href=\"https:\/\/legiscan.com\/ME\/amendment\/LD55\/id\/256460\" target=\"_blank\" rel=\"noreferrer noopener\">el Sistema de Informaci\u00f3n Legislativa de Maine<\/a>. <\/p>\n\n<h5 class=\"wp-block-heading\"><em>Maine: Ley de Pago por Presentarse al Trabajo<\/em><\/h5>\n\n<p><strong>Vigente desde el 24 de septiembre de 2025<\/strong> <\/p>\n\n<p>La Gobernadora de Maine, Janet Mills, firm\u00f3 la nueva Ley de Pago por Presentarse al Trabajo (LD 598) el 24 de junio de 2025. Con vigencia inmediata, la ley exige que los empleadores compensen a los empleados con un m\u00ednimo de cuatro horas de pago a su tarifa regular si se presentan a trabajar seg\u00fan lo programado pero son enviados a casa antes de tiempo debido a falta de trabajo u otras decisiones operativas.  <\/p>\n\n<p>Esta ley se aplica a empleados por hora que se presentan f\u00edsicamente en el lugar de trabajo y en situaciones donde el empleado es enviado a casa sin completar su turno programado. Las excepciones incluyen cierres por condiciones clim\u00e1ticas o emergencias, cambios de horario solicitados por el empleado y turnos de guardia programados previamente en los que no se asigna trabajo.  <\/p>\n\n<p>Lea el resumen completo del proyecto de ley en el <a href=\"https:\/\/legislature.maine.gov\/opla\/bill-and-enacted-law-summaries-2025-2026-132nd-legislature\/12551\" target=\"_blank\" rel=\"noreferrer noopener\">sitio web de la Legislatura de Maine<\/a>.  <\/p>\n\n<h5 class=\"wp-block-heading\"><em>Oreg\u00f3n: Enmiendas a la OFLA<\/em><\/h5>\n\n<p><strong><strong>Vigente desde el 26 de septiembre de 2025<\/strong> <\/strong><\/p>\n\n<p>En virtud de la OFLA, un empleado puede disfrutar de un permiso no retribuido para cuidar de un hijo que requiera cuidados por enfermedad, lesi\u00f3n o cierre de la escuela o guarder\u00eda. La ley modificada define \u00abhijo\u00bb a efectos de la excedencia como un hijo del empleado menor de 18 a\u00f1os o que est\u00e9 sustancialmente limitado por un impedimento f\u00edsico o mental que pueda calificarse como discapacidad en virtud de la OFLA.   <\/p>\n\n<p>La OFLA permite que un empleado tome licencia no remunerada sin previo aviso al empleador bajo ciertas circunstancias. Cuando la licencia se toma para cuidar a un hijo debido al cierre de una escuela o guarder\u00eda, la ley enmendada permite dicha licencia sin previo aviso, a menos que el cierre se deba a una emergencia de salud p\u00fablica declarada por el Gobernador al menos 30 d\u00edas antes del inicio de la licencia.  <\/p>\n\n<p>Para calificar para la licencia bajo la OFLA, un empleado debe haber trabajado un promedio de 25 horas o m\u00e1s durante los 180 d\u00edas inmediatamente anteriores a la fecha de inicio de la licencia. La ley enmendada agrega una excepci\u00f3n a este requisito de elegibilidad para empleados de tripulaci\u00f3n de vuelo de aerol\u00edneas con base en Oreg\u00f3n, que est\u00e9n sujetos a regulaciones federales aplicables a empleados de tripulaci\u00f3n de vuelo y que cumplan con el requisito federal de horas de servicio.  <\/p>\n\n<p>Lea la legislaci\u00f3n completa en <a href=\"https:\/\/olis.oregonlegislature.gov\/liz\/2025R1\/Measures\/Overview\/SB69\" target=\"_blank\" rel=\"noreferrer noopener\">el Sistema de Informaci\u00f3n Legislativa de Oreg\u00f3n<\/a>. <\/p>\n\n<h5 class=\"wp-block-heading\"><em>Oreg\u00f3n: Expansi\u00f3n de la Licencia por Enfermedad Remunerada<\/em><\/h5>\n\n<p><strong>Vigente desde el 26 de septiembre de 2025<\/strong> <\/p>\n\n<p>La ley estatal permite a los empleados usar tiempo por enfermedad por diversas razones, incluyendo cualquier prop\u00f3sito que califique bajo la OFLA. La ley enmendada especifica que el tiempo por enfermedad tambi\u00e9n puede utilizarse para cualquier prop\u00f3sito que califique bajo la PLO. Al igual que con otros usos del tiempo por enfermedad que excedan tres d\u00edas laborales consecutivos programados, el empleador puede requerir verificaci\u00f3n de un proveedor de atenci\u00f3n m\u00e9dica si el tiempo por enfermedad se utiliza para un prop\u00f3sito que califique bajo la PLO.   <\/p>\n\n<p>Lea la legislaci\u00f3n completa en <a href=\"https:\/\/olis.oregonlegislature.gov\/liz\/2025R1\/Measures\/Overview\/SB69\" target=\"_blank\" rel=\"noreferrer noopener\">el Sistema de Informaci\u00f3n Legislativa de Oreg\u00f3n<\/a>. <\/p>\n\n<h4 class=\"wp-block-heading\">Recordatorios<\/h4>\n\n<p>Tenga en cuenta estos puntos importantes para garantizar el buen funcionamiento y el cumplimiento de la normativa.  <\/p>\n\n<h5 class=\"wp-block-heading\"><em>Verificaci\u00f3n de antecedentes en Maine para funciones de enfermer\u00eda  <\/em><\/h5>\n\n<p>Las agencias de atenci\u00f3n m\u00e9dica deben realizar verificaciones de antecedentes instant\u00e1neas a trav\u00e9s del Centro de Verificaci\u00f3n de Antecedentes de Maine para funciones de enfermer\u00eda (RN, LVN, CNA, AR). El proceso es gratuito y no requiere registro.  <\/p>\n\n<p>Realice las verificaciones requeridas en <a href=\"https:\/\/backgroundcheck.maine.gov\/dhhs\/mbc\/Services\/QuickBackgroundCheck\" target=\"_blank\" rel=\"noreferrer noopener\">el Centro de Verificaci\u00f3n de Antecedentes de Maine<\/a>. <\/p>\n\n<h3 class=\"wp-block-heading has-text-color has-link-color wp-elements-af5995d9d32a692408ac030509125a98\" style=\"color:#056892\">Enfoque en el departamento: Servicios al Cliente<\/h3>\n\n<p>El equipo de Atenci\u00f3n al Cliente desempe\u00f1a un papel fundamental en la consecuci\u00f3n de nuestros objetivos generales de retenci\u00f3n y satisfacci\u00f3n del cliente. Somos su principal punto de contacto para las necesidades de servicio y las escaladas de soporte. Nuestra misi\u00f3n es establecer relaciones s\u00f3lidas, mantener un compromiso significativo e identificar oportunidades para mejorar su experiencia con People2.0.    <\/p>\n\n<p><strong>Nuestro objetivo<\/strong> <\/p>\n\n<p>Apoyamos su estrategia de personal eventual y le ayudamos a cumplir los complejos requisitos de conformidad. Trabajamos para comprender sus necesidades organizativas \u00fanicas y ofrecer soluciones personalizadas que se ajusten a sus objetivos empresariales.   <\/p>\n\n<p><strong>Prioridades diarias<\/strong> <\/p>\n\n<p>Coordinamos a la perfecci\u00f3n nuestros equipos de expertos para superar sus expectativas. Nos adelantamos a los cambios normativos y a la evoluci\u00f3n del sector para mantenerle informado y preparado ante los retos cambiantes de la gesti\u00f3n del personal.   <\/p>\n\n<p><strong>Enfoque de servicio<\/strong> <\/p>\n\n<p>Cada representante gestiona relaciones empresariales estrat\u00e9gicas, pero todo nuestro departamento colabora para garantizar que usted se beneficie de nuestra experiencia colectiva. Mantenemos un enfoque proactivo para identificar oportunidades que puedan mejorar la eficacia de su programa y su postura de cumplimiento.   <\/p>\n\n<h3 class=\"wp-block-heading has-text-color has-link-color wp-elements-d8913b35ca966c867eb868c31f6f4351\" style=\"color:#056892\">Mant\u00e9ngase conectado<\/h3>\n\n<p>Estamos aqu\u00ed para apoyar su \u00e9xito en cada paso. Si tiene alguna pregunta sobre la informaci\u00f3n en este bolet\u00edn o necesita asistencia con cualquier aspecto de la gesti\u00f3n de su personal, no dude en comunicarse con su representante dedicado de Servicios al Cliente. Gracias por su continua colaboraci\u00f3n y esperamos ayudarle a alcanzar sus objetivos en el pr\u00f3ximo trimestre   <\/p>\n","protected":false},"excerpt":{"rendered":"<p>Bienvenido al bolet\u00edn trimestral de People2.0 para las Am\u00e9ricas. Esta edici\u00f3n le trae actualizaciones importantes, eventos y recursos para ayudarle a navegar el panorama cambiante del talento. Como su socio de confianza, estamos comprometidos a mantenerle informado y capacitado para tener \u00e9xito. Actualizaci\u00f3n regional Obtenga una visi\u00f3n panor\u00e1mica de los desarrollos clave y las oportunidades [&hellip;]<\/p>\n","protected":false},"author":3,"featured_media":22448,"parent":0,"menu_order":0,"comment_status":"closed","ping_status":"closed","template":"","meta":{"_acf_changed":false,"content-type":"","footnotes":""},"class_list":["post-31689","page","type-page","status-publish","has-post-thumbnail","hentry"],"acf":[],"yoast_head":"<!-- This site is optimized with the Yoast SEO plugin v27.3 - https:\/\/yoast.com\/product\/yoast-seo-wordpress\/ -->\n<title>Bolet\u00edn para socios de las Am\u00e9ricas Q3 2025 \u2013 Enterprise &#8211; People2.0 | Global<\/title>\n<meta name=\"robots\" content=\"noindex, nofollow\" \/>\n<meta property=\"og:locale\" content=\"es_ES\" \/>\n<meta property=\"og:type\" content=\"article\" \/>\n<meta property=\"og:title\" content=\"Bolet\u00edn para socios de las Am\u00e9ricas Q3 2025 \u2013 Enterprise &#8211; People2.0 | Global\" \/>\n<meta property=\"og:description\" content=\"Bienvenido al bolet\u00edn trimestral de People2.0 para las Am\u00e9ricas. Esta edici\u00f3n le trae actualizaciones importantes, eventos y recursos para ayudarle a navegar el panorama cambiante del talento. Como su socio de confianza, estamos comprometidos a mantenerle informado y capacitado para tener \u00e9xito. Actualizaci\u00f3n regional Obtenga una visi\u00f3n panor\u00e1mica de los desarrollos clave y las oportunidades [&hellip;]\" \/>\n<meta property=\"og:url\" content=\"https:\/\/www.people20.com\/es\/americas-partner-newsletter-q3-2025-enterprise\/\" \/>\n<meta property=\"og:site_name\" content=\"People2.0 | Global\" \/>\n<meta property=\"article:modified_time\" content=\"2026-02-27T16:29:31+00:00\" \/>\n<meta property=\"og:image\" content=\"https:\/\/www.people20.com\/wp-content\/uploads\/2025\/09\/default-featured-blog-image-e1759425826602.png\" \/>\n\t<meta property=\"og:image:width\" content=\"2000\" \/>\n\t<meta property=\"og:image:height\" content=\"1350\" \/>\n\t<meta property=\"og:image:type\" content=\"image\/png\" \/>\n<meta name=\"twitter:card\" content=\"summary_large_image\" \/>\n<meta name=\"twitter:label1\" content=\"Tiempo de lectura\" \/>\n\t<meta name=\"twitter:data1\" content=\"8 minutos\" \/>\n<!-- \/ Yoast SEO plugin. -->","yoast_head_json":{"title":"Bolet\u00edn para socios de las Am\u00e9ricas Q3 2025 \u2013 Enterprise &#8211; People2.0 | Global","robots":{"index":"noindex","follow":"nofollow"},"og_locale":"es_ES","og_type":"article","og_title":"Bolet\u00edn para socios de las Am\u00e9ricas Q3 2025 \u2013 Enterprise &#8211; People2.0 | Global","og_description":"Bienvenido al bolet\u00edn trimestral de People2.0 para las Am\u00e9ricas. Esta edici\u00f3n le trae actualizaciones importantes, eventos y recursos para ayudarle a navegar el panorama cambiante del talento. Como su socio de confianza, estamos comprometidos a mantenerle informado y capacitado para tener \u00e9xito. Actualizaci\u00f3n regional Obtenga una visi\u00f3n panor\u00e1mica de los desarrollos clave y las oportunidades [&hellip;]","og_url":"https:\/\/www.people20.com\/es\/americas-partner-newsletter-q3-2025-enterprise\/","og_site_name":"People2.0 | Global","article_modified_time":"2026-02-27T16:29:31+00:00","og_image":[{"width":2000,"height":1350,"url":"https:\/\/www.people20.com\/wp-content\/uploads\/2025\/09\/default-featured-blog-image-e1759425826602.png","type":"image\/png"}],"twitter_card":"summary_large_image","twitter_misc":{"Tiempo de lectura":"8 minutos"},"schema":{"@context":"https:\/\/schema.org","@graph":[{"@type":"WebPage","@id":"https:\/\/www.people20.com\/es\/americas-partner-newsletter-q3-2025-enterprise\/","url":"https:\/\/www.people20.com\/es\/americas-partner-newsletter-q3-2025-enterprise\/","name":"Bolet\u00edn para socios de las Am\u00e9ricas Q3 2025 \u2013 Enterprise &#8211; People2.0 | Global","isPartOf":{"@id":"https:\/\/www.people20.com\/es\/#website"},"primaryImageOfPage":{"@id":"https:\/\/www.people20.com\/es\/americas-partner-newsletter-q3-2025-enterprise\/#primaryimage"},"image":{"@id":"https:\/\/www.people20.com\/es\/americas-partner-newsletter-q3-2025-enterprise\/#primaryimage"},"thumbnailUrl":"https:\/\/www.people20.com\/wp-content\/uploads\/2025\/09\/default-featured-blog-image-e1759425826602.png","datePublished":"2025-10-09T19:35:50+00:00","dateModified":"2026-02-27T16:29:31+00:00","breadcrumb":{"@id":"https:\/\/www.people20.com\/es\/americas-partner-newsletter-q3-2025-enterprise\/#breadcrumb"},"inLanguage":"es","potentialAction":[{"@type":"ReadAction","target":["https:\/\/www.people20.com\/es\/americas-partner-newsletter-q3-2025-enterprise\/"]}]},{"@type":"ImageObject","inLanguage":"es","@id":"https:\/\/www.people20.com\/es\/americas-partner-newsletter-q3-2025-enterprise\/#primaryimage","url":"https:\/\/www.people20.com\/wp-content\/uploads\/2025\/09\/default-featured-blog-image-e1759425826602.png","contentUrl":"https:\/\/www.people20.com\/wp-content\/uploads\/2025\/09\/default-featured-blog-image-e1759425826602.png","width":2000,"height":1350},{"@type":"BreadcrumbList","@id":"https:\/\/www.people20.com\/es\/americas-partner-newsletter-q3-2025-enterprise\/#breadcrumb","itemListElement":[{"@type":"ListItem","position":1,"name":"Home","item":"https:\/\/www.people20.com\/es\/"},{"@type":"ListItem","position":2,"name":"Bolet\u00edn para socios de las Am\u00e9ricas Q3 2025 \u2013 Enterprise"}]},{"@type":"WebSite","@id":"https:\/\/www.people20.com\/es\/#website","url":"https:\/\/www.people20.com\/es\/","name":"People2.0 | Global","description":"Global employment, simplified.","publisher":{"@id":"https:\/\/www.people20.com\/es\/#organization"},"potentialAction":[{"@type":"SearchAction","target":{"@type":"EntryPoint","urlTemplate":"https:\/\/www.people20.com\/es\/?s={search_term_string}"},"query-input":{"@type":"PropertyValueSpecification","valueRequired":true,"valueName":"search_term_string"}}],"inLanguage":"es"},{"@type":"Organization","@id":"https:\/\/www.people20.com\/es\/#organization","name":"People2.0 | Global","url":"https:\/\/www.people20.com\/es\/","logo":{"@type":"ImageObject","inLanguage":"es","@id":"https:\/\/www.people20.com\/es\/#\/schema\/logo\/image\/","url":"https:\/\/www.people20.com\/wp-content\/uploads\/2025\/05\/people20-logo.svg","contentUrl":"https:\/\/www.people20.com\/wp-content\/uploads\/2025\/05\/people20-logo.svg","caption":"People2.0 | Global"},"image":{"@id":"https:\/\/www.people20.com\/es\/#\/schema\/logo\/image\/"}}]}},"_links":{"self":[{"href":"https:\/\/www.people20.com\/es\/wp-json\/wp\/v2\/pages\/31689","targetHints":{"allow":["GET"]}}],"collection":[{"href":"https:\/\/www.people20.com\/es\/wp-json\/wp\/v2\/pages"}],"about":[{"href":"https:\/\/www.people20.com\/es\/wp-json\/wp\/v2\/types\/page"}],"author":[{"embeddable":true,"href":"https:\/\/www.people20.com\/es\/wp-json\/wp\/v2\/users\/3"}],"replies":[{"embeddable":true,"href":"https:\/\/www.people20.com\/es\/wp-json\/wp\/v2\/comments?post=31689"}],"version-history":[{"count":7,"href":"https:\/\/www.people20.com\/es\/wp-json\/wp\/v2\/pages\/31689\/revisions"}],"predecessor-version":[{"id":37827,"href":"https:\/\/www.people20.com\/es\/wp-json\/wp\/v2\/pages\/31689\/revisions\/37827"}],"wp:featuredmedia":[{"embeddable":true,"href":"https:\/\/www.people20.com\/es\/wp-json\/wp\/v2\/media\/22448"}],"wp:attachment":[{"href":"https:\/\/www.people20.com\/es\/wp-json\/wp\/v2\/media?parent=31689"}],"curies":[{"name":"wp","href":"https:\/\/api.w.org\/{rel}","templated":true}]}}