{"id":36162,"date":"2026-01-05T12:48:58","date_gmt":"2026-01-05T17:48:58","guid":{"rendered":"https:\/\/www.people20.com\/?page_id=36162"},"modified":"2026-02-27T11:28:13","modified_gmt":"2026-02-27T16:28:13","slug":"zero-fee-launch","status":"publish","type":"page","link":"https:\/\/www.people20.com\/de\/zero-fee-launch\/","title":{"rendered":"Kostenfreie Einf\u00fchrung"},"content":{"rendered":"\t\t<div data-elementor-type=\"wp-page\" data-elementor-id=\"36162\" class=\"elementor elementor-36162 elementor-36161\" data-elementor-post-type=\"page\">\n\t\t\t\t<div class=\"elementor-element elementor-element-2bafb96 e-flex e-con-boxed e-con e-parent\" data-id=\"2bafb96\" data-element_type=\"container\" data-e-type=\"container\" data-settings=\"{&quot;background_background&quot;:&quot;classic&quot;}\">\n\t\t\t\t\t<div class=\"e-con-inner\">\n\t\t\t\t<div class=\"elementor-element elementor-element-63ef356 elementor-widget elementor-widget-heading\" data-id=\"63ef356\" data-element_type=\"widget\" data-e-type=\"widget\" data-widget_type=\"heading.default\">\n\t\t\t\t<div class=\"elementor-widget-container\">\n\t\t\t\t\t<h2 class=\"elementor-heading-title elementor-size-default\">Starten Sie Ihr Programm mit People2.0 und zahlen Sie bis zu vier Monate lang keine Geb\u00fchren.  <\/h2>\t\t\t\t<\/div>\n\t\t\t\t<\/div>\n\t\t\t\t\t<\/div>\n\t\t\t\t<\/div>\n\t\t\t\t<section class=\"elementor-section elementor-top-section elementor-element elementor-element-3daee08 elementor-section-boxed elementor-section-height-default elementor-section-height-default\" data-id=\"3daee08\" data-element_type=\"section\" data-e-type=\"section\">\n\t\t\t\t\t\t<div class=\"elementor-container elementor-column-gap-default\">\n\t\t\t\t\t<div class=\"elementor-column elementor-col-50 elementor-top-column elementor-element elementor-element-e385900\" data-id=\"e385900\" data-element_type=\"column\" data-e-type=\"column\">\n\t\t\t<div class=\"elementor-widget-wrap elementor-element-populated\">\n\t\t\t\t\t\t<div class=\"elementor-element elementor-element-09ec924 elementor-widget elementor-widget-text-editor\" data-id=\"09ec924\" data-element_type=\"widget\" data-e-type=\"widget\" data-widget_type=\"text-editor.default\">\n\t\t\t\t<div class=\"elementor-widget-container\">\n\t\t\t\t\t\t\t\t\t<h4><span class=\"TextRun SCXW200340489 BCX0\" lang=\"EN-US\" style=\"color: #056892;\" xml:lang=\"EN-US\" data-contrast=\"none\"><span class=\"NormalTextRun SCXW200340489 BCX0\" data-ccp-parastyle=\"heading 2\">Behalten Sie mehr von Ihren fr\u00fchen Eink\u00fcnften<\/span><\/span><\/h4><p><span class=\"TextRun SCXW24964333 BCX0\" lang=\"EN-US\" xml:lang=\"EN-US\" data-contrast=\"none\"><span class=\"NormalTextRun ContextualSpellingAndGrammarErrorV2Themed SCXW24964333 BCX0\">Wachsende<\/span><span class=\"NormalTextRun SCXW24964333 BCX0\">  bedeutet, dass Sie Vorlaufkosten in Kauf nehmen m\u00fcssen, bevor Sie Gewinne erzielen. Neue M\u00e4rkte, neue Kunden und neue Vermittlungen sind mit Geb\u00fchren verbunden, die Ihre Gewinnspanne genau dann schm\u00e4lern, wenn Sie Geld brauchen   <\/span><span class=\"NormalTextRun ContextualSpellingAndGrammarErrorV2Themed SCXW24964333 BCX0\">flie\u00dfen<\/span><span class=\"NormalTextRun SCXW24964333 BCX0\"> am meisten.<\/span><\/span><span class=\"EOP SCXW24964333 BCX0\" data-ccp-props=\"{\"201341983\":0,\"335559739\":120,\"335559740\":256}\"> <\/span><\/p><p><span class=\"TextRun SCXW9441583 BCX0\" lang=\"EN-US\" xml:lang=\"EN-US\" data-contrast=\"none\"><span class=\"NormalTextRun SCXW9441583 BCX0\">F\u00fcr eine begrenzte Zeit bietet People2.0 bis zu vier Monate geb\u00fchrenfreie EOR- und AOR-Dienste an. Starten Sie Ihr Programm, vermitteln Sie Ihre Talente und sch\u00fctzen Sie Ihre Rentabilit\u00e4t vom ersten Tag an. <\/span><\/span><span class=\"EOP SCXW9441583 BCX0\" data-ccp-props=\"{\"201341983\":0,\"335559739\":120,\"335559740\":256}\"> <\/span><\/p><h4><span class=\"TextRun SCXW253619599 BCX0\" lang=\"EN-US\" xml:lang=\"EN-US\" data-contrast=\"none\"><span class=\"NormalTextRun SCXW253619599 BCX0\" data-ccp-parastyle=\"heading 2\">Wie es funktioniert<\/span><\/span><\/h4><ol><li><strong><span class=\"TextRun SCXW27003060 BCX0\" lang=\"EN-US\" data-contrast=\"none\"><span class=\"NormalTextRun SCXW27003060 BCX0\">Verbinden Sie sich mit unserem Team<\/span><\/span><\/strong><span class=\"TextRun SCXW27003060 BCX0\" lang=\"EN-US\" data-contrast=\"none\"><span class=\"NormalTextRun SCXW27003060 BCX0\">&#8211; F\u00fcllen Sie das Formular aus und <\/span><span class=\"NormalTextRun SCXW27003060 BCX0\">wir werden<\/span><span class=\"NormalTextRun SCXW27003060 BCX0\"> besprechen mit Ihnen Ihre Ziele.<\/span><\/span><span class=\"EOP SCXW27003060 BCX0\" data-ccp-props=\"{\"201341983\":0,\"335559739\":120,\"335559740\":256}\"> <\/span><\/li><li><strong><span class=\"TextRun SCXW102810949 BCX0\" lang=\"EN-US\" data-contrast=\"none\"><span class=\"NormalTextRun SCXW102810949 BCX0\">Loslegen und loslegen<\/span><\/span><\/strong><span class=\"TextRun SCXW102810949 BCX0\" lang=\"EN-US\" data-contrast=\"none\"><span class=\"NormalTextRun SCXW102810949 BCX0\">&#8211; Wir k\u00fcmmern uns um das Onboarding, die Einhaltung von Vorschriften und die Einrichtung der Gehaltsabrechnung, damit Sie sich auf Ihre Kunden konzentrieren k\u00f6nnen.<\/span><\/span><span class=\"EOP SCXW102810949 BCX0\" data-ccp-props=\"{\"201341983\":0,\"335559739\":120,\"335559740\":256}\"> <\/span><\/li><li><strong><span class=\"TextRun SCXW63050896 BCX0\" lang=\"EN-US\" data-contrast=\"none\"><span class=\"NormalTextRun SCXW63050896 BCX0\">Talentvermittlung ohne Geb\u00fchren<\/span><\/span><\/strong><span class=\"TextRun SCXW63050896 BCX0\" lang=\"EN-US\" data-contrast=\"none\"><span class=\"NormalTextRun SCXW63050896 BCX0\">&#8211;<strong><\/strong><span class=\"NormalTextRun SCXW63050896 BCX0\">Sobald<\/span><span class=\"NormalTextRun SCXW63050896 BCX0\"> live, zahlen Sie bis zu vier Monate lang keine Geb\u00fchren.<\/span><\/span><\/span><span class=\"EOP SCXW63050896 BCX0\" data-ccp-props=\"{\"201341983\":0,\"335559739\":120,\"335559740\":256}\"> <\/span><\/li><\/ol>\t\t\t\t\t\t\t\t<\/div>\n\t\t\t\t<\/div>\n\t\t\t\t<div class=\"elementor-element elementor-element-69a79e4 elementor-widget-divider--view-line elementor-widget elementor-widget-divider\" data-id=\"69a79e4\" data-element_type=\"widget\" data-e-type=\"widget\" data-widget_type=\"divider.default\">\n\t\t\t\t<div class=\"elementor-widget-container\">\n\t\t\t\t\t\t\t<div class=\"elementor-divider\">\n\t\t\t<span class=\"elementor-divider-separator\">\n\t\t\t\t\t\t<\/span>\n\t\t<\/div>\n\t\t\t\t\t\t<\/div>\n\t\t\t\t<\/div>\n\t\t\t\t<div class=\"elementor-element elementor-element-6574be5 elementor-widget elementor-widget-text-editor\" data-id=\"6574be5\" data-element_type=\"widget\" data-e-type=\"widget\" data-widget_type=\"text-editor.default\">\n\t\t\t\t<div class=\"elementor-widget-container\">\n\t\t\t\t\t\t\t\t\t<h4 role=\"heading\" aria-level=\"1\" data-uw-rm-heading=\"level\">\u00dcber People2.0<\/h4><p><span class=\"TextRun SCXW169759472 BCX0\" lang=\"EN-US\" xml:lang=\"EN-US\" data-contrast=\"none\" data-uw-rm-lang=\"false\"><span class=\"NormalTextRun SCXW169759472 BCX0\">People2.0 vereinfacht die Komplexit\u00e4t globaler Besch\u00e4ftigungsverh\u00e4ltnisse durch fachkundige Compliance- und umfassende Personall\u00f6sungen. Als ein f\u00fchrender Anbieter von EOR- und AOR-Dienstleistungen,   <\/span><span class=\"NormalTextRun SCXW169759472 BCX0\">Wir haben<\/span><span class=\"NormalTextRun SCXW169759472 BCX0\"> Talentlieferanten und Unternehmen geholfen, Arbeitskr\u00e4fte in mehr als 130 L\u00e4ndern einzusetzen und <\/span><span class=\"NormalTextRun SCXW169759472 BCX0\">zu erhalten.<\/span><span class=\"NormalTextRun SCXW169759472 BCX0\"> Fehlklassifizierungen zu vermeiden.<\/span><\/span><span class=\"EOP SCXW169759472 BCX0\" data-ccp-props=\"{\"201341983\":0,\"335559739\":120,\"335559740\":256}\"> <\/span><\/p><p>Unser von Experten geleiteter Ansatz stellt sicher, dass jeder Auftrag den lokalen gesetzlichen Anforderungen entspricht, so dass Sie sich auf Ihr Wachstum konzentrieren k\u00f6nnen, w\u00e4hrend wir uns um die komplexen administrativen Aspekte des internationalen Personalmanagements k\u00fcmmern.<\/p>\t\t\t\t\t\t\t\t<\/div>\n\t\t\t\t<\/div>\n\t\t\t\t\t<\/div>\n\t\t<\/div>\n\t\t\t\t<div class=\"elementor-column elementor-col-50 elementor-top-column elementor-element elementor-element-5fcfe33\" data-id=\"5fcfe33\" data-element_type=\"column\" data-e-type=\"column\">\n\t\t\t<div class=\"elementor-widget-wrap elementor-element-populated\">\n\t\t\t\t\t\t<div class=\"elementor-element elementor-element-e087c2f elementor-widget elementor-widget-heading\" data-id=\"e087c2f\" data-element_type=\"widget\" data-e-type=\"widget\" data-widget_type=\"heading.default\">\n\t\t\t\t<div class=\"elementor-widget-container\">\n\t\t\t\t\t<h4 class=\"elementor-heading-title elementor-size-default\">Zeitlich begrenztes Angebot<\/h4>\t\t\t\t<\/div>\n\t\t\t\t<\/div>\n\t\t\t\t<div class=\"elementor-element elementor-element-9eb5fd4 elementor-widget elementor-widget-text-editor\" data-id=\"9eb5fd4\" data-element_type=\"widget\" data-e-type=\"widget\" data-widget_type=\"text-editor.default\">\n\t\t\t\t<div class=\"elementor-widget-container\">\n\t\t\t\t\t\t\t\t\t<p><span class=\"TextRun SCXW125043565 BCX0\" lang=\"EN-US\" xml:lang=\"EN-US\" data-contrast=\"none\"><span class=\"NormalTextRun SCXW125043565 BCX0\">Dieses Angebot ist nur f\u00fcr eine begrenzte Zeit verf\u00fcgbar. Je eher Sie sich mit unserem Team in Verbindung setzen, desto eher k\u00f6nnen Sie die   <\/span><span class=\"NormalTextRun ContextualSpellingAndGrammarErrorV2Themed SCXW125043565 BCX0\">Vorteil<\/span><span class=\"NormalTextRun SCXW125043565 BCX0\">. <\/span> <\/span>Beginnen Sie heute!<\/p>\t\t\t\t\t\t\t\t<\/div>\n\t\t\t\t<\/div>\n\t\t\t\t<div class=\"elementor-element elementor-element-1562440 elementor-widget__width-initial elementor-widget elementor-widget-hubspot-form\" data-id=\"1562440\" data-element_type=\"widget\" data-e-type=\"widget\" data-widget_type=\"hubspot-form.default\">\n\t\t\t\t<div class=\"elementor-widget-container\">\n\t\t\t\t\t\n\t\t\t<div\n\t\t\tclass=\"hs-form-frame\"\n\t\t\tdata-region=\"na1\"\n\t\t\tdata-form-id=\"1b445622-cc22-42b8-9903-39927e12ff6c\"\n\t\t\tdata-portal-id=\"8817031\"\n\t\t\t >\n\t\t\t<\/div>\n\t\t\t\t\t\t\t<\/div>\n\t\t\t\t<\/div>\n\t\t\t\t\t<\/div>\n\t\t<\/div>\n\t\t\t\t\t<\/div>\n\t\t<\/section>\n\t\t\t\t<\/div>\n\t\t","protected":false},"excerpt":{"rendered":"<p>Starten Sie Ihr Programm mit People2.0 und zahlen Sie bis zu vier Monate lang keine Geb\u00fchren. Behalten Sie mehr von Ihren fr\u00fchen Eink\u00fcnften Wachsende bedeutet, dass Sie Vorlaufkosten in Kauf nehmen m\u00fcssen, bevor Sie Gewinne erzielen. Neue M\u00e4rkte, neue Kunden und neue Vermittlungen sind mit Geb\u00fchren verbunden, die Ihre Gewinnspanne genau dann schm\u00e4lern, wenn Sie [&hellip;]<\/p>\n","protected":false},"author":3,"featured_media":36195,"parent":0,"menu_order":0,"comment_status":"closed","ping_status":"closed","template":"","meta":{"_acf_changed":false,"content-type":"","footnotes":""},"class_list":["post-36162","page","type-page","status-publish","has-post-thumbnail","hentry"],"acf":[],"yoast_head":"<!-- This site is optimized with the Yoast SEO plugin v27.3 - https:\/\/yoast.com\/product\/yoast-seo-wordpress\/ -->\n<title>Kostenfreie Einf\u00fchrung &#8211; People2.0 | Global<\/title>\n<meta name=\"robots\" content=\"index, follow, max-snippet:-1, max-image-preview:large, max-video-preview:-1\" \/>\n<link rel=\"canonical\" href=\"https:\/\/www.people20.com\/de\/zero-fee-launch\/\" \/>\n<meta property=\"og:locale\" content=\"de_DE\" \/>\n<meta property=\"og:type\" content=\"article\" \/>\n<meta property=\"og:title\" content=\"Kostenfreie Einf\u00fchrung &#8211; People2.0 | Global\" \/>\n<meta property=\"og:description\" content=\"Starten Sie Ihr Programm mit People2.0 und zahlen Sie bis zu vier Monate lang keine Geb\u00fchren. Behalten Sie mehr von Ihren fr\u00fchen Eink\u00fcnften Wachsende bedeutet, dass Sie Vorlaufkosten in Kauf nehmen m\u00fcssen, bevor Sie Gewinne erzielen. Neue M\u00e4rkte, neue Kunden und neue Vermittlungen sind mit Geb\u00fchren verbunden, die Ihre Gewinnspanne genau dann schm\u00e4lern, wenn Sie [&hellip;]\" \/>\n<meta property=\"og:url\" content=\"https:\/\/www.people20.com\/de\/zero-fee-launch\/\" \/>\n<meta property=\"og:site_name\" content=\"People2.0 | Global\" \/>\n<meta property=\"article:modified_time\" content=\"2026-02-27T16:28:13+00:00\" \/>\n<meta property=\"og:image\" content=\"https:\/\/www.people20.com\/wp-content\/uploads\/2026\/01\/GLOB_PALL_FeeHoliday_LP_20260105.jpg\" \/>\n\t<meta property=\"og:image:width\" content=\"2205\" \/>\n\t<meta property=\"og:image:height\" content=\"2088\" \/>\n\t<meta property=\"og:image:type\" content=\"image\/jpeg\" \/>\n<meta name=\"twitter:card\" content=\"summary_large_image\" \/>\n<meta name=\"twitter:label1\" content=\"Gesch\u00e4tzte Lesezeit\" \/>\n\t<meta name=\"twitter:data1\" content=\"1\u00a0Minute\" \/>\n<!-- \/ Yoast SEO plugin. -->","yoast_head_json":{"title":"Kostenfreie Einf\u00fchrung &#8211; People2.0 | Global","robots":{"index":"index","follow":"follow","max-snippet":"max-snippet:-1","max-image-preview":"max-image-preview:large","max-video-preview":"max-video-preview:-1"},"canonical":"https:\/\/www.people20.com\/de\/zero-fee-launch\/","og_locale":"de_DE","og_type":"article","og_title":"Kostenfreie Einf\u00fchrung &#8211; People2.0 | Global","og_description":"Starten Sie Ihr Programm mit People2.0 und zahlen Sie bis zu vier Monate lang keine Geb\u00fchren. Behalten Sie mehr von Ihren fr\u00fchen Eink\u00fcnften Wachsende bedeutet, dass Sie Vorlaufkosten in Kauf nehmen m\u00fcssen, bevor Sie Gewinne erzielen. Neue M\u00e4rkte, neue Kunden und neue Vermittlungen sind mit Geb\u00fchren verbunden, die Ihre Gewinnspanne genau dann schm\u00e4lern, wenn Sie [&hellip;]","og_url":"https:\/\/www.people20.com\/de\/zero-fee-launch\/","og_site_name":"People2.0 | Global","article_modified_time":"2026-02-27T16:28:13+00:00","og_image":[{"width":2205,"height":2088,"url":"https:\/\/www.people20.com\/wp-content\/uploads\/2026\/01\/GLOB_PALL_FeeHoliday_LP_20260105.jpg","type":"image\/jpeg"}],"twitter_card":"summary_large_image","twitter_misc":{"Gesch\u00e4tzte Lesezeit":"1\u00a0Minute"},"schema":{"@context":"https:\/\/schema.org","@graph":[{"@type":"WebPage","@id":"https:\/\/www.people20.com\/de\/zero-fee-launch\/","url":"https:\/\/www.people20.com\/de\/zero-fee-launch\/","name":"Kostenfreie Einf\u00fchrung &#8211; People2.0 | Global","isPartOf":{"@id":"https:\/\/www.people20.com\/de\/#website"},"primaryImageOfPage":{"@id":"https:\/\/www.people20.com\/de\/zero-fee-launch\/#primaryimage"},"image":{"@id":"https:\/\/www.people20.com\/de\/zero-fee-launch\/#primaryimage"},"thumbnailUrl":"https:\/\/www.people20.com\/wp-content\/uploads\/2026\/01\/GLOB_PALL_FeeHoliday_LP_20260105.jpg","datePublished":"2026-01-05T17:48:58+00:00","dateModified":"2026-02-27T16:28:13+00:00","breadcrumb":{"@id":"https:\/\/www.people20.com\/de\/zero-fee-launch\/#breadcrumb"},"inLanguage":"de","potentialAction":[{"@type":"ReadAction","target":["https:\/\/www.people20.com\/de\/zero-fee-launch\/"]}]},{"@type":"ImageObject","inLanguage":"de","@id":"https:\/\/www.people20.com\/de\/zero-fee-launch\/#primaryimage","url":"https:\/\/www.people20.com\/wp-content\/uploads\/2026\/01\/GLOB_PALL_FeeHoliday_LP_20260105.jpg","contentUrl":"https:\/\/www.people20.com\/wp-content\/uploads\/2026\/01\/GLOB_PALL_FeeHoliday_LP_20260105.jpg","width":2205,"height":2088},{"@type":"BreadcrumbList","@id":"https:\/\/www.people20.com\/de\/zero-fee-launch\/#breadcrumb","itemListElement":[{"@type":"ListItem","position":1,"name":"Home","item":"https:\/\/www.people20.com\/de\/home\/"},{"@type":"ListItem","position":2,"name":"Kostenfreie Einf\u00fchrung"}]},{"@type":"WebSite","@id":"https:\/\/www.people20.com\/de\/#website","url":"https:\/\/www.people20.com\/de\/","name":"People2.0 | Global","description":"Global employment, simplified.","publisher":{"@id":"https:\/\/www.people20.com\/de\/#organization"},"potentialAction":[{"@type":"SearchAction","target":{"@type":"EntryPoint","urlTemplate":"https:\/\/www.people20.com\/de\/?s={search_term_string}"},"query-input":{"@type":"PropertyValueSpecification","valueRequired":true,"valueName":"search_term_string"}}],"inLanguage":"de"},{"@type":"Organization","@id":"https:\/\/www.people20.com\/de\/#organization","name":"People2.0 | Global","url":"https:\/\/www.people20.com\/de\/","logo":{"@type":"ImageObject","inLanguage":"de","@id":"https:\/\/www.people20.com\/de\/#\/schema\/logo\/image\/","url":"https:\/\/www.people20.com\/wp-content\/uploads\/2025\/05\/people20-logo.svg","contentUrl":"https:\/\/www.people20.com\/wp-content\/uploads\/2025\/05\/people20-logo.svg","caption":"People2.0 | Global"},"image":{"@id":"https:\/\/www.people20.com\/de\/#\/schema\/logo\/image\/"}}]}},"_links":{"self":[{"href":"https:\/\/www.people20.com\/de\/wp-json\/wp\/v2\/pages\/36162","targetHints":{"allow":["GET"]}}],"collection":[{"href":"https:\/\/www.people20.com\/de\/wp-json\/wp\/v2\/pages"}],"about":[{"href":"https:\/\/www.people20.com\/de\/wp-json\/wp\/v2\/types\/page"}],"author":[{"embeddable":true,"href":"https:\/\/www.people20.com\/de\/wp-json\/wp\/v2\/users\/3"}],"replies":[{"embeddable":true,"href":"https:\/\/www.people20.com\/de\/wp-json\/wp\/v2\/comments?post=36162"}],"version-history":[{"count":14,"href":"https:\/\/www.people20.com\/de\/wp-json\/wp\/v2\/pages\/36162\/revisions"}],"predecessor-version":[{"id":36264,"href":"https:\/\/www.people20.com\/de\/wp-json\/wp\/v2\/pages\/36162\/revisions\/36264"}],"wp:featuredmedia":[{"embeddable":true,"href":"https:\/\/www.people20.com\/de\/wp-json\/wp\/v2\/media\/36195"}],"wp:attachment":[{"href":"https:\/\/www.people20.com\/de\/wp-json\/wp\/v2\/media?parent=36162"}],"curies":[{"name":"wp","href":"https:\/\/api.w.org\/{rel}","templated":true}]}}