{"id":32698,"date":"2025-10-15T16:22:12","date_gmt":"2025-10-15T20:22:12","guid":{"rendered":"https:\/\/www.people20.com\/?page_id=32698"},"modified":"2025-10-21T10:02:35","modified_gmt":"2025-10-21T14:02:35","slug":"the-complete-guide-to-aor-services","status":"publish","type":"page","link":"https:\/\/www.people20.com\/de\/the-complete-guide-to-aor-services\/","title":{"rendered":"Der vollst\u00e4ndige Leitfaden f\u00fcr AOR-Dienste"},"content":{"rendered":"\t\t<div data-elementor-type=\"wp-page\" data-elementor-id=\"32698\" class=\"elementor elementor-32698 elementor-32697\" data-elementor-post-type=\"page\">\n\t\t\t\t<div class=\"elementor-element elementor-element-2bafb96 e-flex e-con-boxed e-con e-parent\" data-id=\"2bafb96\" data-element_type=\"container\" data-e-type=\"container\" data-settings=\"{&quot;background_background&quot;:&quot;classic&quot;}\">\n\t\t\t\t\t<div class=\"e-con-inner\">\n\t\t\t\t<div class=\"elementor-element elementor-element-63ef356 elementor-widget elementor-widget-heading\" data-id=\"63ef356\" data-element_type=\"widget\" data-e-type=\"widget\" data-widget_type=\"heading.default\">\n\t\t\t\t<div class=\"elementor-widget-container\">\n\t\t\t\t\t<h2 class=\"elementor-heading-title elementor-size-default\">Expertenl\u00f6sungen f\u00fcr globales Workforce Management<\/h2>\t\t\t\t<\/div>\n\t\t\t\t<\/div>\n\t\t\t\t\t<\/div>\n\t\t\t\t<\/div>\n\t\t\t\t<section class=\"elementor-section elementor-top-section elementor-element elementor-element-3daee08 elementor-section-boxed elementor-section-height-default elementor-section-height-default\" data-id=\"3daee08\" data-element_type=\"section\" data-e-type=\"section\">\n\t\t\t\t\t\t<div class=\"elementor-container elementor-column-gap-default\">\n\t\t\t\t\t<div class=\"elementor-column elementor-col-50 elementor-top-column elementor-element elementor-element-e385900\" data-id=\"e385900\" data-element_type=\"column\" data-e-type=\"column\">\n\t\t\t<div class=\"elementor-widget-wrap elementor-element-populated\">\n\t\t\t\t\t\t<div class=\"elementor-element elementor-element-09ec924 elementor-widget elementor-widget-text-editor\" data-id=\"09ec924\" data-element_type=\"widget\" data-e-type=\"widget\" data-widget_type=\"text-editor.default\">\n\t\t\t\t<div class=\"elementor-widget-container\">\n\t\t\t\t\t\t\t\t\t<h4><span class=\"TextRun SCXW30140990 BCX0\" lang=\"EN-US\" xml:lang=\"EN-US\" data-contrast=\"none\"><span class=\"NormalTextRun SCXW30140990 BCX0\" data-ccp-parastyle=\"heading 2\">Navigieren Sie durch die Komplexit\u00e4t der globalen Belegschaft mit fachkundiger Anleitung<\/span><\/span><span class=\"EOP SCXW30140990 BCX0\" data-ccp-props=\"{\"201341983\":0,\"335559739\":120,\"335559740\":256}\"> <\/span><\/h4><p><span class=\"TextRun SCXW179390418 BCX0\" lang=\"EN-US\" xml:lang=\"EN-US\" data-contrast=\"none\"><span class=\"NormalTextRun SCXW179390418 BCX0\">Fehler bei der Einstufung kosten Unternehmen Millionen an Geldstrafen. Verwaltung von befristet Besch\u00e4ftigten in   <\/span><span class=\"NormalTextRun SCXW179390418 BCX0\">Rechtsordnungen<\/span><span class=\"NormalTextRun SCXW179390418 BCX0\"> schafft Probleme bei der Einhaltung von Vorschriften, die Wachstumspl\u00e4ne zum Scheitern bringen k\u00f6nnen.<\/span><\/span><span class=\"EOP SCXW179390418 BCX0\" data-ccp-props=\"{\"201341983\":0,\"335559739\":120,\"335559740\":256}\"> <\/span><\/p><p><span class=\"TextRun SCXW114360640 BCX0\" lang=\"EN-US\" xml:lang=\"EN-US\" data-contrast=\"none\" data-uw-rm-lang=\"false\"><span class=\"NormalTextRun SCXW114360640 BCX0\">Dieser Leitfaden <\/span><span class=\"NormalTextRun SCXW114360640 BCX0\">bietet<\/span><span class=\"NormalTextRun SCXW114360640 BCX0\"> Expertenwissen \u00fcber AOR-L\u00f6sungen (Agent of Record).<\/span><\/span><\/p><h4><span class=\"TextRun SCXW127565872 BCX0\" lang=\"EN-US\" xml:lang=\"EN-US\" data-contrast=\"none\"><span class=\"NormalTextRun SCXW127565872 BCX0\" data-ccp-parastyle=\"heading 2\">Was Sie bekommen<\/span><\/span><span class=\"EOP SCXW127565872 BCX0\" data-ccp-props=\"{\"201341983\":0,\"335559739\":120,\"335559740\":256}\"> <\/span><\/h4><p><strong><em><span class=\"TextRun SCXW224227802 BCX0\" lang=\"EN-US\" xml:lang=\"EN-US\" data-contrast=\"none\"><span class=\"NormalTextRun SCXW224227802 BCX0\" data-ccp-parastyle=\"heading 3\">Vollst\u00e4ndiger Leitfaden f\u00fcr AOR-Dienste:<\/span><\/span><span class=\"EOP SCXW224227802 BCX0\" data-ccp-props=\"{\"201341983\":0,\"335559739\":120,\"335559740\":256}\"> <\/span><\/em><\/strong><\/p><ul><li><span class=\"TextRun SCXW110809561 BCX0\" lang=\"EN-US\" xml:lang=\"EN-US\" data-contrast=\"none\"><span class=\"NormalTextRun SCXW110809561 BCX0\">Einhaltung der Vorschriften f\u00fcr unabh\u00e4ngige Auftragnehmer in den wichtigsten M\u00e4rkten<\/span><\/span><span class=\"EOP SCXW110809561 BCX0\" data-ccp-props=\"{\"201341983\":0,\"335559739\":120,\"335559740\":256}\"> <\/span><\/li><li><span class=\"TextRun SCXW54672397 BCX0\" lang=\"EN-US\" xml:lang=\"EN-US\" data-contrast=\"none\"><span class=\"NormalTextRun SCXW54672397 BCX0\">Klassifizierungsstrategien, die Strafen f\u00fcr falsche Klassifizierung verhindern<\/span><\/span><span class=\"EOP SCXW54672397 BCX0\" data-ccp-props=\"{\"201341983\":0,\"335559739\":120,\"335559740\":256}\"> <\/span><\/li><li><span class=\"TextRun SCXW55898157 BCX0\" lang=\"EN-US\" xml:lang=\"EN-US\" data-contrast=\"none\"><span class=\"NormalTextRun SCXW55898157 BCX0\">Expertenaufsicht Ans\u00e4tze automatisierter L\u00f6sungen <\/span><span class=\"NormalTextRun SCXW55898157 BCX0\">k\u00f6nnen nicht<\/span><span class=\"NormalTextRun SCXW55898157 BCX0\"> entsprechen<\/span><\/span><span class=\"EOP SCXW55898157 BCX0\" data-ccp-props=\"{\"201341983\":0,\"335559739\":120,\"335559740\":256}\"> <\/span><\/li><\/ul><h4><span class=\"TextRun SCXW85507056 BCX0\" lang=\"EN-US\" xml:lang=\"EN-US\" data-contrast=\"none\"><span class=\"NormalTextRun SCXW85507056 BCX0\" data-ccp-parastyle=\"heading 2\">Bew\u00e4hrte Ergebnisse<\/span><\/span><span class=\"EOP SCXW85507056 BCX0\" data-ccp-props=\"{\"201341983\":0,\"335559739\":120,\"335559740\":256}\"> <\/span><\/h4><p><span class=\"TextRun SCXW176737154 BCX0\" lang=\"EN-US\" xml:lang=\"EN-US\" data-contrast=\"none\"><span class=\"NormalTextRun SCXW176737154 BCX0\">Der von Experten geleitete Ansatz von People2.0 ist erfolgreich:<\/span><\/span><span class=\"EOP SCXW176737154 BCX0\" data-ccp-props=\"{\"201341983\":0,\"335559739\":120,\"335559740\":256}\"> <\/span><\/p><ul><li><strong><span class=\"TextRun SCXW68082039 BCX0\" lang=\"EN-US\" data-contrast=\"none\"><span class=\"NormalTextRun SCXW68082039 BCX0\">Null Fehlklassifizierungen<\/span><\/span><\/strong><span class=\"TextRun SCXW68082039 BCX0\" lang=\"EN-US\" data-contrast=\"none\"><span class=\"NormalTextRun SCXW68082039 BCX0\"> dank unseres expertengeleiteten Ansatzes<\/span><\/span><span class=\"EOP SCXW68082039 BCX0\" data-ccp-props=\"{\"201341983\":0,\"335559739\":120,\"335559740\":256}\"> <\/span><\/li><li><strong><span class=\"TextRun SCXW195315322 BCX0\" lang=\"EN-US\" data-contrast=\"none\"><span class=\"NormalTextRun SCXW195315322 BCX0\">20+ Jahre<\/span><\/span><\/strong><span class=\"TextRun SCXW195315322 BCX0\" lang=\"EN-US\" data-contrast=\"none\"><span class=\"NormalTextRun SCXW195315322 BCX0\"> L\u00f6sungen f\u00fcr Arbeitskr\u00e4fte <\/span><span class=\"NormalTextRun SCXW195315322 BCX0\">Fachwissen<\/span><span class=\"NormalTextRun SCXW195315322 BCX0\"> \u00fcber globale M\u00e4rkte hinweg <\/span><\/span> <span class=\"EOP SCXW195315322 BCX0\" data-ccp-props=\"{\"201341983\":0,\"335559739\":120,\"335559740\":256}\"> <\/span><\/li><li><strong><span class=\"TextRun SCXW162215025 BCX0\" lang=\"EN-US\" data-contrast=\"none\"><span class=\"NormalTextRun SCXW162215025 BCX0\">150K+ Arbeiter<\/span><\/span><\/strong><span class=\"TextRun SCXW162215025 BCX0\" lang=\"EN-US\" data-contrast=\"none\"><span class=\"NormalTextRun SCXW162215025 BCX0\"> j\u00e4hrlich bei vollst\u00e4ndiger Einhaltung der Vorschriften eingesetzt <\/span><\/span> <span class=\"EOP SCXW162215025 BCX0\" data-ccp-props=\"{\"201341983\":0,\"335559739\":120,\"335559740\":256}\"> <\/span><\/li><li><strong><span class=\"TextRun SCXW90281662 BCX0\" lang=\"EN-US\" data-contrast=\"none\"><span class=\"NormalTextRun SCXW90281662 BCX0\">60+ L\u00e4nder<\/span><\/span><\/strong><span class=\"TextRun SCXW90281662 BCX0\" lang=\"EN-US\" data-contrast=\"none\"><span class=\"NormalTextRun SCXW90281662 BCX0\"> unterst\u00fctzt durch umfassendes regionales <\/span><span class=\"NormalTextRun SCXW90281662 BCX0\">Fachwissen<\/span><\/span><span class=\"EOP SCXW90281662 BCX0\" data-ccp-props=\"{\"201341983\":0,\"335559739\":120,\"335559740\":256}\"> <\/span><\/li><\/ul><h4><span class=\"TextRun SCXW54002842 BCX0\" lang=\"EN-US\" xml:lang=\"EN-US\" data-contrast=\"none\"><span class=\"NormalTextRun SCXW54002842 BCX0\" data-ccp-parastyle=\"heading 2\">Wem dies hilft<\/span><\/span><span class=\"EOP SCXW54002842 BCX0\" data-ccp-props=\"{\"201341983\":0,\"335559739\":120,\"335559740\":256}\"> <\/span><\/h4><p><strong><span class=\"TextRun SCXW68018219 BCX0\" lang=\"EN-US\" data-contrast=\"none\"><span class=\"NormalTextRun SCXW68018219 BCX0\">Talentlieferanten:<\/span><\/span><\/strong><span class=\"TextRun SCXW68018219 BCX0\" lang=\"EN-US\" data-contrast=\"none\"><span class=\"NormalTextRun SCXW68018219 BCX0\">Expandieren Sie in neue M\u00e4rkte ohne Compliance-Risiko und konzentrieren Sie sich auf Ihre Kernaktivit\u00e4ten im Bereich der Personalbeschaffung.<\/span><\/span><span class=\"EOP SCXW68018219 BCX0\" data-ccp-props=\"{\"201341983\":0,\"335559739\":120,\"335559740\":256}\"> <\/span><\/p><p><strong><span class=\"TextRun SCXW209671921 BCX0\" lang=\"EN-US\" data-contrast=\"none\"><span class=\"NormalTextRun SCXW209671921 BCX0\">Unternehmen:<\/span><\/span><\/strong><span class=\"TextRun SCXW209671921 BCX0\" lang=\"EN-US\" data-contrast=\"none\"><span class=\"NormalTextRun SCXW209671921 BCX0\">Verwalten Sie verteilte Belegschaften \u00fcber <\/span><span class=\"NormalTextRun SCXW209671921 BCX0\">Gerichtsbarkeiten<\/span><span class=\"NormalTextRun SCXW209671921 BCX0\"> mit einheitlichen Compliance-Standards.<\/span><\/span><span class=\"EOP SCXW209671921 BCX0\" data-ccp-props=\"{\"201341983\":0,\"335559739\":120,\"335559740\":256}\"> <\/span><\/p><p><strong><span class=\"TextRun SCXW149432432 BCX0\" lang=\"EN-US\" xml:lang=\"EN-US\" data-contrast=\"none\"><span class=\"NormalTextRun SCXW149432432 BCX0\">Sind Sie bereit, die richtige L\u00f6sung zu w\u00e4hlen?<\/span><\/span><span class=\"EOP SCXW149432432 BCX0\" data-ccp-props=\"{\"201341983\":0,\"335559739\":120,\"335559740\":256}\"> <\/span><\/strong><\/p><p><span class=\"TextRun SCXW138554499 BCX0\" lang=\"EN-US\" xml:lang=\"EN-US\" data-contrast=\"none\"><span class=\"NormalTextRun SCXW138554499 BCX0\">Laden Sie Ihr Leitfaden-Paket herunter und erhalten Sie Expertenwissen f\u00fcr den Aufbau einer konformen, skalierbaren Personalstrategie.<\/span><\/span><span class=\"EOP SCXW138554499 BCX0\" data-ccp-props=\"{\"201341983\":0,\"335559739\":120,\"335559740\":256}\"> <\/span><\/p><h4><span class=\"TextRun SCXW268231853 BCX0\" lang=\"EN-US\" xml:lang=\"EN-US\" data-contrast=\"none\"><span class=\"NormalTextRun SCXW268231853 BCX0\" data-ccp-parastyle=\"heading 2\">\u00dcber People2.0<\/span><\/span><span class=\"EOP SCXW268231853 BCX0\" data-ccp-props=\"{\"201341983\":0,\"335559739\":120,\"335559740\":256}\"> <\/span><\/h4><p><span class=\"TextRun SCXW169759472 BCX0\" lang=\"EN-US\" xml:lang=\"EN-US\" data-contrast=\"none\"><span class=\"NormalTextRun SCXW169759472 BCX0\">People2.0 vereinfacht die Komplexit\u00e4t globaler Besch\u00e4ftigungsverh\u00e4ltnisse durch fachkundige Compliance- und umfassende Personall\u00f6sungen. Als ein f\u00fchrender Anbieter von EOR- und AOR-Dienstleistungen,   <\/span><span class=\"NormalTextRun SCXW169759472 BCX0\">Wir haben<\/span><span class=\"NormalTextRun SCXW169759472 BCX0\"> Talentlieferanten und Unternehmen geholfen, Arbeitskr\u00e4fte in mehr als 60 L\u00e4ndern einzusetzen und <\/span><span class=\"NormalTextRun SCXW169759472 BCX0\">zu erhalten.<\/span><span class=\"NormalTextRun SCXW169759472 BCX0\"> Fehlklassifizierungen zu vermeiden.<\/span><\/span><span class=\"EOP SCXW169759472 BCX0\" data-ccp-props=\"{\"201341983\":0,\"335559739\":120,\"335559740\":256}\"> <\/span><\/p><p><span class=\"TextRun SCXW51783202 BCX0\" lang=\"EN-US\" xml:lang=\"EN-US\" data-contrast=\"none\"><span class=\"NormalTextRun SCXW51783202 BCX0\">Unser von Experten geleiteter Ansatz stellt sicher, dass jeder Auftrag den lokalen gesetzlichen Anforderungen entspricht, so dass Sie sich auf Ihr Wachstum konzentrieren k\u00f6nnen, w\u00e4hrend wir uns um die komplexen administrativen Aspekte des internationalen Personalmanagements k\u00fcmmern.<\/span><\/span><span class=\"EOP SCXW51783202 BCX0\" data-ccp-props=\"{\"201341983\":0,\"335559739\":120,\"335559740\":256}\"> <\/span><\/p>\t\t\t\t\t\t\t\t<\/div>\n\t\t\t\t<\/div>\n\t\t\t\t\t<\/div>\n\t\t<\/div>\n\t\t\t\t<div class=\"elementor-column elementor-col-50 elementor-top-column elementor-element elementor-element-5fcfe33\" data-id=\"5fcfe33\" data-element_type=\"column\" data-e-type=\"column\">\n\t\t\t<div class=\"elementor-widget-wrap elementor-element-populated\">\n\t\t\t\t\t\t<div class=\"elementor-element elementor-element-e087c2f elementor-widget elementor-widget-heading\" data-id=\"e087c2f\" data-element_type=\"widget\" data-e-type=\"widget\" data-widget_type=\"heading.default\">\n\t\t\t\t<div class=\"elementor-widget-container\">\n\t\t\t\t\t<h4 class=\"elementor-heading-title elementor-size-default\">Download der Leitf\u00e4den<\/h4>\t\t\t\t<\/div>\n\t\t\t\t<\/div>\n\t\t\t\t<div class=\"elementor-element elementor-element-9eb5fd4 elementor-widget elementor-widget-text-editor\" data-id=\"9eb5fd4\" data-element_type=\"widget\" data-e-type=\"widget\" data-widget_type=\"text-editor.default\">\n\t\t\t\t<div class=\"elementor-widget-container\">\n\t\t\t\t\t\t\t\t\t<p><span lang=\"EN-US\" style=\"-webkit-user-drag: none; -webkit-tap-highlight-color: transparent; margin: 0px; padding: 0px; user-select: text; color: #000000; text-align: left; white-space-collapse: preserve; font-size: 11pt; line-height: 18.1333px; font-family: Arial, Arial_EmbeddedFont, Arial_MSFontService, sans-serif; font-variant-ligatures: none !important;\" xml:lang=\"EN-US\" data-contrast=\"none\" data-uw-rm-lang=\"false\">Laden Sie Ihr umfassendes Leitfadenpaket herunter und finden Sie heraus, welche L\u00f6sung f\u00fcr Ihr Unternehmen geeignet ist<\/span><\/p>\t\t\t\t\t\t\t\t<\/div>\n\t\t\t\t<\/div>\n\t\t<div class=\"elementor-element elementor-element-d91cc9e e-flex e-con-boxed e-con e-parent\" data-id=\"d91cc9e\" data-element_type=\"container\" data-e-type=\"container\">\n\t\t\t\t\t<div class=\"e-con-inner\">\n\t\t\t\t<div class=\"elementor-element elementor-element-920fbf1 elementor-widget elementor-widget-html\" data-id=\"920fbf1\" data-element_type=\"widget\" data-e-type=\"widget\" data-widget_type=\"html.default\">\n\t\t\t\t<div class=\"elementor-widget-container\">\n\t\t\t\t\t<script src=\"https:\/\/js.hsforms.net\/forms\/embed\/8817031.js\" defer><\/script>\r\n<div class=\"hs-form-frame\" data-region=\"na1\" data-form-id=\"0eb47643-d88c-43a9-9b67-4348d7e973e5\" data-portal-id=\"8817031\"><\/div>\t\t\t\t<\/div>\n\t\t\t\t<\/div>\n\t\t\t\t\t<\/div>\n\t\t\t\t<\/div>\n\t\t\t\t\t<\/div>\n\t\t<\/div>\n\t\t\t\t\t<\/div>\n\t\t<\/section>\n\t\t\t\t<\/div>\n\t\t","protected":false},"excerpt":{"rendered":"<p>Expertenl\u00f6sungen f\u00fcr globales Workforce Management Navigieren Sie durch die Komplexit\u00e4t der globalen Belegschaft mit fachkundiger Anleitung Fehler bei der Einstufung kosten Unternehmen Millionen an Geldstrafen. Verwaltung von befristet Besch\u00e4ftigten in Rechtsordnungen schafft Probleme bei der Einhaltung von Vorschriften, die Wachstumspl\u00e4ne zum Scheitern bringen k\u00f6nnen. Dieser Leitfaden bietet Expertenwissen \u00fcber AOR-L\u00f6sungen (Agent of Record). Was Sie [&hellip;]<\/p>\n","protected":false},"author":3,"featured_media":22153,"parent":0,"menu_order":0,"comment_status":"closed","ping_status":"closed","template":"","meta":{"_acf_changed":false,"content-type":"","footnotes":""},"class_list":["post-32698","page","type-page","status-publish","has-post-thumbnail","hentry"],"acf":[],"yoast_head":"<!-- This site is optimized with the Yoast SEO plugin v27.3 - https:\/\/yoast.com\/product\/yoast-seo-wordpress\/ -->\n<title>Der vollst\u00e4ndige Leitfaden f\u00fcr AOR-Dienste &#8211; People2.0 | Global<\/title>\n<meta name=\"robots\" content=\"index, follow, max-snippet:-1, max-image-preview:large, max-video-preview:-1\" \/>\n<link rel=\"canonical\" href=\"https:\/\/www.people20.com\/de\/the-complete-guide-to-aor-services\/\" \/>\n<meta property=\"og:locale\" content=\"de_DE\" \/>\n<meta property=\"og:type\" content=\"article\" \/>\n<meta property=\"og:title\" content=\"Der vollst\u00e4ndige Leitfaden f\u00fcr AOR-Dienste &#8211; People2.0 | Global\" \/>\n<meta property=\"og:description\" content=\"Expertenl\u00f6sungen f\u00fcr globales Workforce Management Navigieren Sie durch die Komplexit\u00e4t der globalen Belegschaft mit fachkundiger Anleitung Fehler bei der Einstufung kosten Unternehmen Millionen an Geldstrafen. Verwaltung von befristet Besch\u00e4ftigten in Rechtsordnungen schafft Probleme bei der Einhaltung von Vorschriften, die Wachstumspl\u00e4ne zum Scheitern bringen k\u00f6nnen. Dieser Leitfaden bietet Expertenwissen \u00fcber AOR-L\u00f6sungen (Agent of Record). Was Sie [&hellip;]\" \/>\n<meta property=\"og:url\" content=\"https:\/\/www.people20.com\/de\/the-complete-guide-to-aor-services\/\" \/>\n<meta property=\"og:site_name\" content=\"People2.0 | Global\" \/>\n<meta property=\"article:modified_time\" content=\"2025-10-21T14:02:35+00:00\" \/>\n<meta property=\"og:image\" content=\"https:\/\/www.people20.com\/wp-content\/uploads\/2025\/09\/Rectangle-5934-2.png\" \/>\n\t<meta property=\"og:image:width\" content=\"873\" \/>\n\t<meta property=\"og:image:height\" content=\"473\" \/>\n\t<meta property=\"og:image:type\" content=\"image\/png\" \/>\n<meta name=\"twitter:card\" content=\"summary_large_image\" \/>\n<meta name=\"twitter:label1\" content=\"Gesch\u00e4tzte Lesezeit\" \/>\n\t<meta name=\"twitter:data1\" content=\"2 Minuten\" \/>\n<!-- \/ Yoast SEO plugin. -->","yoast_head_json":{"title":"Der vollst\u00e4ndige Leitfaden f\u00fcr AOR-Dienste &#8211; People2.0 | Global","robots":{"index":"index","follow":"follow","max-snippet":"max-snippet:-1","max-image-preview":"max-image-preview:large","max-video-preview":"max-video-preview:-1"},"canonical":"https:\/\/www.people20.com\/de\/the-complete-guide-to-aor-services\/","og_locale":"de_DE","og_type":"article","og_title":"Der vollst\u00e4ndige Leitfaden f\u00fcr AOR-Dienste &#8211; People2.0 | Global","og_description":"Expertenl\u00f6sungen f\u00fcr globales Workforce Management Navigieren Sie durch die Komplexit\u00e4t der globalen Belegschaft mit fachkundiger Anleitung Fehler bei der Einstufung kosten Unternehmen Millionen an Geldstrafen. Verwaltung von befristet Besch\u00e4ftigten in Rechtsordnungen schafft Probleme bei der Einhaltung von Vorschriften, die Wachstumspl\u00e4ne zum Scheitern bringen k\u00f6nnen. Dieser Leitfaden bietet Expertenwissen \u00fcber AOR-L\u00f6sungen (Agent of Record). Was Sie [&hellip;]","og_url":"https:\/\/www.people20.com\/de\/the-complete-guide-to-aor-services\/","og_site_name":"People2.0 | Global","article_modified_time":"2025-10-21T14:02:35+00:00","og_image":[{"width":873,"height":473,"url":"https:\/\/www.people20.com\/wp-content\/uploads\/2025\/09\/Rectangle-5934-2.png","type":"image\/png"}],"twitter_card":"summary_large_image","twitter_misc":{"Gesch\u00e4tzte Lesezeit":"2 Minuten"},"schema":{"@context":"https:\/\/schema.org","@graph":[{"@type":"WebPage","@id":"https:\/\/www.people20.com\/de\/the-complete-guide-to-aor-services\/","url":"https:\/\/www.people20.com\/de\/the-complete-guide-to-aor-services\/","name":"Der vollst\u00e4ndige Leitfaden f\u00fcr AOR-Dienste &#8211; People2.0 | Global","isPartOf":{"@id":"https:\/\/www.people20.com\/de\/#website"},"primaryImageOfPage":{"@id":"https:\/\/www.people20.com\/de\/the-complete-guide-to-aor-services\/#primaryimage"},"image":{"@id":"https:\/\/www.people20.com\/de\/the-complete-guide-to-aor-services\/#primaryimage"},"thumbnailUrl":"https:\/\/www.people20.com\/wp-content\/uploads\/2025\/09\/Rectangle-5934-2.png","datePublished":"2025-10-15T20:22:12+00:00","dateModified":"2025-10-21T14:02:35+00:00","breadcrumb":{"@id":"https:\/\/www.people20.com\/de\/the-complete-guide-to-aor-services\/#breadcrumb"},"inLanguage":"de","potentialAction":[{"@type":"ReadAction","target":["https:\/\/www.people20.com\/de\/the-complete-guide-to-aor-services\/"]}]},{"@type":"ImageObject","inLanguage":"de","@id":"https:\/\/www.people20.com\/de\/the-complete-guide-to-aor-services\/#primaryimage","url":"https:\/\/www.people20.com\/wp-content\/uploads\/2025\/09\/Rectangle-5934-2.png","contentUrl":"https:\/\/www.people20.com\/wp-content\/uploads\/2025\/09\/Rectangle-5934-2.png","width":873,"height":473},{"@type":"BreadcrumbList","@id":"https:\/\/www.people20.com\/de\/the-complete-guide-to-aor-services\/#breadcrumb","itemListElement":[{"@type":"ListItem","position":1,"name":"Home","item":"https:\/\/www.people20.com\/de\/home\/"},{"@type":"ListItem","position":2,"name":"Der vollst\u00e4ndige Leitfaden f\u00fcr AOR-Dienste"}]},{"@type":"WebSite","@id":"https:\/\/www.people20.com\/de\/#website","url":"https:\/\/www.people20.com\/de\/","name":"People2.0 | Global","description":"Global employment, simplified.","publisher":{"@id":"https:\/\/www.people20.com\/de\/#organization"},"potentialAction":[{"@type":"SearchAction","target":{"@type":"EntryPoint","urlTemplate":"https:\/\/www.people20.com\/de\/?s={search_term_string}"},"query-input":{"@type":"PropertyValueSpecification","valueRequired":true,"valueName":"search_term_string"}}],"inLanguage":"de"},{"@type":"Organization","@id":"https:\/\/www.people20.com\/de\/#organization","name":"People2.0 | Global","url":"https:\/\/www.people20.com\/de\/","logo":{"@type":"ImageObject","inLanguage":"de","@id":"https:\/\/www.people20.com\/de\/#\/schema\/logo\/image\/","url":"https:\/\/www.people20.com\/wp-content\/uploads\/2025\/05\/people20-logo.svg","contentUrl":"https:\/\/www.people20.com\/wp-content\/uploads\/2025\/05\/people20-logo.svg","caption":"People2.0 | Global"},"image":{"@id":"https:\/\/www.people20.com\/de\/#\/schema\/logo\/image\/"}}]}},"_links":{"self":[{"href":"https:\/\/www.people20.com\/de\/wp-json\/wp\/v2\/pages\/32698","targetHints":{"allow":["GET"]}}],"collection":[{"href":"https:\/\/www.people20.com\/de\/wp-json\/wp\/v2\/pages"}],"about":[{"href":"https:\/\/www.people20.com\/de\/wp-json\/wp\/v2\/types\/page"}],"author":[{"embeddable":true,"href":"https:\/\/www.people20.com\/de\/wp-json\/wp\/v2\/users\/3"}],"replies":[{"embeddable":true,"href":"https:\/\/www.people20.com\/de\/wp-json\/wp\/v2\/comments?post=32698"}],"version-history":[{"count":7,"href":"https:\/\/www.people20.com\/de\/wp-json\/wp\/v2\/pages\/32698\/revisions"}],"predecessor-version":[{"id":32959,"href":"https:\/\/www.people20.com\/de\/wp-json\/wp\/v2\/pages\/32698\/revisions\/32959"}],"wp:featuredmedia":[{"embeddable":true,"href":"https:\/\/www.people20.com\/de\/wp-json\/wp\/v2\/media\/22153"}],"wp:attachment":[{"href":"https:\/\/www.people20.com\/de\/wp-json\/wp\/v2\/media?parent=32698"}],"curies":[{"name":"wp","href":"https:\/\/api.w.org\/{rel}","templated":true}]}}