{"id":31688,"date":"2025-10-09T15:35:50","date_gmt":"2025-10-09T19:35:50","guid":{"rendered":"https:\/\/www.people20.com\/?page_id=31688"},"modified":"2026-02-27T11:29:31","modified_gmt":"2026-02-27T16:29:31","slug":"americas-partner-newsletter-q3-2025-enterprise","status":"publish","type":"page","link":"https:\/\/www.people20.com\/de\/americas-partner-newsletter-q3-2025-enterprise\/","title":{"rendered":"Americas Partner Newsletter Q3 2025 Unternehmen"},"content":{"rendered":"\n<p>Willkommen zum viertelj\u00e4hrlichen Newsletter von People2.0 Americas. In dieser Ausgabe finden Sie wichtige Updates, Veranstaltungen und Ressourcen, die Ihnen helfen, sich in der sich st\u00e4ndig ver\u00e4ndernden Talentlandschaft zurechtzufinden. Als Ihr vertrauensw\u00fcrdiger Partner sind wir bestrebt, Sie auf dem Laufenden zu halten und Sie zu bef\u00e4higen, erfolgreich zu sein.    <\/p>\n\n<h3 class=\"wp-block-heading has-text-color has-link-color wp-elements-26dc20b7b98f6b6c5e8e3aa64f90e1b0\" style=\"color:#056892\">Regionales Update  <\/h3>\n\n<p>Verschaffen Sie sich einen \u00dcberblick \u00fcber die wichtigsten Entwicklungen und Chancen, die unsere Branche in ganz Nord- und S\u00fcdamerika pr\u00e4gen.  <\/p>\n\n<h4 class=\"wp-block-heading\">Technologie-Optimierungen<\/h4>\n\n<p>Im Laufe des letzten Jahres hat People2.0 unsere Technologieplattformen erheblich verbessert und damit die Interaktion f\u00fcr Kunden und Auftragnehmer optimiert. Zu unseren wichtigsten Optimierungen geh\u00f6ren:   <\/p>\n\n<ul class=\"wp-block-list\">\n<li><strong>Onboarding Dashboard<\/strong>&#8211; Echtzeit-Updates, die den Fortschritt der Mitarbeiter im Onboarding-Prozess f\u00fcr EOR- und AOR-Populationen anzeigen. Wenden Sie sich an Ihren Kundenbetreuer f\u00fcr eine Demonstration, wenn Sie Hilfe bei dieser Funktion ben\u00f6tigen.  <\/li>\n\n\n\n<li><strong>Verbesserte Integrationen<\/strong>&#8211; Upgrade der Fieldglass-Integration f\u00fcr iConnect auf unsere neue iConnect2-Plattform f\u00fcr die \u00dcberpr\u00fcfung von Arbeitnehmern in den USA und Kanada sowie automatische Zeiterfassung in People2.0-Systemen, wodurch manuelle Eingriffe reduziert werden.  <\/li>\n\n\n\n<li><strong>Multi-Faktor-Authentifizierung (MFA)<\/strong>&#8211; Unsere People2.0-Software, mit der Mitarbeiter Gehaltsabrechnungen und Steuerformulare einlesen und abrufen k\u00f6nnen, enth\u00e4lt jetzt MFA f\u00fcr mehr Sicherheit.  <\/li>\n<\/ul>\n\n<h4 class=\"wp-block-heading\">Erweiterungen der Dienstleistungen<\/h4>\n\n<ul class=\"wp-block-list\">\n<li><strong>Webinare zum Wissensaustausch<\/strong>&#8211; In diesem Jahr haben wir Webinare zu Themen wie Arbeitnehmerentsch\u00e4digung und Risiko, SPTO und andere gesetzliche Vorschriften, Mitarbeitererfahrungen und Arbeitnehmereinstufungen veranstaltet. <a href=\"https:\/\/www.people20.com\/de\/blog\/category\/webinar-de\/\">Die Inhalte fr\u00fcherer Webinare finden Sie hier<\/a>.  <\/li>\n\n\n\n<li><strong>Ergebnisse der Umfrage unter Auftragnehmern<\/strong>&#8211; Unsere halbj\u00e4hrliche Umfrage unter Auftragnehmern wurde k\u00fcrzlich abgeschlossen. Die Ergebnisse werden in K\u00fcrze bekannt gegeben und werden dazu beitragen, k\u00fcnftige Programmverbesserungen auf der Grundlage des anonymen Feedbacks von Vertragspartnern w\u00e4hrend ihres gesamten Auftragszyklus zu entwickeln.  <\/li>\n<\/ul>\n\n<h4 class=\"wp-block-heading\">Demn\u00e4chst verf\u00fcgbar<\/h4>\n\n<p class=\"has-text-color has-link-color wp-elements-714f3ea8cf297ed951cb9e724d85878f\" style=\"color:#037f9a\"><strong><strong><em>Neue People2.0-Website  <\/em><\/strong><\/strong><\/p>\n\n<p>Im Oktober dieses Jahres werden wir eine v\u00f6llig neu gestaltete Website einrichten, um Ihnen einen besseren Service zu bieten und Ihre Erfahrungen mit People2.0 zu optimieren.  <\/p>\n\n<p><strong>Was ist neu:<\/strong> <\/p>\n\n<ul class=\"wp-block-list\">\n<li>Frisches, professionelles Design mit verbesserter Navigation  <\/li>\n\n\n\n<li>Videoinhalte zur Erl\u00e4uterung unserer Dienstleistungen und Marktkenntnisse  <\/li>\n\n\n\n<li>Verbesserte Ressourcenbibliothek mit leichterem Zugang zu Leitf\u00e4den und Erkenntnissen  <\/li>\n\n\n\n<li>Einheitliche globale Plattform, die alle regionalen Standorte vereint  <\/li>\n<\/ul>\n\n<p><strong>Vorteile f\u00fcr Sie:<\/strong> <\/p>\n\n<ul class=\"wp-block-list\">\n<li>Schnellerer Zugriff auf die von Ihnen ben\u00f6tigten Informationen und Ressourcen  <\/li>\n\n\n\n<li>Besseres Verst\u00e4ndnis unserer umfassenden Serviceleistungen  <\/li>\n\n\n\n<li>Optimierte Erfahrung bei allen People2.0-Interaktionen  <\/li>\n\n\n\n<li>Verbesserte Selbstbedienungsoptionen f\u00fcr h\u00e4ufige Fragen  <\/li>\n<\/ul>\n\n<p>Die neue Website macht es einfacher denn je, auf unser Fachwissen zuzugreifen und die L\u00f6sungen zu finden, die Ihr Unternehmen voranbringen.  <\/p>\n\n<p class=\"has-text-color has-link-color wp-elements-a95b8f4e4ffd6e1e452d01f46ccdda9f\" style=\"color:#037f9a\"><strong><em>Kundenumfrage ab Oktober 2025  <\/em><\/strong><\/p>\n\n<p>Halten Sie Ausschau nach unserer Kundenumfrage, die Mitte Oktober ver\u00f6ffentlicht wird. Wie bei unserer Umfrage unter Auftragnehmern nutzen wir die Antworten und R\u00fcckmeldungen, um unsere Ziele zu formulieren und sicherzustellen, dass wir Ihnen den Service bieten, den Sie verdienen.   <\/p>\n\n<h3 class=\"wp-block-heading has-text-color has-link-color wp-elements-82695dc5b7b6c81fbdb3554a482b9bd4\" style=\"color:#056892\">Vereinigte Staaten<\/h3>\n\n<p>Bleiben Sie auf dem Laufenden mit unseren umfassenden Aktualisierungen zu Gesetzes\u00e4nderungen in den USA, Hinweisen zur Einhaltung von Vorschriften und bew\u00e4hrten Praktiken, die auf unsere amerikanischen Partner zugeschnitten sind.  <\/p>\n\n<h4 class=\"wp-block-heading\">Updates zur Gesetzgebung<\/h4>\n\n<p>Bleiben Sie auf dem Laufenden und informieren Sie sich \u00fcber die wichtigsten Gesetzes\u00e4nderungen, die das Personalmanagement in den USA betreffen.  <\/p>\n\n<h5 class=\"wp-block-heading\"><em>Washington: Umsatzsteuer auf Personaldienstleistungen<\/em><\/h5>\n\n<p><strong>G\u00fcltig ab 1. Oktober 2025<\/strong> <\/p>\n\n<p>Am 28. Juli 2025 gab das Finanzministerium von Washington bekannt, dass Zeitarbeitsfirmen ab dem 1. Oktober 2025 der Umsatzsteuer unterliegen werden. Die Umsatzsteuer des Bundesstaates Washington und der Gemeinden (ca. 7 % bis 10,6 %, je nach Standort) wird auf Zeitarbeitsleistungen erhoben. J\u00fcngste vorl\u00e4ufige Richtlinien besagen, dass Vertr\u00e4ge, die vor dem 1. Oktober 2025 abgeschlossen werden, die Erhebung der Umsatzsteuer bis zum 1. April 2026 aufschieben k\u00f6nnen. Die Umsatzsteuer wird auf den vollen Rechnungsbetrag erhoben. Dienstleistungen, die f\u00fcr zugelassene Krankenh\u00e4user erbracht werden, bleiben von der Umsatzsteuer befreit.      <\/p>\n\n<p>Weitere Informationen erhalten Sie beim <a href=\"https:\/\/dor.wa.gov\/forms-publications\/publications-subject\/special-notices\/temporary-staffing-services-now-subject-sales-tax\" target=\"_blank\" rel=\"noreferrer noopener\">Finanzministerium von Washington<\/a>.  <\/p>\n\n<h5 class=\"wp-block-heading\"><em>Maine: Bezahlter Urlaub &#8211; \u00c4nderung<\/em><\/h5>\n\n<p><strong><strong>G\u00fcltig ab 24. September 2025<\/strong> <\/strong><\/p>\n\n<p>Am 1. Juli 2025 unterzeichnete die Gouverneurin von Maine, Janet Mills, das Gesetz LD 55, mit dem das Gesetz \u00fcber den bezahlten Urlaub ge\u00e4ndert wird. Durch die neue \u00c4nderung wird das maximale Urlaubsguthaben von derzeit 40 Stunden auf 80 Stunden pro Zeiteinheit erh\u00f6ht.  Wenn Sie Fragen haben, wenden Sie sich bitte an die People2.0-Personalabteilung.  <\/p>\n\n<p>Weitere Einzelheiten finden Sie im <a href=\"https:\/\/legiscan.com\/ME\/amendment\/LD55\/id\/256460\" target=\"_blank\" rel=\"noreferrer noopener\">Legislative Information System von Maine<\/a>.  <\/p>\n\n<h5 class=\"wp-block-heading\"><em>Maine: Gesetz \u00fcber die Meldezeitverg\u00fctung<\/em><\/h5>\n\n<p><strong>G\u00fcltig ab 24. September 2025<\/strong> <\/p>\n\n<p>Die Gouverneurin des Bundesstaates Maine, Janet Mills, hat am 24. Juni 2025 das neue Gesetz \u00fcber die Bezahlung von Meldezeiten (LD 598) in Kraft gesetzt. Mit sofortiger Wirkung schreibt das Gesetz vor, dass Arbeitgeber Arbeitnehmern mindestens vier Stunden Lohn zu ihrem regul\u00e4ren Satz zahlen m\u00fcssen, wenn sie sich planm\u00e4\u00dfig zur Arbeit melden, aber aufgrund von Arbeitsmangel oder anderen betrieblichen Entscheidungen vorzeitig entlassen werden.   <\/p>\n\n<p>Dieses Gesetz gilt f\u00fcr stundenweise Besch\u00e4ftigte, die sich physisch am Arbeitsplatz einfinden, sowie f\u00fcr Situationen, in denen der Besch\u00e4ftigte nach Hause geschickt wird, ohne seine gesamte geplante Schicht zu leisten. Zu den Ausnahmen geh\u00f6ren witterungsbedingte Schlie\u00dfungen oder Notf\u00e4lle, von Arbeitnehmern beantragte \u00c4nderungen des Arbeitsplans und im Voraus geplante Bereitschaftsschichten, bei denen keine Arbeit zugewiesen wird.   <\/p>\n\n<p>Lesen Sie die vollst\u00e4ndige Zusammenfassung des Gesetzentwurfs auf der <a href=\"https:\/\/legislature.maine.gov\/opla\/bill-and-enacted-law-summaries-2025-2026-132nd-legislature\/12551\" target=\"_blank\" rel=\"noreferrer noopener\">Website der Legislative von Maine<\/a>.  <\/p>\n\n<h5 class=\"wp-block-heading\"><em>Oregon: OFLA-\u00c4nderungen<\/em><\/h5>\n\n<p><strong><strong>G\u00fcltig ab 26. September 2025<\/strong> <\/strong><\/p>\n\n<p>Nach dem OFLA kann ein Arbeitnehmer unbezahlten Urlaub nehmen, um ein Kind zu betreuen, das aufgrund von Krankheit, Verletzung oder Schlie\u00dfung der Schule oder Kinderbetreuung betreut werden muss. Das ge\u00e4nderte Gesetz definiert &#8222;Kind&#8220; f\u00fcr Urlaubszwecke als das Kind eines Arbeitnehmers, das unter 18 Jahre alt ist oder das durch eine k\u00f6rperliche oder geistige Beeintr\u00e4chtigung wesentlich eingeschr\u00e4nkt ist, die als Behinderung im Sinne des OFLA gelten w\u00fcrde.   <\/p>\n\n<p>Nach dem Arbeitsschutzgesetz kann ein Arbeitnehmer unter bestimmten Umst\u00e4nden unbezahlten Urlaub nehmen, ohne den Arbeitgeber vorher zu informieren. Wird der Urlaub genommen, um ein Kind zu betreuen, weil eine Schule oder eine Kinderbetreuungseinrichtung geschlossen ist, erlaubt das ge\u00e4nderte Gesetz einen solchen Urlaub ohne vorherige Ank\u00fcndigung, es sei denn, die Schlie\u00dfung ist auf einen Notfall im Bereich der \u00f6ffentlichen Gesundheit zur\u00fcckzuf\u00fchren, der vom Gouverneur mindestens 30 Tage vor Beginn des Urlaubs erkl\u00e4rt wurde.   <\/p>\n\n<p>Um sich f\u00fcr einen Urlaub nach dem OFLA zu qualifizieren, muss ein Angestellter in den 180 Tagen unmittelbar vor Beginn des Urlaubs durchschnittlich 25 Stunden oder mehr arbeiten. Das ge\u00e4nderte Gesetz sieht eine Ausnahme von dieser OFLA-Anspruchsvoraussetzung f\u00fcr Flugpersonal vor, das in Oregon ans\u00e4ssig ist, den f\u00fcr Flugpersonal geltenden Bundesvorschriften unterliegt und die Bundesanforderungen an die Arbeitsstunden erf\u00fcllt.   <\/p>\n\n<p>Lesen Sie die vollst\u00e4ndige Gesetzgebung im <a href=\"https:\/\/olis.oregonlegislature.gov\/liz\/2025R1\/Measures\/Overview\/SB69\" target=\"_blank\" rel=\"noreferrer noopener\">Oregon&#8217;s Legislative Information System<\/a>.  <\/p>\n\n<h5 class=\"wp-block-heading\"><em>Oregon: Ausweitung des bezahlten Krankheitsurlaubs<\/em><\/h5>\n\n<p><strong>G\u00fcltig ab 26. September 2025<\/strong> <\/p>\n\n<p>Nach staatlichem Recht k\u00f6nnen Arbeitnehmer die Krankheitszeiten aus einer Reihe von Gr\u00fcnden in Anspruch nehmen, darunter auch f\u00fcr Zwecke, die nach dem Arbeitsschutzgesetz zul\u00e4ssig sind. Das ge\u00e4nderte Gesetz legt fest, dass Krankheitszeiten auch f\u00fcr jeden qualifizierenden Zweck im Rahmen des Arbeitsschutzgesetzes genutzt werden k\u00f6nnen. Wie bei anderen Krankheitszeiten, die an mehr als drei aufeinanderfolgenden Arbeitstagen in Anspruch genommen werden, kann ein Arbeitgeber einen Nachweis von einem Gesundheitsdienstleister verlangen, wenn die Krankheitszeiten f\u00fcr einen nach dem Arbeitsschutzgesetz zul\u00e4ssigen Zweck genutzt werden.    <\/p>\n\n<p>Lesen Sie die vollst\u00e4ndige Gesetzgebung im <a href=\"https:\/\/olis.oregonlegislature.gov\/liz\/2025R1\/Measures\/Overview\/SB69\" target=\"_blank\" rel=\"noreferrer noopener\">Oregon&#8217;s Legislative Information System<\/a>.  <\/p>\n\n<h4 class=\"wp-block-heading\">Mahnungen<\/h4>\n\n<p>Beachten Sie diese wichtigen Punkte, um einen reibungslosen Betrieb und die Einhaltung der Vorschriften zu gew\u00e4hrleisten.  <\/p>\n\n<h5 class=\"wp-block-heading\"><em>Maine Background Checks f\u00fcr Pflegeberufe  <\/em><\/h5>\n\n<p>Gesundheitsagenturen m\u00fcssen sofortige Hintergrund\u00fcberpr\u00fcfungen durch das Maine&#8217;s Background Check Center f\u00fcr Pflegeberufe (RN, LVN, CNA, AR) durchf\u00fchren. Das Verfahren ist kostenlos und erfordert keine Registrierung.   <\/p>\n\n<p>F\u00fchren Sie die erforderlichen Hintergrund\u00fcberpr\u00fcfungen im <a href=\"https:\/\/backgroundcheck.maine.gov\/dhhs\/mbc\/Services\/QuickBackgroundCheck\" target=\"_blank\" rel=\"noreferrer noopener\">Maine&#8217;s Background Check Center<\/a> durch.  <\/p>\n\n<h3 class=\"wp-block-heading has-text-color has-link-color wp-elements-d817d05a1d8433167df8888e1ca01c4a\" style=\"color:#056892\">Abteilung Spotlight: Kundendienste<\/h3>\n\n<p>Das Client Services Team spielt eine entscheidende Rolle bei der Erreichung unserer Gesamtziele f\u00fcr Kundenbindung und -zufriedenheit. Wir sind Ihr Hauptansprechpartner f\u00fcr Serviceanforderungen und Support-Eskalationen. Unsere Aufgabe ist es, starke Beziehungen aufzubauen, ein sinnvolles Engagement aufrechtzuerhalten und M\u00f6glichkeiten zur Verbesserung Ihrer People2.0-Erfahrung zu identifizieren.    <\/p>\n\n<p><strong>Unser Fokus<\/strong> <\/p>\n\n<p>Wir unterst\u00fctzen Ihre Personalstrategie und helfen Ihnen bei der Einhaltung komplexer Compliance-Anforderungen. Wir arbeiten daran, Ihre einzigartigen organisatorischen Anforderungen zu verstehen und bieten ma\u00dfgeschneiderte L\u00f6sungen, die mit Ihren Gesch\u00e4ftszielen \u00fcbereinstimmen.   <\/p>\n\n<p><strong>T\u00e4gliche Priorit\u00e4ten<\/strong> <\/p>\n\n<p>Wir koordinieren nahtlos die Arbeit unserer Expertenteams, um Ihre Erwartungen zu \u00fcbertreffen. Wir sind den regulatorischen \u00c4nderungen und den Entwicklungen in der Branche immer einen Schritt voraus, um Sie zu informieren und auf die sich ver\u00e4ndernden Herausforderungen im Personalmanagement vorzubereiten.   <\/p>\n\n<p><strong>Service-Ansatz<\/strong> <\/p>\n\n<p>Jeder Vertreter verwaltet strategische Unternehmensbeziehungen, aber unsere gesamte Abteilung arbeitet zusammen, um sicherzustellen, dass Sie von unserem gemeinsamen Fachwissen profitieren. Wir verfolgen einen proaktiven Ansatz, um M\u00f6glichkeiten zu identifizieren, die die Effektivit\u00e4t Ihres Programms und die Einhaltung der Vorschriften verbessern k\u00f6nnen.   <\/p>\n\n<h3 class=\"wp-block-heading has-text-color has-link-color wp-elements-7f51d8fea54241a09adffab6d8df0ff4\" style=\"color:#056892\">Verbunden bleiben<\/h3>\n\n<p>Wir sind f\u00fcr Sie da, um Sie bei jedem Schritt auf Ihrem Weg zum Erfolg zu unterst\u00fctzen. Wenn Sie Fragen zu den Informationen in diesem Newsletter haben oder Unterst\u00fctzung bei einem Aspekt Ihres Workforce Managements ben\u00f6tigen, z\u00f6gern Sie bitte nicht, sich an Ihren zust\u00e4ndigen Client Services Vertreter zu wenden. Wir danken Ihnen f\u00fcr Ihre kontinuierliche Partnerschaft und freuen uns darauf, Sie bei der Erreichung Ihrer Ziele im kommenden Quartal zu unterst\u00fctzen.    <\/p>\n","protected":false},"excerpt":{"rendered":"<p>Willkommen zum viertelj\u00e4hrlichen Newsletter von People2.0 Americas. In dieser Ausgabe finden Sie wichtige Updates, Veranstaltungen und Ressourcen, die Ihnen helfen, sich in der sich st\u00e4ndig ver\u00e4ndernden Talentlandschaft zurechtzufinden. Als Ihr vertrauensw\u00fcrdiger Partner sind wir bestrebt, Sie auf dem Laufenden zu halten und Sie zu bef\u00e4higen, erfolgreich zu sein. Regionales Update Verschaffen Sie sich einen \u00dcberblick [&hellip;]<\/p>\n","protected":false},"author":3,"featured_media":22447,"parent":0,"menu_order":0,"comment_status":"closed","ping_status":"closed","template":"","meta":{"_acf_changed":false,"content-type":"","footnotes":""},"class_list":["post-31688","page","type-page","status-publish","has-post-thumbnail","hentry"],"acf":[],"yoast_head":"<!-- This site is optimized with the Yoast SEO plugin v27.3 - https:\/\/yoast.com\/product\/yoast-seo-wordpress\/ -->\n<title>Americas Partner Newsletter Q3 2025 Unternehmen &#8211; People2.0 | Global<\/title>\n<meta name=\"robots\" content=\"noindex, nofollow\" \/>\n<meta property=\"og:locale\" content=\"de_DE\" \/>\n<meta property=\"og:type\" content=\"article\" \/>\n<meta property=\"og:title\" content=\"Americas Partner Newsletter Q3 2025 Unternehmen &#8211; People2.0 | Global\" \/>\n<meta property=\"og:description\" content=\"Willkommen zum viertelj\u00e4hrlichen Newsletter von People2.0 Americas. In dieser Ausgabe finden Sie wichtige Updates, Veranstaltungen und Ressourcen, die Ihnen helfen, sich in der sich st\u00e4ndig ver\u00e4ndernden Talentlandschaft zurechtzufinden. Als Ihr vertrauensw\u00fcrdiger Partner sind wir bestrebt, Sie auf dem Laufenden zu halten und Sie zu bef\u00e4higen, erfolgreich zu sein. Regionales Update Verschaffen Sie sich einen \u00dcberblick [&hellip;]\" \/>\n<meta property=\"og:url\" content=\"https:\/\/www.people20.com\/de\/americas-partner-newsletter-q3-2025-enterprise\/\" \/>\n<meta property=\"og:site_name\" content=\"People2.0 | Global\" \/>\n<meta property=\"article:modified_time\" content=\"2026-02-27T16:29:31+00:00\" \/>\n<meta property=\"og:image\" content=\"https:\/\/www.people20.com\/wp-content\/uploads\/2025\/09\/default-featured-blog-image-e1759425826602.png\" \/>\n\t<meta property=\"og:image:width\" content=\"2000\" \/>\n\t<meta property=\"og:image:height\" content=\"1350\" \/>\n\t<meta property=\"og:image:type\" content=\"image\/png\" \/>\n<meta name=\"twitter:card\" content=\"summary_large_image\" \/>\n<meta name=\"twitter:label1\" content=\"Gesch\u00e4tzte Lesezeit\" \/>\n\t<meta name=\"twitter:data1\" content=\"7 Minuten\" \/>\n<!-- \/ Yoast SEO plugin. -->","yoast_head_json":{"title":"Americas Partner Newsletter Q3 2025 Unternehmen &#8211; People2.0 | Global","robots":{"index":"noindex","follow":"nofollow"},"og_locale":"de_DE","og_type":"article","og_title":"Americas Partner Newsletter Q3 2025 Unternehmen &#8211; People2.0 | Global","og_description":"Willkommen zum viertelj\u00e4hrlichen Newsletter von People2.0 Americas. In dieser Ausgabe finden Sie wichtige Updates, Veranstaltungen und Ressourcen, die Ihnen helfen, sich in der sich st\u00e4ndig ver\u00e4ndernden Talentlandschaft zurechtzufinden. Als Ihr vertrauensw\u00fcrdiger Partner sind wir bestrebt, Sie auf dem Laufenden zu halten und Sie zu bef\u00e4higen, erfolgreich zu sein. Regionales Update Verschaffen Sie sich einen \u00dcberblick [&hellip;]","og_url":"https:\/\/www.people20.com\/de\/americas-partner-newsletter-q3-2025-enterprise\/","og_site_name":"People2.0 | Global","article_modified_time":"2026-02-27T16:29:31+00:00","og_image":[{"width":2000,"height":1350,"url":"https:\/\/www.people20.com\/wp-content\/uploads\/2025\/09\/default-featured-blog-image-e1759425826602.png","type":"image\/png"}],"twitter_card":"summary_large_image","twitter_misc":{"Gesch\u00e4tzte Lesezeit":"7 Minuten"},"schema":{"@context":"https:\/\/schema.org","@graph":[{"@type":"WebPage","@id":"https:\/\/www.people20.com\/de\/americas-partner-newsletter-q3-2025-enterprise\/","url":"https:\/\/www.people20.com\/de\/americas-partner-newsletter-q3-2025-enterprise\/","name":"Americas Partner Newsletter Q3 2025 Unternehmen &#8211; People2.0 | Global","isPartOf":{"@id":"https:\/\/www.people20.com\/de\/#website"},"primaryImageOfPage":{"@id":"https:\/\/www.people20.com\/de\/americas-partner-newsletter-q3-2025-enterprise\/#primaryimage"},"image":{"@id":"https:\/\/www.people20.com\/de\/americas-partner-newsletter-q3-2025-enterprise\/#primaryimage"},"thumbnailUrl":"https:\/\/www.people20.com\/wp-content\/uploads\/2025\/09\/default-featured-blog-image-e1759425826602.png","datePublished":"2025-10-09T19:35:50+00:00","dateModified":"2026-02-27T16:29:31+00:00","breadcrumb":{"@id":"https:\/\/www.people20.com\/de\/americas-partner-newsletter-q3-2025-enterprise\/#breadcrumb"},"inLanguage":"de","potentialAction":[{"@type":"ReadAction","target":["https:\/\/www.people20.com\/de\/americas-partner-newsletter-q3-2025-enterprise\/"]}]},{"@type":"ImageObject","inLanguage":"de","@id":"https:\/\/www.people20.com\/de\/americas-partner-newsletter-q3-2025-enterprise\/#primaryimage","url":"https:\/\/www.people20.com\/wp-content\/uploads\/2025\/09\/default-featured-blog-image-e1759425826602.png","contentUrl":"https:\/\/www.people20.com\/wp-content\/uploads\/2025\/09\/default-featured-blog-image-e1759425826602.png","width":2000,"height":1350},{"@type":"BreadcrumbList","@id":"https:\/\/www.people20.com\/de\/americas-partner-newsletter-q3-2025-enterprise\/#breadcrumb","itemListElement":[{"@type":"ListItem","position":1,"name":"Home","item":"https:\/\/www.people20.com\/de\/home\/"},{"@type":"ListItem","position":2,"name":"Americas Partner Newsletter Q3 2025 Unternehmen"}]},{"@type":"WebSite","@id":"https:\/\/www.people20.com\/de\/#website","url":"https:\/\/www.people20.com\/de\/","name":"People2.0 | Global","description":"Global employment, simplified.","publisher":{"@id":"https:\/\/www.people20.com\/de\/#organization"},"potentialAction":[{"@type":"SearchAction","target":{"@type":"EntryPoint","urlTemplate":"https:\/\/www.people20.com\/de\/?s={search_term_string}"},"query-input":{"@type":"PropertyValueSpecification","valueRequired":true,"valueName":"search_term_string"}}],"inLanguage":"de"},{"@type":"Organization","@id":"https:\/\/www.people20.com\/de\/#organization","name":"People2.0 | Global","url":"https:\/\/www.people20.com\/de\/","logo":{"@type":"ImageObject","inLanguage":"de","@id":"https:\/\/www.people20.com\/de\/#\/schema\/logo\/image\/","url":"https:\/\/www.people20.com\/wp-content\/uploads\/2025\/05\/people20-logo.svg","contentUrl":"https:\/\/www.people20.com\/wp-content\/uploads\/2025\/05\/people20-logo.svg","caption":"People2.0 | Global"},"image":{"@id":"https:\/\/www.people20.com\/de\/#\/schema\/logo\/image\/"}}]}},"_links":{"self":[{"href":"https:\/\/www.people20.com\/de\/wp-json\/wp\/v2\/pages\/31688","targetHints":{"allow":["GET"]}}],"collection":[{"href":"https:\/\/www.people20.com\/de\/wp-json\/wp\/v2\/pages"}],"about":[{"href":"https:\/\/www.people20.com\/de\/wp-json\/wp\/v2\/types\/page"}],"author":[{"embeddable":true,"href":"https:\/\/www.people20.com\/de\/wp-json\/wp\/v2\/users\/3"}],"replies":[{"embeddable":true,"href":"https:\/\/www.people20.com\/de\/wp-json\/wp\/v2\/comments?post=31688"}],"version-history":[{"count":5,"href":"https:\/\/www.people20.com\/de\/wp-json\/wp\/v2\/pages\/31688\/revisions"}],"predecessor-version":[{"id":37828,"href":"https:\/\/www.people20.com\/de\/wp-json\/wp\/v2\/pages\/31688\/revisions\/37828"}],"wp:featuredmedia":[{"embeddable":true,"href":"https:\/\/www.people20.com\/de\/wp-json\/wp\/v2\/media\/22447"}],"wp:attachment":[{"href":"https:\/\/www.people20.com\/de\/wp-json\/wp\/v2\/media?parent=31688"}],"curies":[{"name":"wp","href":"https:\/\/api.w.org\/{rel}","templated":true}]}}